{"id":4668,"date":"2025-02-18T16:05:57","date_gmt":"2025-02-18T19:05:57","guid":{"rendered":"https:\/\/deportesram.cl\/?post_type=product&#038;p=4668"},"modified":"2025-08-20T21:47:06","modified_gmt":"2025-08-21T01:47:06","slug":"balon-basquetbol-wilson-3x3","status":"publish","type":"product","link":"https:\/\/deportesram.cl\/es_es\/producto\/balon-basquetbol-wilson-3x3\/","title":{"rendered":"Bal\u00f3n Basquetbol Wilson 3&#215;3"},"content":{"rendered":"<p>Exterior: Caucho Pu Microfibra<br \/>\nInterior: 4 mallas (Fibra de Nylon)<br \/>\nCostura: A mano<br \/>\nSuperficie: Pasto Natural \/ Sint\u00e9tico<br \/>\nBote: Alto<br \/>\nPeso: 400 a 450 gr<br \/>\nCircunferencia: 68 a 70 cm<\/p>\n","protected":false},"excerpt":{"rendered":"<p>3&#215;3 es el juego de elecci\u00f3n en los patios de recreo y canchas de todo el mundo. Y Wilson tiene una pelota construida para la velocidad y la emoci\u00f3n del juego. Hemos emparejado nuestra tecnolog\u00eda patentada Wave Triple Threat con una especificaci\u00f3n de bola m\u00e1s peque\u00f1a para dise\u00f1ar una pelota de baloncesto con el tipo de agarre y controlar la energ\u00eda de las demandas del juego 3&#215;3.<\/p>\n","protected":false},"featured_media":4669,"template":"","meta":[],"product_brand":[],"product_cat":[559,558],"product_tag":[],"class_list":{"0":"post-4668","1":"product","2":"type-product","3":"status-publish","4":"has-post-thumbnail","6":"product_cat-balones","7":"product_cat-basquetbol","9":"first","10":"outofstock","11":"taxable","12":"shipping-taxable","13":"purchasable","14":"product-type-simple"},"wc_booster_product_categories":[{"id":559,"name":"Balones"},{"id":558,"name":"B\u00e1squetbol"}],"wc_booster_product_price":"<span class=\"woocommerce-Price-amount amount\"><bdi><span class=\"woocommerce-Price-currencySymbol\">&#36;<\/span>55.990<\/bdi><\/span> <small class=\"woocommerce-price-suffix\">IVA Incluido<\/small>","wc_booster_product_rating":"","wc_booster_product_banner_img":false,"wc_booster_product_reviews":[],"wc_booster_product_stock_data":{"manage_stock":true,"total_stock":0,"sold_stock":1},"_links":{"self":[{"href":"https:\/\/deportesram.cl\/es_es\/wp-json\/wp\/v2\/product\/4668","targetHints":{"allow":["GET"]}}],"collection":[{"href":"https:\/\/deportesram.cl\/es_es\/wp-json\/wp\/v2\/product"}],"about":[{"href":"https:\/\/deportesram.cl\/es_es\/wp-json\/wp\/v2\/types\/product"}],"wp:featuredmedia":[{"embeddable":true,"href":"https:\/\/deportesram.cl\/es_es\/wp-json\/wp\/v2\/media\/4669"}],"wp:attachment":[{"href":"https:\/\/deportesram.cl\/es_es\/wp-json\/wp\/v2\/media?parent=4668"}],"wp:term":[{"taxonomy":"product_brand","embeddable":true,"href":"https:\/\/deportesram.cl\/es_es\/wp-json\/wp\/v2\/product_brand?post=4668"},{"taxonomy":"product_cat","embeddable":true,"href":"https:\/\/deportesram.cl\/es_es\/wp-json\/wp\/v2\/product_cat?post=4668"},{"taxonomy":"product_tag","embeddable":true,"href":"https:\/\/deportesram.cl\/es_es\/wp-json\/wp\/v2\/product_tag?post=4668"}],"curies":[{"name":"wp","href":"https:\/\/api.w.org\/{rel}","templated":true}]}}