{"id":4681,"date":"2025-02-18T18:18:52","date_gmt":"2025-02-18T21:18:52","guid":{"rendered":"https:\/\/deportesram.cl\/?post_type=product&#038;p=4681"},"modified":"2025-08-15T16:29:53","modified_gmt":"2025-08-15T20:29:53","slug":"balon-basquetbol-wilson-nba-forge-n6","status":"publish","type":"product","link":"https:\/\/deportesram.cl\/es_es\/producto\/balon-basquetbol-wilson-nba-forge-n6\/","title":{"rendered":"Bal\u00f3n Basquetbol Wilson NBA FORGE N6"},"content":{"rendered":"<p style=\"font-weight: 400;\">Lleva tu juego a cualquier parte con el basquetbol Forge de la NBA de Wilson.\u00a0La cubierta Pure Feel de alto rendimiento hace que esta pelota sea duradera en canchas cubiertas y al aire libre.\u00a0NBA Pro Seams est\u00e1 hecho para el juego de hoy.\u00a0El forro de retenci\u00f3n de inflaci\u00f3n garantiza un rebote constante durante la vida \u00fatil de la pelota.<\/p>\n<ul style=\"font-weight: 400;\">\n<li>CUBIERTA PURE FEEL: sensaci\u00f3n y durabilidad de nivel profesional<\/li>\n<li>RETENCI\u00d3N DE AIRE: el forro de retenci\u00f3n de inflaci\u00f3n crea una retenci\u00f3n de aire m\u00e1s duradera<\/li>\n<li>NBA PRO SEAMS: nueva construcci\u00f3n de canal adaptada a las preferencias del jugador<\/li>\n<li>OFICIAL DE LA NBA: Wilson es el basquetbol oficial de la NBA.\u00a0Esta pelota presenta la marca oficial de la NBA junto con el ic\u00f3nico gui\u00f3n de Wilson.<\/li>\n<\/ul>\n","protected":false},"excerpt":{"rendered":"<p>Lleva tu juego a cualquier parte con el basquetbol Forge de la NBA de Wilson.\u00a0La cubierta Pure Feel de alto rendimiento hace que esta pelota sea duradera en canchas cubiertas y al aire libre.\u00a0NBA Pro Seams est\u00e1 hecho para el juego de hoy.\u00a0El forro de retenci\u00f3n de inflaci\u00f3n garantiza un rebote constante durante la vida [&hellip;]<\/p>\n","protected":false},"featured_media":4682,"template":"","meta":[],"product_brand":[],"product_cat":[559,558],"product_tag":[],"class_list":{"0":"post-4681","1":"product","2":"type-product","3":"status-publish","4":"has-post-thumbnail","6":"product_cat-balones","7":"product_cat-basquetbol","9":"first","10":"outofstock","11":"taxable","12":"shipping-taxable","13":"purchasable","14":"product-type-simple"},"wc_booster_product_categories":[{"id":559,"name":"Balones"},{"id":558,"name":"B\u00e1squetbol"}],"wc_booster_product_price":"<span class=\"woocommerce-Price-amount amount\"><bdi><span class=\"woocommerce-Price-currencySymbol\">&#36;<\/span>38.990<\/bdi><\/span> <small class=\"woocommerce-price-suffix\">IVA Incluido<\/small>","wc_booster_product_rating":"","wc_booster_product_banner_img":false,"wc_booster_product_reviews":[],"wc_booster_product_stock_data":{"manage_stock":false,"total_stock":null,"sold_stock":0},"_links":{"self":[{"href":"https:\/\/deportesram.cl\/es_es\/wp-json\/wp\/v2\/product\/4681","targetHints":{"allow":["GET"]}}],"collection":[{"href":"https:\/\/deportesram.cl\/es_es\/wp-json\/wp\/v2\/product"}],"about":[{"href":"https:\/\/deportesram.cl\/es_es\/wp-json\/wp\/v2\/types\/product"}],"wp:featuredmedia":[{"embeddable":true,"href":"https:\/\/deportesram.cl\/es_es\/wp-json\/wp\/v2\/media\/4682"}],"wp:attachment":[{"href":"https:\/\/deportesram.cl\/es_es\/wp-json\/wp\/v2\/media?parent=4681"}],"wp:term":[{"taxonomy":"product_brand","embeddable":true,"href":"https:\/\/deportesram.cl\/es_es\/wp-json\/wp\/v2\/product_brand?post=4681"},{"taxonomy":"product_cat","embeddable":true,"href":"https:\/\/deportesram.cl\/es_es\/wp-json\/wp\/v2\/product_cat?post=4681"},{"taxonomy":"product_tag","embeddable":true,"href":"https:\/\/deportesram.cl\/es_es\/wp-json\/wp\/v2\/product_tag?post=4681"}],"curies":[{"name":"wp","href":"https:\/\/api.w.org\/{rel}","templated":true}]}}