{"id":4697,"date":"2025-02-19T15:34:28","date_gmt":"2025-02-19T18:34:28","guid":{"rendered":"https:\/\/deportesram.cl\/?post_type=product&#038;p=4697"},"modified":"2025-11-28T13:13:49","modified_gmt":"2025-11-28T16:13:49","slug":"balin-esponja-pu-7-voley-amarillo-azul","status":"publish","type":"product","link":"https:\/\/deportesram.cl\/es_es\/producto\/balin-esponja-pu-7-voley-amarillo-azul\/","title":{"rendered":"Balon Esponja PU 7&#8243; VOLEY  AMARILLO\/AZUL"},"content":{"rendered":"<ul>\n<li><strong>Bal\u00f3n soft de PU.<\/strong><\/li>\n<li><strong>No inflable.<\/strong><\/li>\n<li><strong>No t\u00f3xico.<\/strong><\/li>\n<li><strong>Amigable con el medio ambiente.<\/strong><\/li>\n<li><strong>Ideal para liberar estr\u00e9s, jugar y hacer deporte.<\/strong><\/li>\n<\/ul>\n","protected":false},"excerpt":{"rendered":"<p>Bal\u00f3n soft de PU. No inflable. No t\u00f3xico. Amigable con el medio ambiente. Ideal para liberar estr\u00e9s, jugar y hacer deporte.<\/p>\n","protected":false},"featured_media":4698,"template":"","meta":[],"product_brand":[],"product_cat":[664,663],"product_tag":[],"class_list":{"0":"post-4697","1":"product","2":"type-product","3":"status-publish","4":"has-post-thumbnail","6":"product_cat-balones-voleibol","7":"product_cat-voleibol","9":"first","10":"outofstock","11":"taxable","12":"shipping-taxable","13":"purchasable","14":"product-type-simple"},"wc_booster_product_categories":[{"id":664,"name":"Balones"},{"id":663,"name":"Voleibol"}],"wc_booster_product_price":"<span class=\"woocommerce-Price-amount amount\"><bdi><span class=\"woocommerce-Price-currencySymbol\">&#36;<\/span>8.990<\/bdi><\/span> <small class=\"woocommerce-price-suffix\">IVA Incluido<\/small>","wc_booster_product_rating":"","wc_booster_product_banner_img":false,"wc_booster_product_reviews":[],"wc_booster_product_stock_data":{"manage_stock":true,"total_stock":0,"sold_stock":0},"_links":{"self":[{"href":"https:\/\/deportesram.cl\/es_es\/wp-json\/wp\/v2\/product\/4697","targetHints":{"allow":["GET"]}}],"collection":[{"href":"https:\/\/deportesram.cl\/es_es\/wp-json\/wp\/v2\/product"}],"about":[{"href":"https:\/\/deportesram.cl\/es_es\/wp-json\/wp\/v2\/types\/product"}],"wp:featuredmedia":[{"embeddable":true,"href":"https:\/\/deportesram.cl\/es_es\/wp-json\/wp\/v2\/media\/4698"}],"wp:attachment":[{"href":"https:\/\/deportesram.cl\/es_es\/wp-json\/wp\/v2\/media?parent=4697"}],"wp:term":[{"taxonomy":"product_brand","embeddable":true,"href":"https:\/\/deportesram.cl\/es_es\/wp-json\/wp\/v2\/product_brand?post=4697"},{"taxonomy":"product_cat","embeddable":true,"href":"https:\/\/deportesram.cl\/es_es\/wp-json\/wp\/v2\/product_cat?post=4697"},{"taxonomy":"product_tag","embeddable":true,"href":"https:\/\/deportesram.cl\/es_es\/wp-json\/wp\/v2\/product_tag?post=4697"}],"curies":[{"name":"wp","href":"https:\/\/api.w.org\/{rel}","templated":true}]}}