{"id":4704,"date":"2025-02-19T15:56:59","date_gmt":"2025-02-19T18:56:59","guid":{"rendered":"https:\/\/deportesram.cl\/?post_type=product&#038;p=4704"},"modified":"2025-08-19T16:29:48","modified_gmt":"2025-08-19T20:29:48","slug":"cajon-pliometrico-40x50x60-cm","status":"publish","type":"product","link":"https:\/\/deportesram.cl\/es_es\/producto\/cajon-pliometrico-40x50x60-cm\/","title":{"rendered":"Caj\u00f3n Pliom\u00e9trico 40X50X60 CM"},"content":{"rendered":"<p><strong>Caj\u00f3n crossfit fabricado en madera terciado de 18 mm. Con refuerzos por dentro del caj\u00f3n para dar mayor rigidez y resistencia al uso continuo.<\/strong><\/p>\n<p><strong>medidas ;<\/strong><br \/>\n<strong>40x50x60 cm<\/strong><\/p>\n","protected":false},"excerpt":{"rendered":"<p>Caj\u00f3n crossfit fabricado en madera terciado de 18 mm. Con refuerzos por dentro del caj\u00f3n para dar mayor rigidez y resistencia al uso continuo. medidas ; 40x50x60 cm<\/p>\n","protected":false},"featured_media":4706,"template":"","meta":[],"product_brand":[],"product_cat":[576,582],"product_tag":[],"class_list":{"0":"post-4704","1":"product","2":"type-product","3":"status-publish","4":"has-post-thumbnail","6":"product_cat-crossfit","7":"product_cat-pesas-y-accesorios","9":"first","10":"outofstock","11":"taxable","12":"shipping-taxable","13":"purchasable","14":"product-type-simple"},"wc_booster_product_categories":[{"id":576,"name":"Crossfit"},{"id":582,"name":"Pesas y Accesorios"}],"wc_booster_product_price":"<span class=\"woocommerce-Price-amount amount\"><bdi><span class=\"woocommerce-Price-currencySymbol\">&#36;<\/span>79.990<\/bdi><\/span> <small class=\"woocommerce-price-suffix\">IVA Incluido<\/small>","wc_booster_product_rating":"","wc_booster_product_banner_img":false,"wc_booster_product_reviews":[],"wc_booster_product_stock_data":{"manage_stock":false,"total_stock":null,"sold_stock":0},"_links":{"self":[{"href":"https:\/\/deportesram.cl\/es_es\/wp-json\/wp\/v2\/product\/4704","targetHints":{"allow":["GET"]}}],"collection":[{"href":"https:\/\/deportesram.cl\/es_es\/wp-json\/wp\/v2\/product"}],"about":[{"href":"https:\/\/deportesram.cl\/es_es\/wp-json\/wp\/v2\/types\/product"}],"wp:featuredmedia":[{"embeddable":true,"href":"https:\/\/deportesram.cl\/es_es\/wp-json\/wp\/v2\/media\/4706"}],"wp:attachment":[{"href":"https:\/\/deportesram.cl\/es_es\/wp-json\/wp\/v2\/media?parent=4704"}],"wp:term":[{"taxonomy":"product_brand","embeddable":true,"href":"https:\/\/deportesram.cl\/es_es\/wp-json\/wp\/v2\/product_brand?post=4704"},{"taxonomy":"product_cat","embeddable":true,"href":"https:\/\/deportesram.cl\/es_es\/wp-json\/wp\/v2\/product_cat?post=4704"},{"taxonomy":"product_tag","embeddable":true,"href":"https:\/\/deportesram.cl\/es_es\/wp-json\/wp\/v2\/product_tag?post=4704"}],"curies":[{"name":"wp","href":"https:\/\/api.w.org\/{rel}","templated":true}]}}