{"id":4708,"date":"2025-02-19T16:47:59","date_gmt":"2025-02-19T19:47:59","guid":{"rendered":"https:\/\/deportesram.cl\/?post_type=product&#038;p=4708"},"modified":"2025-08-15T16:29:53","modified_gmt":"2025-08-15T20:29:53","slug":"balon-basquetbol-wilson-nba-forge-plus-tamano-7-forest","status":"publish","type":"product","link":"https:\/\/deportesram.cl\/es_es\/producto\/balon-basquetbol-wilson-nba-forge-plus-tamano-7-forest\/","title":{"rendered":"Bal\u00f3n Basquetbol Wilson NBA Forge Plus Tama\u00f1o 7 Forest"},"content":{"rendered":"<p>&#8211; El bal\u00f3n Wilson Forge Plus de la NBA tiene una cubierta de cuero compuesto con tecnolog\u00eda Pure Feel para sensaci\u00f3n y durabilidad profesional. Su dise\u00f1o elegante y su calidad de construcci\u00f3n, son perfectos a la hora de jugar partidos competitivos o simplemente al practicar lanzamientos junto a tus amigos. Tanto en interior como en exterior, este bal\u00f3n proporciona una superficie de contacto ideal para las yemas de los dedos, un gran control del bal\u00f3n y una alta durabilidad.<\/p>\n<p>&#8211; Su construcci\u00f3n interior robusta Ever Bounce y su revestimiento de retenci\u00f3n de aire aseguran un rebote constante y predecible a lo largo del tiempo, adem\u00e1s de una durabilidad adecuada para canchas al aire libre y bajo techo.<\/p>\n<p><strong>Especificaciones T\u00e9cnicas:<\/strong><\/p>\n<p>&#8211; Material Contorno: Cuero compuesto (tecnolog\u00eda Pure Feel) que otorga sensaci\u00f3n y durabilidad de nivel profesional.<\/p>\n<p>&#8211; Dise\u00f1o del contorno: Verde forest.<\/p>\n<p>&#8211; Con tecnolog\u00eda Pure Feel para sensaci\u00f3n y durabilidad profesional.<\/p>\n<p>&#8211; Construcci\u00f3n Ever Bounce: Rebote constante en todo momento, gracias a su construcci\u00f3n interna avanzada.<\/p>\n<p>&#8211; Mantiene el aire: en el interior el bal\u00f3n tiene una c\u00e1mara de bloqueo de la presi\u00f3n para retener perfectamente el aire y la forma.<\/p>\n<p>&#8211; Tama\u00f1o: 7.<\/p>\n<p>&#8211; Peso oficial.<\/p>\n<p>&#8211; Uso interior\/exterior.<\/p>\n<p>&#8211; Env\u00edo sin aire: El bal\u00f3n se env\u00eda desinflado para seguridad y cuidado.<\/p>\n<p>&#8211; Inflar siempre con una aguja bien lubricada.<\/p>\n","protected":false},"excerpt":{"rendered":"<p>&#8211; El bal\u00f3n Wilson Forge Plus de la NBA tiene una cubierta de cuero compuesto con tecnolog\u00eda Pure Feel para sensaci\u00f3n y durabilidad profesional. Su dise\u00f1o elegante y su calidad de construcci\u00f3n, son perfectos a la hora de jugar partidos competitivos o simplemente al practicar lanzamientos junto a tus amigos. Tanto en interior como en [&hellip;]<\/p>\n","protected":false},"featured_media":4711,"template":"","meta":[],"product_brand":[],"product_cat":[559,558],"product_tag":[],"class_list":{"0":"post-4708","1":"product","2":"type-product","3":"status-publish","4":"has-post-thumbnail","6":"product_cat-balones","7":"product_cat-basquetbol","9":"first","10":"outofstock","11":"taxable","12":"shipping-taxable","13":"purchasable","14":"product-type-simple"},"wc_booster_product_categories":[{"id":559,"name":"Balones"},{"id":558,"name":"B\u00e1squetbol"}],"wc_booster_product_price":"<span class=\"woocommerce-Price-amount amount\"><bdi><span class=\"woocommerce-Price-currencySymbol\">&#36;<\/span>44.990<\/bdi><\/span> <small class=\"woocommerce-price-suffix\">IVA Incluido<\/small>","wc_booster_product_rating":"","wc_booster_product_banner_img":false,"wc_booster_product_reviews":[],"wc_booster_product_stock_data":{"manage_stock":false,"total_stock":null,"sold_stock":0},"_links":{"self":[{"href":"https:\/\/deportesram.cl\/es_es\/wp-json\/wp\/v2\/product\/4708","targetHints":{"allow":["GET"]}}],"collection":[{"href":"https:\/\/deportesram.cl\/es_es\/wp-json\/wp\/v2\/product"}],"about":[{"href":"https:\/\/deportesram.cl\/es_es\/wp-json\/wp\/v2\/types\/product"}],"wp:featuredmedia":[{"embeddable":true,"href":"https:\/\/deportesram.cl\/es_es\/wp-json\/wp\/v2\/media\/4711"}],"wp:attachment":[{"href":"https:\/\/deportesram.cl\/es_es\/wp-json\/wp\/v2\/media?parent=4708"}],"wp:term":[{"taxonomy":"product_brand","embeddable":true,"href":"https:\/\/deportesram.cl\/es_es\/wp-json\/wp\/v2\/product_brand?post=4708"},{"taxonomy":"product_cat","embeddable":true,"href":"https:\/\/deportesram.cl\/es_es\/wp-json\/wp\/v2\/product_cat?post=4708"},{"taxonomy":"product_tag","embeddable":true,"href":"https:\/\/deportesram.cl\/es_es\/wp-json\/wp\/v2\/product_tag?post=4708"}],"curies":[{"name":"wp","href":"https:\/\/api.w.org\/{rel}","templated":true}]}}