{"id":4723,"date":"2025-02-19T17:58:17","date_gmt":"2025-02-19T20:58:17","guid":{"rendered":"https:\/\/deportesram.cl\/?post_type=product&#038;p=4723"},"modified":"2025-08-19T16:20:41","modified_gmt":"2025-08-19T20:20:41","slug":"balon-basketball-wilson-nba-tidye-chicago-bulls-7","status":"publish","type":"product","link":"https:\/\/deportesram.cl\/es_es\/producto\/balon-basketball-wilson-nba-tidye-chicago-bulls-7\/","title":{"rendered":"Bal\u00f3n Basketball Wilson NBA Tidye Chicago Bulls 7"},"content":{"rendered":"<p>El bal\u00f3n de basketball Wilson NBA Team Tiedye har\u00e1 que tu juego hable por s\u00ed solo. Su elegante dise\u00f1o de &#8220;patr\u00f3n fantasma&#8221; est\u00e1 disponible en combinaciones de colores para que puedas representar a tu equipo favorito. Su contorno All Surface Cover con tecnolog\u00eda Performance Cover est\u00e1 dise\u00f1ada para jugar en cualquier cancha que elijas, ya sea en interior o exterior, y est\u00e1 construida para un agarre duradero sin importar la superficie.<\/p>\n<p>&#8211; Su cubierta de caucho texturizado es perfecta tanto para uso exterior como interior y su dise\u00f1o llamativo de los Chicago Bulls resaltar\u00e1 tu habilidad en el deporte.<\/p>\n<p><strong>Especificaciones T\u00e9cnicas:<\/strong><\/p>\n<p>&#8211; Material Contorno: Caucho texturizado (tecnolog\u00eda All Surface).<\/p>\n<p>&#8211; Dise\u00f1o del contorno: Chicago Bulls.<\/p>\n<p>&#8211; Con tecnolog\u00eda All Surface Cover para jugar en canchas de cualquier superficie.<\/p>\n<p>&#8211; Performance Cover: Dise\u00f1ada para f\u00e1cil agarre en superficies duras.<\/p>\n<p>&#8211; NBA Pro Seams: Nueva construcci\u00f3n de canales adaptada a las preferencias de los jugadores para mayor control.<\/p>\n<p>&#8211; Mantiene el aire: en el interior el bal\u00f3n tiene una c\u00e1mara de bloqueo de la presi\u00f3n para retener perfectamente el aire y la forma.<\/p>\n<p>&#8211; Tama\u00f1o: 7.<\/p>\n<p>&#8211; Peso oficial.<\/p>\n<p>&#8211; Uso interior y exterior.<\/p>\n<p>&#8211; Inflar siempre con una aguja bien lubricada.<\/p>\n","protected":false},"excerpt":{"rendered":"<p>El bal\u00f3n de basketball Wilson NBA Team Tiedye har\u00e1 que tu juego hable por s\u00ed solo. Su elegante dise\u00f1o de &#8220;patr\u00f3n fantasma&#8221; est\u00e1 disponible en combinaciones de colores para que puedas representar a tu equipo favorito. Su contorno All Surface Cover con tecnolog\u00eda Performance Cover est\u00e1 dise\u00f1ada para jugar en cualquier cancha que elijas, ya [&hellip;]<\/p>\n","protected":false},"featured_media":4724,"template":"","meta":[],"product_brand":[],"product_cat":[559,558],"product_tag":[],"class_list":{"0":"post-4723","1":"product","2":"type-product","3":"status-publish","4":"has-post-thumbnail","6":"product_cat-balones","7":"product_cat-basquetbol","9":"first","10":"outofstock","11":"taxable","12":"shipping-taxable","13":"purchasable","14":"product-type-simple"},"wc_booster_product_categories":[{"id":559,"name":"Balones"},{"id":558,"name":"B\u00e1squetbol"}],"wc_booster_product_price":"<span class=\"woocommerce-Price-amount amount\"><bdi><span class=\"woocommerce-Price-currencySymbol\">&#36;<\/span>38.990<\/bdi><\/span> <small class=\"woocommerce-price-suffix\">IVA Incluido<\/small>","wc_booster_product_rating":"","wc_booster_product_banner_img":false,"wc_booster_product_reviews":[],"wc_booster_product_stock_data":{"manage_stock":false,"total_stock":null,"sold_stock":0},"_links":{"self":[{"href":"https:\/\/deportesram.cl\/es_es\/wp-json\/wp\/v2\/product\/4723","targetHints":{"allow":["GET"]}}],"collection":[{"href":"https:\/\/deportesram.cl\/es_es\/wp-json\/wp\/v2\/product"}],"about":[{"href":"https:\/\/deportesram.cl\/es_es\/wp-json\/wp\/v2\/types\/product"}],"wp:featuredmedia":[{"embeddable":true,"href":"https:\/\/deportesram.cl\/es_es\/wp-json\/wp\/v2\/media\/4724"}],"wp:attachment":[{"href":"https:\/\/deportesram.cl\/es_es\/wp-json\/wp\/v2\/media?parent=4723"}],"wp:term":[{"taxonomy":"product_brand","embeddable":true,"href":"https:\/\/deportesram.cl\/es_es\/wp-json\/wp\/v2\/product_brand?post=4723"},{"taxonomy":"product_cat","embeddable":true,"href":"https:\/\/deportesram.cl\/es_es\/wp-json\/wp\/v2\/product_cat?post=4723"},{"taxonomy":"product_tag","embeddable":true,"href":"https:\/\/deportesram.cl\/es_es\/wp-json\/wp\/v2\/product_tag?post=4723"}],"curies":[{"name":"wp","href":"https:\/\/api.w.org\/{rel}","templated":true}]}}