{"id":4725,"date":"2025-02-20T10:31:03","date_gmt":"2025-02-20T13:31:03","guid":{"rendered":"https:\/\/deportesram.cl\/?post_type=product&#038;p=4725"},"modified":"2025-08-18T21:18:55","modified_gmt":"2025-08-19T01:18:55","slug":"balon-voleibol-molten-v5m-1500-serve","status":"publish","type":"product","link":"https:\/\/deportesram.cl\/es_es\/producto\/balon-voleibol-molten-v5m-1500-serve\/","title":{"rendered":"Bal\u00f3n Voleibol Molten V5M 1500 SERVE"},"content":{"rendered":"<p><strong>El Bal\u00f3n de Voleibol Molten V5M 1500 Serve N\u00b05 es sin\u00f3nimo de rendimiento, precisi\u00f3n y pasi\u00f3n por el juego. Dise\u00f1ado con una tecnolog\u00eda avanzada para brindar el mejor control en cada toque, este bal\u00f3n se convierte en tu aliado perfecto en la cancha. Con su superficie texturizada y equilibrada, te ofrece un agarre superior, permiti\u00e9ndote ejecutar desde potentes remates hasta delicados saques con total confianza y comodidad.<\/strong><\/p>\n<p><strong>Su construcci\u00f3n de alta calidad asegura una gran durabilidad, manteniendo su forma y rendimiento, incluso despu\u00e9s de largas sesiones de entrenamiento o partidos intensos. Este bal\u00f3n no solo destaca por su resistencia, sino tambi\u00e9n por su suavidad al contacto, permiti\u00e9ndote disfrutar de cada jugada con una sensaci\u00f3n agradable en tus manos. Ideal tanto para jugadores amateurs como para aquellos que ya tienen experiencia, el Molten V5M 1500 Serve N\u00b05 te acompa\u00f1a en cada punto, en cada set, con la seguridad de que est\u00e1s usando un producto de alta gama.<\/strong><\/p>\n<p><strong>Disponible en varios colores vibrantes, este bal\u00f3n no solo te brinda rendimiento, sino tambi\u00e9n estilo. El color ser\u00e1 entregado sujeto a la disponibilidad de stock, lo que hace que cada bal\u00f3n sea \u00fanico, tal como cada jugador en la cancha. El Molten V5M 1500 Serve N\u00b05 es m\u00e1s que un bal\u00f3n, es un reflejo de tu dedicaci\u00f3n y pasi\u00f3n por el voleibol. Con \u00e9l, cada servicio, pase y remate se convierte en una oportunidad para brillar, dejando huella en cada juego.<\/strong><\/p>\n<h3><strong>Caracter\u00edsticas:\u00a0<\/strong><\/h3>\n<ul>\n<li><strong>Marca:\u00a0Molten<\/strong><\/li>\n<li><strong>Modelo:\u00a0V5M 1500 Serve<\/strong><\/li>\n<li><strong>Tama\u00f1o:\u00a0N\u00b05<\/strong><\/li>\n<li><strong>Uso:\u00a0Iniciaci\u00f3n y entrenamiento<\/strong><\/li>\n<li><strong>Peso:\u00a0Oficial<\/strong><\/li>\n<li><strong>Material:\u00a0Cuero PU<\/strong><\/li>\n<li><strong>Costura:\u00a0A maquina<\/strong><\/li>\n<\/ul>\n","protected":false},"excerpt":{"rendered":"<p>El Bal\u00f3n de Voleibol Molten V5M 1500 Serve N\u00b05 es sin\u00f3nimo de rendimiento, precisi\u00f3n y pasi\u00f3n por el juego. Dise\u00f1ado con una tecnolog\u00eda avanzada para brindar el mejor control en cada toque, este bal\u00f3n se convierte en tu aliado perfecto en la cancha. Con su superficie texturizada y equilibrada, te ofrece un agarre superior, permiti\u00e9ndote [&hellip;]<\/p>\n","protected":false},"featured_media":4726,"template":"","meta":[],"product_brand":[],"product_cat":[664,663],"product_tag":[],"class_list":{"0":"post-4725","1":"product","2":"type-product","3":"status-publish","4":"has-post-thumbnail","6":"product_cat-balones-voleibol","7":"product_cat-voleibol","9":"first","10":"outofstock","11":"taxable","12":"shipping-taxable","13":"purchasable","14":"product-type-simple"},"wc_booster_product_categories":[{"id":664,"name":"Balones"},{"id":663,"name":"Voleibol"}],"wc_booster_product_price":"<span class=\"woocommerce-Price-amount amount\"><bdi><span class=\"woocommerce-Price-currencySymbol\">&#36;<\/span>24.990<\/bdi><\/span> <small class=\"woocommerce-price-suffix\">IVA Incluido<\/small>","wc_booster_product_rating":"","wc_booster_product_banner_img":false,"wc_booster_product_reviews":[],"wc_booster_product_stock_data":{"manage_stock":false,"total_stock":null,"sold_stock":0},"_links":{"self":[{"href":"https:\/\/deportesram.cl\/es_es\/wp-json\/wp\/v2\/product\/4725","targetHints":{"allow":["GET"]}}],"collection":[{"href":"https:\/\/deportesram.cl\/es_es\/wp-json\/wp\/v2\/product"}],"about":[{"href":"https:\/\/deportesram.cl\/es_es\/wp-json\/wp\/v2\/types\/product"}],"wp:featuredmedia":[{"embeddable":true,"href":"https:\/\/deportesram.cl\/es_es\/wp-json\/wp\/v2\/media\/4726"}],"wp:attachment":[{"href":"https:\/\/deportesram.cl\/es_es\/wp-json\/wp\/v2\/media?parent=4725"}],"wp:term":[{"taxonomy":"product_brand","embeddable":true,"href":"https:\/\/deportesram.cl\/es_es\/wp-json\/wp\/v2\/product_brand?post=4725"},{"taxonomy":"product_cat","embeddable":true,"href":"https:\/\/deportesram.cl\/es_es\/wp-json\/wp\/v2\/product_cat?post=4725"},{"taxonomy":"product_tag","embeddable":true,"href":"https:\/\/deportesram.cl\/es_es\/wp-json\/wp\/v2\/product_tag?post=4725"}],"curies":[{"name":"wp","href":"https:\/\/api.w.org\/{rel}","templated":true}]}}