{"id":4728,"date":"2025-02-20T10:39:40","date_gmt":"2025-02-20T13:39:40","guid":{"rendered":"https:\/\/deportesram.cl\/?post_type=product&#038;p=4728"},"modified":"2025-08-18T21:18:55","modified_gmt":"2025-08-19T01:18:55","slug":"balon-voleibol-molten-v5m-1700-school-ultra","status":"publish","type":"product","link":"https:\/\/deportesram.cl\/es_es\/producto\/balon-voleibol-molten-v5m-1700-school-ultra\/","title":{"rendered":"Bal\u00f3n Voleibol Molten V5M 1700 SCHOOL ULTRA"},"content":{"rendered":"<p><strong>Bal\u00f3n de v\u00f3leibol especial para iniciaci\u00f3n en el voleibol debido a su peso &#8220;ultra liviano&#8221; de 200 a 220 gramos.<\/strong><\/p>\n<p><strong>Fabricado en cuero sint\u00e9tico.<\/strong><\/p>\n<p><strong>Cubierta de 18 paneles cosidos a m\u00e1quina.<\/strong><\/p>\n<p><strong>Tama\u00f1o oficial N\u00b0 5.<\/strong><\/p>\n","protected":false},"excerpt":{"rendered":"<p>Bal\u00f3n de v\u00f3leibol especial para iniciaci\u00f3n en el voleibol debido a su peso &#8220;ultra liviano&#8221; de 200 a 220 gramos. Fabricado en cuero sint\u00e9tico. Cubierta de 18 paneles cosidos a m\u00e1quina. Tama\u00f1o oficial N\u00b0 5.<\/p>\n","protected":false},"featured_media":4729,"template":"","meta":[],"product_brand":[],"product_cat":[664,663],"product_tag":[],"class_list":{"0":"post-4728","1":"product","2":"type-product","3":"status-publish","4":"has-post-thumbnail","6":"product_cat-balones-voleibol","7":"product_cat-voleibol","9":"first","10":"outofstock","11":"taxable","12":"shipping-taxable","13":"purchasable","14":"product-type-simple"},"wc_booster_product_categories":[{"id":664,"name":"Balones"},{"id":663,"name":"Voleibol"}],"wc_booster_product_price":"<span class=\"woocommerce-Price-amount amount\"><bdi><span class=\"woocommerce-Price-currencySymbol\">&#36;<\/span>24.990<\/bdi><\/span> <small class=\"woocommerce-price-suffix\">IVA Incluido<\/small>","wc_booster_product_rating":"","wc_booster_product_banner_img":false,"wc_booster_product_reviews":[],"wc_booster_product_stock_data":{"manage_stock":false,"total_stock":null,"sold_stock":0},"_links":{"self":[{"href":"https:\/\/deportesram.cl\/es_es\/wp-json\/wp\/v2\/product\/4728","targetHints":{"allow":["GET"]}}],"collection":[{"href":"https:\/\/deportesram.cl\/es_es\/wp-json\/wp\/v2\/product"}],"about":[{"href":"https:\/\/deportesram.cl\/es_es\/wp-json\/wp\/v2\/types\/product"}],"wp:featuredmedia":[{"embeddable":true,"href":"https:\/\/deportesram.cl\/es_es\/wp-json\/wp\/v2\/media\/4729"}],"wp:attachment":[{"href":"https:\/\/deportesram.cl\/es_es\/wp-json\/wp\/v2\/media?parent=4728"}],"wp:term":[{"taxonomy":"product_brand","embeddable":true,"href":"https:\/\/deportesram.cl\/es_es\/wp-json\/wp\/v2\/product_brand?post=4728"},{"taxonomy":"product_cat","embeddable":true,"href":"https:\/\/deportesram.cl\/es_es\/wp-json\/wp\/v2\/product_cat?post=4728"},{"taxonomy":"product_tag","embeddable":true,"href":"https:\/\/deportesram.cl\/es_es\/wp-json\/wp\/v2\/product_tag?post=4728"}],"curies":[{"name":"wp","href":"https:\/\/api.w.org\/{rel}","templated":true}]}}