{"id":4737,"date":"2025-02-20T11:12:52","date_gmt":"2025-02-20T14:12:52","guid":{"rendered":"https:\/\/deportesram.cl\/?post_type=product&#038;p=4737"},"modified":"2025-09-10T00:21:39","modified_gmt":"2025-09-10T03:21:39","slug":"balon-volebol-molten-v5m-5000-of-fivb-n5","status":"publish","type":"product","link":"https:\/\/deportesram.cl\/es_es\/producto\/balon-volebol-molten-v5m-5000-of-fivb-n5\/","title":{"rendered":"Bal\u00f3n V\u00f3lebol Molten V5M 5000 OF. FIVB N5"},"content":{"rendered":"<ul>\n<li><strong>Bal\u00f3n de v\u00f3leibol. Aprobado FIVB.<\/strong><\/li>\n<li><strong>Tecnolog\u00eda avanzada para un excelente comportamiento en juego y suavidad m\u00e1xima.<\/strong><\/li>\n<li><strong>Bal\u00f3n oficial de competici\u00f3n.<\/strong><\/li>\n<li><strong>Tama\u00f1o y peso oficial.<\/strong><\/li>\n<li><strong>Tricolor.<\/strong><\/li>\n<\/ul>\n","protected":false},"excerpt":{"rendered":"<p>Bal\u00f3n de v\u00f3leibol. Aprobado FIVB. Tecnolog\u00eda avanzada para un excelente comportamiento en juego y suavidad m\u00e1xima. Bal\u00f3n oficial de competici\u00f3n. Tama\u00f1o y peso oficial. Tricolor.<\/p>\n","protected":false},"featured_media":4738,"template":"","meta":[],"product_brand":[],"product_cat":[664,663],"product_tag":[],"class_list":{"0":"post-4737","1":"product","2":"type-product","3":"status-publish","4":"has-post-thumbnail","6":"product_cat-balones-voleibol","7":"product_cat-voleibol","9":"first","10":"instock","11":"taxable","12":"shipping-taxable","13":"purchasable","14":"product-type-simple"},"wc_booster_product_categories":[{"id":664,"name":"Balones"},{"id":663,"name":"Voleibol"}],"wc_booster_product_price":"<span class=\"woocommerce-Price-amount amount\"><bdi><span class=\"woocommerce-Price-currencySymbol\">&#36;<\/span>112.990<\/bdi><\/span> <small class=\"woocommerce-price-suffix\">IVA Incluido<\/small>","wc_booster_product_rating":"","wc_booster_product_banner_img":false,"wc_booster_product_reviews":[],"wc_booster_product_stock_data":{"manage_stock":true,"total_stock":1,"sold_stock":0},"_links":{"self":[{"href":"https:\/\/deportesram.cl\/es_es\/wp-json\/wp\/v2\/product\/4737","targetHints":{"allow":["GET"]}}],"collection":[{"href":"https:\/\/deportesram.cl\/es_es\/wp-json\/wp\/v2\/product"}],"about":[{"href":"https:\/\/deportesram.cl\/es_es\/wp-json\/wp\/v2\/types\/product"}],"wp:featuredmedia":[{"embeddable":true,"href":"https:\/\/deportesram.cl\/es_es\/wp-json\/wp\/v2\/media\/4738"}],"wp:attachment":[{"href":"https:\/\/deportesram.cl\/es_es\/wp-json\/wp\/v2\/media?parent=4737"}],"wp:term":[{"taxonomy":"product_brand","embeddable":true,"href":"https:\/\/deportesram.cl\/es_es\/wp-json\/wp\/v2\/product_brand?post=4737"},{"taxonomy":"product_cat","embeddable":true,"href":"https:\/\/deportesram.cl\/es_es\/wp-json\/wp\/v2\/product_cat?post=4737"},{"taxonomy":"product_tag","embeddable":true,"href":"https:\/\/deportesram.cl\/es_es\/wp-json\/wp\/v2\/product_tag?post=4737"}],"curies":[{"name":"wp","href":"https:\/\/api.w.org\/{rel}","templated":true}]}}