{"id":4741,"date":"2025-02-20T11:24:25","date_gmt":"2025-02-20T14:24:25","guid":{"rendered":"https:\/\/deportesram.cl\/?post_type=product&#038;p=4741"},"modified":"2025-08-18T21:18:54","modified_gmt":"2025-08-19T01:18:54","slug":"balon-voleibol-molten-9000-mtv5t-ataque-n5","status":"publish","type":"product","link":"https:\/\/deportesram.cl\/es_es\/producto\/balon-voleibol-molten-9000-mtv5t-ataque-n5\/","title":{"rendered":"Bal\u00f3n V\u00f3leibol Molten 9000 MTV5T ATAQUE N5"},"content":{"rendered":"<ul>\n<li><strong>Bal\u00f3n de v\u00f3leibol.<\/strong><\/li>\n<li><strong>Cuero sint\u00e9tico.<\/strong><\/li>\n<li><strong>Con cordel para entrenamiento de ataque.<\/strong><\/li>\n<li><strong>Tama\u00f1o y peso oficial.<\/strong><\/li>\n<\/ul>\n","protected":false},"excerpt":{"rendered":"<p>Bal\u00f3n de v\u00f3leibol. Cuero sint\u00e9tico. Con cordel para entrenamiento de ataque. Tama\u00f1o y peso oficial.<\/p>\n","protected":false},"featured_media":4744,"template":"","meta":[],"product_brand":[],"product_cat":[664,663],"product_tag":[],"class_list":{"0":"post-4741","1":"product","2":"type-product","3":"status-publish","4":"has-post-thumbnail","6":"product_cat-balones-voleibol","7":"product_cat-voleibol","9":"first","10":"outofstock","11":"taxable","12":"shipping-taxable","13":"purchasable","14":"product-type-simple"},"wc_booster_product_categories":[{"id":664,"name":"Balones"},{"id":663,"name":"Voleibol"}],"wc_booster_product_price":"<span class=\"woocommerce-Price-amount amount\"><bdi><span class=\"woocommerce-Price-currencySymbol\">&#36;<\/span>96.990<\/bdi><\/span> <small class=\"woocommerce-price-suffix\">IVA Incluido<\/small>","wc_booster_product_rating":"","wc_booster_product_banner_img":false,"wc_booster_product_reviews":[],"wc_booster_product_stock_data":{"manage_stock":false,"total_stock":null,"sold_stock":0},"_links":{"self":[{"href":"https:\/\/deportesram.cl\/es_es\/wp-json\/wp\/v2\/product\/4741","targetHints":{"allow":["GET"]}}],"collection":[{"href":"https:\/\/deportesram.cl\/es_es\/wp-json\/wp\/v2\/product"}],"about":[{"href":"https:\/\/deportesram.cl\/es_es\/wp-json\/wp\/v2\/types\/product"}],"wp:featuredmedia":[{"embeddable":true,"href":"https:\/\/deportesram.cl\/es_es\/wp-json\/wp\/v2\/media\/4744"}],"wp:attachment":[{"href":"https:\/\/deportesram.cl\/es_es\/wp-json\/wp\/v2\/media?parent=4741"}],"wp:term":[{"taxonomy":"product_brand","embeddable":true,"href":"https:\/\/deportesram.cl\/es_es\/wp-json\/wp\/v2\/product_brand?post=4741"},{"taxonomy":"product_cat","embeddable":true,"href":"https:\/\/deportesram.cl\/es_es\/wp-json\/wp\/v2\/product_cat?post=4741"},{"taxonomy":"product_tag","embeddable":true,"href":"https:\/\/deportesram.cl\/es_es\/wp-json\/wp\/v2\/product_tag?post=4741"}],"curies":[{"name":"wp","href":"https:\/\/api.w.org\/{rel}","templated":true}]}}