{"id":4757,"date":"2025-02-20T14:15:52","date_gmt":"2025-02-20T17:15:52","guid":{"rendered":"https:\/\/deportesram.cl\/?post_type=product&#038;p=4757"},"modified":"2025-08-19T15:51:42","modified_gmt":"2025-08-19T19:51:42","slug":"balon-futbolito-n5-kelme-revolucion","status":"publish","type":"product","link":"https:\/\/deportesram.cl\/es_es\/producto\/balon-futbolito-n5-kelme-revolucion\/","title":{"rendered":"Bal\u00f3n F\u00fatbolito N5 KELME REVOLUCION"},"content":{"rendered":"<p><strong>Bal\u00f3nes de futbolito KELME modelo Revolucion Gold<\/strong><br \/>\n<strong>Color Green\/Black<\/strong><br \/>\n<strong>Medida N\u00b05.<\/strong><br \/>\n<strong>Material Poliuretano, Cocido a Mano<\/strong><br \/>\n<strong>Bote bajo<\/strong><\/p>\n","protected":false},"excerpt":{"rendered":"<p>Bal\u00f3nes de futbolito KELME modelo Revolucion Gold Color Green\/Black Medida N\u00b05. Material Poliuretano, Cocido a Mano Bote bajo<\/p>\n","protected":false},"featured_media":4758,"template":"","meta":[],"product_brand":[],"product_cat":[684,683],"product_tag":[],"class_list":{"0":"post-4757","1":"product","2":"type-product","3":"status-publish","4":"has-post-thumbnail","6":"product_cat-balones-futbolito","7":"product_cat-futbolito","9":"first","10":"outofstock","11":"taxable","12":"shipping-taxable","13":"purchasable","14":"product-type-simple"},"wc_booster_product_categories":[{"id":684,"name":"Balones"},{"id":683,"name":"Futbolito"}],"wc_booster_product_price":"<span class=\"woocommerce-Price-amount amount\"><bdi><span class=\"woocommerce-Price-currencySymbol\">&#36;<\/span>29.990<\/bdi><\/span> <small class=\"woocommerce-price-suffix\">IVA Incluido<\/small>","wc_booster_product_rating":"","wc_booster_product_banner_img":false,"wc_booster_product_reviews":[],"wc_booster_product_stock_data":{"manage_stock":false,"total_stock":null,"sold_stock":0},"_links":{"self":[{"href":"https:\/\/deportesram.cl\/es_es\/wp-json\/wp\/v2\/product\/4757","targetHints":{"allow":["GET"]}}],"collection":[{"href":"https:\/\/deportesram.cl\/es_es\/wp-json\/wp\/v2\/product"}],"about":[{"href":"https:\/\/deportesram.cl\/es_es\/wp-json\/wp\/v2\/types\/product"}],"wp:featuredmedia":[{"embeddable":true,"href":"https:\/\/deportesram.cl\/es_es\/wp-json\/wp\/v2\/media\/4758"}],"wp:attachment":[{"href":"https:\/\/deportesram.cl\/es_es\/wp-json\/wp\/v2\/media?parent=4757"}],"wp:term":[{"taxonomy":"product_brand","embeddable":true,"href":"https:\/\/deportesram.cl\/es_es\/wp-json\/wp\/v2\/product_brand?post=4757"},{"taxonomy":"product_cat","embeddable":true,"href":"https:\/\/deportesram.cl\/es_es\/wp-json\/wp\/v2\/product_cat?post=4757"},{"taxonomy":"product_tag","embeddable":true,"href":"https:\/\/deportesram.cl\/es_es\/wp-json\/wp\/v2\/product_tag?post=4757"}],"curies":[{"name":"wp","href":"https:\/\/api.w.org\/{rel}","templated":true}]}}