{"id":4769,"date":"2025-02-20T14:51:00","date_gmt":"2025-02-20T17:51:00","guid":{"rendered":"https:\/\/deportesram.cl\/?post_type=product&#038;p=4769"},"modified":"2025-11-08T15:25:39","modified_gmt":"2025-11-08T18:25:39","slug":"balon-futsal-n3-master-mizan-naranjo","status":"publish","type":"product","link":"https:\/\/deportesram.cl\/es_es\/producto\/balon-futsal-n3-master-mizan-naranjo\/","title":{"rendered":"Bal\u00f3n Futsal N3 MASTER MIZAN NARANJO"},"content":{"rendered":"<p><strong>Exterior: Caucho \u2013 PU<\/strong><br \/>\n<strong>Interior: 4 Mallas (Fibra De Nylon)<\/strong><br \/>\n<strong>Costura: M\u00e1quina<\/strong><br \/>\n<strong>Superficie: Parque \/ Cemento \/ Sint\u00e9tico<\/strong><br \/>\n<strong>Bote: Bajo<\/strong><br \/>\n<strong>Peso: 440 gr<\/strong><br \/>\n<strong>Circunferencia: 60 a 62 cm<\/strong><\/p>\n<div><strong>Bal\u00f3n sin bote o bote bajo. Para categor\u00edas de adultos y 13 a\u00f1os en adelante debe tener una circunferencia de 60-62 cms, un peso m\u00ednimo de 400 grs y un m\u00e1ximo de 440 grs. Estas son las medidas oficiales de la FIFA. Su presi\u00f3n de inflado se encuentra entre los 9 y los 11 PSI.<\/strong><\/div>\n","protected":false},"excerpt":{"rendered":"<p>Exterior: Caucho \u2013 PU Interior: 4 Mallas (Fibra De Nylon) Costura: M\u00e1quina Superficie: Parque \/ Cemento \/ Sint\u00e9tico Bote: Bajo Peso: 440 gr Circunferencia: 60 a 62 cm Bal\u00f3n sin bote o bote bajo. Para categor\u00edas de adultos y 13 a\u00f1os en adelante debe tener una circunferencia de 60-62 cms, un peso m\u00ednimo de 400 [&hellip;]<\/p>\n","protected":false},"featured_media":4770,"template":"","meta":[],"product_brand":[],"product_cat":[681,680],"product_tag":[],"class_list":{"0":"post-4769","1":"product","2":"type-product","3":"status-publish","4":"has-post-thumbnail","6":"product_cat-balones-futsal","7":"product_cat-futsal","9":"first","10":"instock","11":"taxable","12":"shipping-taxable","13":"purchasable","14":"product-type-simple"},"wc_booster_product_categories":[{"id":681,"name":"Balones"},{"id":680,"name":"Futsal"}],"wc_booster_product_price":"<span class=\"woocommerce-Price-amount amount\"><bdi><span class=\"woocommerce-Price-currencySymbol\">&#36;<\/span>19.990<\/bdi><\/span> <small class=\"woocommerce-price-suffix\">IVA Incluido<\/small>","wc_booster_product_rating":"","wc_booster_product_banner_img":false,"wc_booster_product_reviews":[],"wc_booster_product_stock_data":{"manage_stock":true,"total_stock":3,"sold_stock":0},"_links":{"self":[{"href":"https:\/\/deportesram.cl\/es_es\/wp-json\/wp\/v2\/product\/4769","targetHints":{"allow":["GET"]}}],"collection":[{"href":"https:\/\/deportesram.cl\/es_es\/wp-json\/wp\/v2\/product"}],"about":[{"href":"https:\/\/deportesram.cl\/es_es\/wp-json\/wp\/v2\/types\/product"}],"wp:featuredmedia":[{"embeddable":true,"href":"https:\/\/deportesram.cl\/es_es\/wp-json\/wp\/v2\/media\/4770"}],"wp:attachment":[{"href":"https:\/\/deportesram.cl\/es_es\/wp-json\/wp\/v2\/media?parent=4769"}],"wp:term":[{"taxonomy":"product_brand","embeddable":true,"href":"https:\/\/deportesram.cl\/es_es\/wp-json\/wp\/v2\/product_brand?post=4769"},{"taxonomy":"product_cat","embeddable":true,"href":"https:\/\/deportesram.cl\/es_es\/wp-json\/wp\/v2\/product_cat?post=4769"},{"taxonomy":"product_tag","embeddable":true,"href":"https:\/\/deportesram.cl\/es_es\/wp-json\/wp\/v2\/product_tag?post=4769"}],"curies":[{"name":"wp","href":"https:\/\/api.w.org\/{rel}","templated":true}]}}