{"id":4771,"date":"2025-02-20T15:09:38","date_gmt":"2025-02-20T18:09:38","guid":{"rendered":"https:\/\/deportesram.cl\/?post_type=product&#038;p=4771"},"modified":"2025-09-10T00:04:27","modified_gmt":"2025-09-10T03:04:27","slug":"balon-futbol-n3-infantil-mizan-blanco-rojo","status":"publish","type":"product","link":"https:\/\/deportesram.cl\/es_es\/producto\/balon-futbol-n3-infantil-mizan-blanco-rojo\/","title":{"rendered":"Bal\u00f3n F\u00fatbol N3 INFANTIL MIZAN BLANCO ROJO"},"content":{"rendered":"<div class=\"wpb-content-wrapper\"><p><strong>Bal\u00f3n de bote alto de f\u00fatbol para ni\u00f1os. Posee 32 cascos y 4 capas de tela + exterior en EVA. Ideal para ni\u00f1os hasta 7 a\u00f1os, ya que proporcionar\u00e1 un mejor control del bal\u00f3n. Para uso de entrenamiento o recreaci\u00f3n.<\/strong><\/p>\n<div class=\"woo-product single-product subheader_included spacer_included sticky_excluded \">\n<div id=\"product-3841\" class=\"post-3841 product type-product status-publish has-post-thumbnail product_cat-balones product_cat-futbol-balones first instock shipping-taxable purchasable product-type-simple\">\n<div class=\"page-container sticky-gallery classic-gallery\">\n<div class=\"vc_row\">\n<div class=\"vc_col-lg-4 vc_col-md-6 vc_col-sm-12 woo-product-details -sticky-block\">\n<div class=\"summary entry-summary woo-product-details-inner\">\n<div class=\"inner-wrapper-summary\">\n<div class=\"holder\">\n<div class=\"woocommerce-product-details__short-description\">\n<p><strong>Exterior: Caucho \u2013 PVC<\/strong><br \/>\n<strong>Interior: 4 Mallas (Fibra de Nylon)<\/strong><br \/>\n<strong>Costura: A Mano<\/strong><br \/>\n<strong>Superficie: Pasto Natural \/ Sint\u00e9tico<\/strong><br \/>\n<strong>Bote: Alto<\/strong><br \/>\n<strong>Peso: 300 gr<\/strong><br \/>\n<strong>Circunferencia: 60 a 62 cm<\/strong><\/p>\n<\/div>\n<\/div>\n<\/div>\n<\/div>\n<\/div>\n<\/div>\n<\/div>\n<div class=\"woocommerce single-product-tabs\">\n<div class=\"tabs page-container\" data-ohio-tabs=\"true\" data-options=\"[]\">\n<div class=\"tabs-content\">\n<div class=\"tabs-content-item active\" data-ohio-tab-content=\"description\">\n<div class=\"wrap\">\n<p><strong>Bal\u00f3n de bote alto de f\u00fatbol para ni\u00f1os. Posee 32 cascos y 4 capas de tela + exterior en EVA. Ideal para ni\u00f1os hasta 7 a\u00f1os, ya que proporcionar\u00e1 un mejor control del bal\u00f3n. Para uso de entrenamiento o recreaci\u00f3n.<\/strong><\/p>\n<\/div>\n<\/div>\n<div class=\"tabs-content-item\" data-ohio-tab-content=\"additional_information\"><strong>Exterior: Caucho \u2013 PVC<\/strong><br \/>\n<strong>Interior: 4 Mallas (Fibra de Nylon)<\/strong><br \/>\n<strong>Costura: A Mano<\/strong><br \/>\n<strong>Superficie: Pasto Natural \/ Sint\u00e9tico<\/strong><br \/>\n<strong>Bote: Alto<\/strong><br \/>\n<strong>Peso: 300 gr<\/strong><br \/>\n<strong>Circunferencia: 6<\/strong><\/div>\n<\/div>\n<\/div>\n<\/div>\n<\/div>\n<section class=\"woo-c_recommended page-container\">\n<div class=\" columns-lg-4 columns-md-3 columns-sm-2\"><\/div>\n<\/section>\n<\/div>\n<div class=\"sticky-nav sticky-nav-product\"><\/div>\n<\/div>","protected":false},"excerpt":{"rendered":"<p>Bal\u00f3n de bote alto de f\u00fatbol para ni\u00f1os. Posee 32 cascos y 4 capas de tela + exterior en EVA. Ideal para ni\u00f1os hasta 7 a\u00f1os, ya que proporcionar\u00e1 un mejor control del bal\u00f3n. Para uso de entrenamiento o recreaci\u00f3n. Exterior: Caucho \u2013 PVC Interior: 4 Mallas (Fibra de Nylon) Costura: A Mano Superficie: Pasto [&hellip;]<\/p>\n","protected":false},"featured_media":4772,"template":"","meta":[],"product_brand":[],"product_cat":[674,672],"product_tag":[],"class_list":{"0":"post-4771","1":"product","2":"type-product","3":"status-publish","4":"has-post-thumbnail","6":"product_cat-balones-futbol-11","7":"product_cat-futbol","9":"first","10":"instock","11":"taxable","12":"shipping-taxable","13":"purchasable","14":"product-type-simple"},"wc_booster_product_categories":[{"id":674,"name":"Balones"},{"id":672,"name":"F\u00fatbol"}],"wc_booster_product_price":"<span class=\"woocommerce-Price-amount amount\"><bdi><span class=\"woocommerce-Price-currencySymbol\">&#36;<\/span>17.990<\/bdi><\/span> <small class=\"woocommerce-price-suffix\">IVA Incluido<\/small>","wc_booster_product_rating":"","wc_booster_product_banner_img":false,"wc_booster_product_reviews":[],"wc_booster_product_stock_data":{"manage_stock":true,"total_stock":5,"sold_stock":0},"_links":{"self":[{"href":"https:\/\/deportesram.cl\/es_es\/wp-json\/wp\/v2\/product\/4771","targetHints":{"allow":["GET"]}}],"collection":[{"href":"https:\/\/deportesram.cl\/es_es\/wp-json\/wp\/v2\/product"}],"about":[{"href":"https:\/\/deportesram.cl\/es_es\/wp-json\/wp\/v2\/types\/product"}],"wp:featuredmedia":[{"embeddable":true,"href":"https:\/\/deportesram.cl\/es_es\/wp-json\/wp\/v2\/media\/4772"}],"wp:attachment":[{"href":"https:\/\/deportesram.cl\/es_es\/wp-json\/wp\/v2\/media?parent=4771"}],"wp:term":[{"taxonomy":"product_brand","embeddable":true,"href":"https:\/\/deportesram.cl\/es_es\/wp-json\/wp\/v2\/product_brand?post=4771"},{"taxonomy":"product_cat","embeddable":true,"href":"https:\/\/deportesram.cl\/es_es\/wp-json\/wp\/v2\/product_cat?post=4771"},{"taxonomy":"product_tag","embeddable":true,"href":"https:\/\/deportesram.cl\/es_es\/wp-json\/wp\/v2\/product_tag?post=4771"}],"curies":[{"name":"wp","href":"https:\/\/api.w.org\/{rel}","templated":true}]}}