{"id":4773,"date":"2025-02-20T15:13:50","date_gmt":"2025-02-20T18:13:50","guid":{"rendered":"https:\/\/deportesram.cl\/?post_type=product&#038;p=4773"},"modified":"2026-03-30T10:10:22","modified_gmt":"2026-03-30T13:10:22","slug":"balon-futbol-n4-juvenil-mizan-blanco-azul","status":"publish","type":"product","link":"https:\/\/deportesram.cl\/es_es\/producto\/balon-futbol-n4-juvenil-mizan-blanco-azul\/","title":{"rendered":"Bal\u00f3n F\u00fatbol N4 JUVENIL MIZAN BLANCO AZ\u00daL"},"content":{"rendered":"<ul>\n<li><strong>Bal\u00f3n de f\u00fatbol juvenil<\/strong><\/li>\n<li><strong>Marca Mizan<\/strong><\/li>\n<li><strong>Modelo F\u00fatbol juvenil n\u00b0 4<\/strong><\/li>\n<li><strong>Costurado a mano<\/strong><\/li>\n<li><strong>Material PVC<\/strong><\/li>\n<\/ul>\n","protected":false},"excerpt":{"rendered":"<p>Bal\u00f3n de f\u00fatbol juvenil Marca Mizan Modelo F\u00fatbol juvenil n\u00b0 4 Costurado a mano Material PVC<\/p>\n","protected":false},"featured_media":4774,"template":"","meta":[],"product_brand":[],"product_cat":[674,672],"product_tag":[],"class_list":{"0":"post-4773","1":"product","2":"type-product","3":"status-publish","4":"has-post-thumbnail","6":"product_cat-balones-futbol-11","7":"product_cat-futbol","9":"first","10":"instock","11":"taxable","12":"shipping-taxable","13":"purchasable","14":"product-type-simple"},"wc_booster_product_categories":[{"id":674,"name":"Balones"},{"id":672,"name":"F\u00fatbol"}],"wc_booster_product_price":"<span class=\"woocommerce-Price-amount amount\"><bdi><span class=\"woocommerce-Price-currencySymbol\">&#36;<\/span>18.990<\/bdi><\/span> <small class=\"woocommerce-price-suffix\">IVA Incluido<\/small>","wc_booster_product_rating":"","wc_booster_product_banner_img":false,"wc_booster_product_reviews":[],"wc_booster_product_stock_data":{"manage_stock":true,"total_stock":4,"sold_stock":3},"_links":{"self":[{"href":"https:\/\/deportesram.cl\/es_es\/wp-json\/wp\/v2\/product\/4773","targetHints":{"allow":["GET"]}}],"collection":[{"href":"https:\/\/deportesram.cl\/es_es\/wp-json\/wp\/v2\/product"}],"about":[{"href":"https:\/\/deportesram.cl\/es_es\/wp-json\/wp\/v2\/types\/product"}],"wp:featuredmedia":[{"embeddable":true,"href":"https:\/\/deportesram.cl\/es_es\/wp-json\/wp\/v2\/media\/4774"}],"wp:attachment":[{"href":"https:\/\/deportesram.cl\/es_es\/wp-json\/wp\/v2\/media?parent=4773"}],"wp:term":[{"taxonomy":"product_brand","embeddable":true,"href":"https:\/\/deportesram.cl\/es_es\/wp-json\/wp\/v2\/product_brand?post=4773"},{"taxonomy":"product_cat","embeddable":true,"href":"https:\/\/deportesram.cl\/es_es\/wp-json\/wp\/v2\/product_cat?post=4773"},{"taxonomy":"product_tag","embeddable":true,"href":"https:\/\/deportesram.cl\/es_es\/wp-json\/wp\/v2\/product_tag?post=4773"}],"curies":[{"name":"wp","href":"https:\/\/api.w.org\/{rel}","templated":true}]}}