{"id":4775,"date":"2025-02-20T15:20:14","date_gmt":"2025-02-20T18:20:14","guid":{"rendered":"https:\/\/deportesram.cl\/?post_type=product&#038;p=4775"},"modified":"2025-09-09T23:59:41","modified_gmt":"2025-09-10T02:59:41","slug":"balon-futbol-n4-vortex-kelme","status":"publish","type":"product","link":"https:\/\/deportesram.cl\/es_es\/producto\/balon-futbol-n4-vortex-kelme\/","title":{"rendered":"Bal\u00f3n F\u00fatbol N4 VORTEX KELME"},"content":{"rendered":"<ul>\n<li><strong>Construcci\u00f3n de 32 paneles<\/strong><\/li>\n<li><strong>Fabricada en material PU<\/strong><\/li>\n<li><strong>Costurado a mano<\/strong><\/li>\n<li><strong>Bote alto<\/strong><\/li>\n<li><strong>Presi\u00f3n de inflado: 10 a 12 PSI<\/strong><\/li>\n<li><strong>63-66 cm de di\u00e1metro y peso de 350-370 gramos<\/strong><\/li>\n<\/ul>\n","protected":false},"excerpt":{"rendered":"<p>Construcci\u00f3n de 32 paneles Fabricada en material PU Costurado a mano Bote alto Presi\u00f3n de inflado: 10 a 12 PSI 63-66 cm de di\u00e1metro y peso de 350-370 gramos<\/p>\n","protected":false},"featured_media":4776,"template":"","meta":[],"product_brand":[],"product_cat":[684,683],"product_tag":[],"class_list":{"0":"post-4775","1":"product","2":"type-product","3":"status-publish","4":"has-post-thumbnail","6":"product_cat-balones-futbolito","7":"product_cat-futbolito","9":"first","10":"instock","11":"taxable","12":"shipping-taxable","13":"purchasable","14":"product-type-simple"},"wc_booster_product_categories":[{"id":684,"name":"Balones"},{"id":683,"name":"Futbolito"}],"wc_booster_product_price":"<span class=\"woocommerce-Price-amount amount\"><bdi><span class=\"woocommerce-Price-currencySymbol\">&#36;<\/span>22.990<\/bdi><\/span> <small class=\"woocommerce-price-suffix\">IVA Incluido<\/small>","wc_booster_product_rating":"","wc_booster_product_banner_img":false,"wc_booster_product_reviews":[],"wc_booster_product_stock_data":{"manage_stock":true,"total_stock":7,"sold_stock":0},"_links":{"self":[{"href":"https:\/\/deportesram.cl\/es_es\/wp-json\/wp\/v2\/product\/4775","targetHints":{"allow":["GET"]}}],"collection":[{"href":"https:\/\/deportesram.cl\/es_es\/wp-json\/wp\/v2\/product"}],"about":[{"href":"https:\/\/deportesram.cl\/es_es\/wp-json\/wp\/v2\/types\/product"}],"wp:featuredmedia":[{"embeddable":true,"href":"https:\/\/deportesram.cl\/es_es\/wp-json\/wp\/v2\/media\/4776"}],"wp:attachment":[{"href":"https:\/\/deportesram.cl\/es_es\/wp-json\/wp\/v2\/media?parent=4775"}],"wp:term":[{"taxonomy":"product_brand","embeddable":true,"href":"https:\/\/deportesram.cl\/es_es\/wp-json\/wp\/v2\/product_brand?post=4775"},{"taxonomy":"product_cat","embeddable":true,"href":"https:\/\/deportesram.cl\/es_es\/wp-json\/wp\/v2\/product_cat?post=4775"},{"taxonomy":"product_tag","embeddable":true,"href":"https:\/\/deportesram.cl\/es_es\/wp-json\/wp\/v2\/product_tag?post=4775"}],"curies":[{"name":"wp","href":"https:\/\/api.w.org\/{rel}","templated":true}]}}