{"id":4794,"date":"2025-02-20T16:53:50","date_gmt":"2025-02-20T19:53:50","guid":{"rendered":"https:\/\/deportesram.cl\/?post_type=product&#038;p=4794"},"modified":"2025-08-21T23:26:37","modified_gmt":"2025-08-22T03:26:37","slug":"bolso-balonero-kelme-negro-naranja","status":"publish","type":"product","link":"https:\/\/deportesram.cl\/es_es\/producto\/bolso-balonero-kelme-negro-naranja\/","title":{"rendered":"Bolso Balonero KELME NEGRO NARANJA"},"content":{"rendered":"<p><strong>Mant\u00e9n el orden y la eficiencia en tus entrenamientos con nuestro\u00a0Bolso Balonero Tubular 12 Unidades, dise\u00f1ado para optimizar el espacio y facilitar el acceso a los balones, este bolso te ayuda a aprovechar al m\u00e1ximo cada minuto de entrenamiento.<\/strong><\/p>\n<p><strong>Un equipo organizado es un equipo exitoso.<\/strong><\/p>\n<p><strong>Caracter\u00edsticas del Producto<\/strong><\/p>\n<ul>\n<li><strong>Bolso con malla<\/strong><\/li>\n<li><strong>Tira transportadora y cord\u00f3n de cierre<\/strong><\/li>\n<li><strong>Capacidad: 6 Balones.<\/strong><\/li>\n<\/ul>\n<p><strong>Uso Recomendado:\u00a0Ideal para Transportar Balones.<\/strong><\/p>\n<p><strong>Beneficio del Producto:\u00a0Fabricado con tela res\u00edstete de buena calidad y durabilidad, para uso diario.<\/strong><\/p>\n<p><strong>Se vende por unidad.<\/strong><\/p>\n","protected":false},"excerpt":{"rendered":"<p>Mant\u00e9n el orden y la eficiencia en tus entrenamientos con nuestro\u00a0Bolso Balonero Tubular 12 Unidades, dise\u00f1ado para optimizar el espacio y facilitar el acceso a los balones, este bolso te ayuda a aprovechar al m\u00e1ximo cada minuto de entrenamiento. Un equipo organizado es un equipo exitoso. Caracter\u00edsticas del Producto Bolso con malla Tira transportadora y [&hellip;]<\/p>\n","protected":false},"featured_media":0,"template":"","meta":[],"product_brand":[],"product_cat":[691],"product_tag":[],"class_list":{"0":"post-4794","1":"product","2":"type-product","3":"status-publish","5":"product_cat-mochilas-y-bolsos","7":"first","8":"outofstock","9":"taxable","10":"shipping-taxable","11":"purchasable","12":"product-type-simple"},"wc_booster_product_categories":[{"id":691,"name":"Mochilas y Bolsos"}],"wc_booster_product_price":"<span class=\"woocommerce-Price-amount amount\"><bdi><span class=\"woocommerce-Price-currencySymbol\">&#36;<\/span>17.990<\/bdi><\/span> <small class=\"woocommerce-price-suffix\">IVA Incluido<\/small>","wc_booster_product_rating":"","wc_booster_product_banner_img":false,"wc_booster_product_reviews":[],"wc_booster_product_stock_data":{"manage_stock":false,"total_stock":null,"sold_stock":0},"_links":{"self":[{"href":"https:\/\/deportesram.cl\/es_es\/wp-json\/wp\/v2\/product\/4794","targetHints":{"allow":["GET"]}}],"collection":[{"href":"https:\/\/deportesram.cl\/es_es\/wp-json\/wp\/v2\/product"}],"about":[{"href":"https:\/\/deportesram.cl\/es_es\/wp-json\/wp\/v2\/types\/product"}],"wp:attachment":[{"href":"https:\/\/deportesram.cl\/es_es\/wp-json\/wp\/v2\/media?parent=4794"}],"wp:term":[{"taxonomy":"product_brand","embeddable":true,"href":"https:\/\/deportesram.cl\/es_es\/wp-json\/wp\/v2\/product_brand?post=4794"},{"taxonomy":"product_cat","embeddable":true,"href":"https:\/\/deportesram.cl\/es_es\/wp-json\/wp\/v2\/product_cat?post=4794"},{"taxonomy":"product_tag","embeddable":true,"href":"https:\/\/deportesram.cl\/es_es\/wp-json\/wp\/v2\/product_tag?post=4794"}],"curies":[{"name":"wp","href":"https:\/\/api.w.org\/{rel}","templated":true}]}}