{"id":4821,"date":"2025-02-23T23:20:50","date_gmt":"2025-02-24T02:20:50","guid":{"rendered":"https:\/\/deportesram.cl\/?post_type=product&#038;p=4821"},"modified":"2025-08-19T11:14:21","modified_gmt":"2025-08-19T15:14:21","slug":"banda-elastica-algodon-eve-hip-band-resist-media-rosa","status":"publish","type":"product","link":"https:\/\/deportesram.cl\/es_es\/producto\/banda-elastica-algodon-eve-hip-band-resist-media-rosa\/","title":{"rendered":"Banda El\u00e1stica Algodon EVE HIP BAND RESIST MEDIA ROSA"},"content":{"rendered":"<div id=\"station-tabs-tabpanel_ht-i1-t3\" class=\"station-tabs-tabpanel is-active\" role=\"tabpanel\" aria-labelledby=\"station-tabs-tab_ht-i1-t3\" aria-hidden=\"false\">\n<div class=\"station-tabs-tabcontent\"><strong>Banda el\u00e1stica fabricada en algod\u00f3n y l\u00e1tex de alta durabilidad, incluye antideslizante por la parte interior la cual evita que se enrolle ni deslice, medida de resistencia media.<\/strong><\/div>\n<\/div>\n<h4 class=\"station-tabs-tabtitle\"><\/h4>\n","protected":false},"excerpt":{"rendered":"<p>Banda el\u00e1stica fabricada en algod\u00f3n y l\u00e1tex de alta durabilidad, incluye antideslizante por la parte interior la cual evita que se enrolle ni deslice, medida de resistencia media.<\/p>\n","protected":false},"featured_media":4822,"template":"","meta":[],"product_brand":[],"product_cat":[578],"product_tag":[],"class_list":{"0":"post-4821","1":"product","2":"type-product","3":"status-publish","4":"has-post-thumbnail","6":"product_cat-bandas","8":"first","9":"outofstock","10":"taxable","11":"shipping-taxable","12":"purchasable","13":"product-type-simple"},"wc_booster_product_categories":[{"id":578,"name":"Bandas"}],"wc_booster_product_price":"<span class=\"woocommerce-Price-amount amount\"><bdi><span class=\"woocommerce-Price-currencySymbol\">&#36;<\/span>9.990<\/bdi><\/span> <small class=\"woocommerce-price-suffix\">IVA Incluido<\/small>","wc_booster_product_rating":"","wc_booster_product_banner_img":false,"wc_booster_product_reviews":[],"wc_booster_product_stock_data":{"manage_stock":false,"total_stock":null,"sold_stock":0},"_links":{"self":[{"href":"https:\/\/deportesram.cl\/es_es\/wp-json\/wp\/v2\/product\/4821","targetHints":{"allow":["GET"]}}],"collection":[{"href":"https:\/\/deportesram.cl\/es_es\/wp-json\/wp\/v2\/product"}],"about":[{"href":"https:\/\/deportesram.cl\/es_es\/wp-json\/wp\/v2\/types\/product"}],"wp:featuredmedia":[{"embeddable":true,"href":"https:\/\/deportesram.cl\/es_es\/wp-json\/wp\/v2\/media\/4822"}],"wp:attachment":[{"href":"https:\/\/deportesram.cl\/es_es\/wp-json\/wp\/v2\/media?parent=4821"}],"wp:term":[{"taxonomy":"product_brand","embeddable":true,"href":"https:\/\/deportesram.cl\/es_es\/wp-json\/wp\/v2\/product_brand?post=4821"},{"taxonomy":"product_cat","embeddable":true,"href":"https:\/\/deportesram.cl\/es_es\/wp-json\/wp\/v2\/product_cat?post=4821"},{"taxonomy":"product_tag","embeddable":true,"href":"https:\/\/deportesram.cl\/es_es\/wp-json\/wp\/v2\/product_tag?post=4821"}],"curies":[{"name":"wp","href":"https:\/\/api.w.org\/{rel}","templated":true}]}}