{"id":4823,"date":"2025-02-24T11:19:37","date_gmt":"2025-02-24T14:19:37","guid":{"rendered":"https:\/\/deportesram.cl\/?post_type=product&#038;p=4823"},"modified":"2025-08-19T11:14:21","modified_gmt":"2025-08-19T15:14:21","slug":"banda-elastica-algodon-eve-hip-band-resist-alta-gris","status":"publish","type":"product","link":"https:\/\/deportesram.cl\/es_es\/producto\/banda-elastica-algodon-eve-hip-band-resist-alta-gris\/","title":{"rendered":"Banda El\u00e1stica Algod\u00f3n EVE HIP BAND RESIST ALTA GRIS"},"content":{"rendered":"<p><strong>Banda el\u00e1stica fabricada en algod\u00f3n y l\u00e1tex de alta durabilidad, incluye antideslizante por la parte interior la cual evita que se enrolle ni deslice, medida de resistencia alta.<\/strong><\/p>\n","protected":false},"excerpt":{"rendered":"<p>Banda el\u00e1stica fabricada en algod\u00f3n y l\u00e1tex de alta durabilidad, incluye antideslizante por la parte interior la cual evita que se enrolle ni deslice, medida de resistencia alta.<\/p>\n","protected":false},"featured_media":4824,"template":"","meta":[],"product_brand":[],"product_cat":[578],"product_tag":[],"class_list":{"0":"post-4823","1":"product","2":"type-product","3":"status-publish","4":"has-post-thumbnail","6":"product_cat-bandas","8":"first","9":"outofstock","10":"taxable","11":"shipping-taxable","12":"purchasable","13":"product-type-simple"},"wc_booster_product_categories":[{"id":578,"name":"Bandas"}],"wc_booster_product_price":"<span class=\"woocommerce-Price-amount amount\"><bdi><span class=\"woocommerce-Price-currencySymbol\">&#36;<\/span>9.990<\/bdi><\/span> <small class=\"woocommerce-price-suffix\">IVA Incluido<\/small>","wc_booster_product_rating":"","wc_booster_product_banner_img":false,"wc_booster_product_reviews":[],"wc_booster_product_stock_data":{"manage_stock":false,"total_stock":null,"sold_stock":0},"_links":{"self":[{"href":"https:\/\/deportesram.cl\/es_es\/wp-json\/wp\/v2\/product\/4823","targetHints":{"allow":["GET"]}}],"collection":[{"href":"https:\/\/deportesram.cl\/es_es\/wp-json\/wp\/v2\/product"}],"about":[{"href":"https:\/\/deportesram.cl\/es_es\/wp-json\/wp\/v2\/types\/product"}],"wp:featuredmedia":[{"embeddable":true,"href":"https:\/\/deportesram.cl\/es_es\/wp-json\/wp\/v2\/media\/4824"}],"wp:attachment":[{"href":"https:\/\/deportesram.cl\/es_es\/wp-json\/wp\/v2\/media?parent=4823"}],"wp:term":[{"taxonomy":"product_brand","embeddable":true,"href":"https:\/\/deportesram.cl\/es_es\/wp-json\/wp\/v2\/product_brand?post=4823"},{"taxonomy":"product_cat","embeddable":true,"href":"https:\/\/deportesram.cl\/es_es\/wp-json\/wp\/v2\/product_cat?post=4823"},{"taxonomy":"product_tag","embeddable":true,"href":"https:\/\/deportesram.cl\/es_es\/wp-json\/wp\/v2\/product_tag?post=4823"}],"curies":[{"name":"wp","href":"https:\/\/api.w.org\/{rel}","templated":true}]}}