{"id":4830,"date":"2025-02-24T11:57:10","date_gmt":"2025-02-24T14:57:10","guid":{"rendered":"https:\/\/deportesram.cl\/?post_type=product&#038;p=4830"},"modified":"2025-08-19T09:39:41","modified_gmt":"2025-08-19T13:39:41","slug":"botella-tritan-everlast-700ml-fucsia","status":"publish","type":"product","link":"https:\/\/deportesram.cl\/es_es\/producto\/botella-tritan-everlast-700ml-fucsia\/","title":{"rendered":"Botella Tritan EVERLAST 700ML FUCSIA"},"content":{"rendered":"<header class=\"page-header _sticky\">\n<div class=\"menu_content mf-initial\" data-was-processed=\"true\">\n<div class=\"header-links mf-initial\" data-was-processed=\"true\">\n<div class=\"wrapper-search d-flex mf-initial\" data-was-processed=\"true\">\n<div class=\"custom-search mf-initial\" data-was-processed=\"true\">\n<form id=\"search_mini_form\" class=\"form minisearch -result -large\" action=\"https:\/\/www.everlast.cl\/catalogsearch\/result\/\" method=\"get\">\n<div class=\"field search mf-initial\" data-was-processed=\"true\">\n<div class=\"control mf-initial\" data-was-processed=\"true\">\n<div class=\"amsearch-wrapper-input -right-position -bottom-position mf-initial\" data-amsearch-js=\"search-wrapper-input\" data-was-processed=\"true\">Almacena los l\u00edquidos de manera segura en el rango de temperatura de -10\u00baC a 96\u00baC. C\u00f3modo con asa de transporte. F\u00e1cil de usar con tapa de bot\u00f3n de un solo clic. Pruebas de calidad: LFGB \/ SGS \/ BPA FREE.<\/div>\n<\/div>\n<\/div>\n<\/form>\n<\/div>\n<\/div>\n<\/div>\n<\/div>\n<\/header>\n","protected":false},"excerpt":{"rendered":"<p>Almacena los l\u00edquidos de manera segura en el rango de temperatura de -10\u00baC a 96\u00baC. C\u00f3modo con asa de transporte. F\u00e1cil de usar con tapa de bot\u00f3n de un solo clic. Pruebas de calidad: LFGB \/ SGS \/ BPA FREE.<\/p>\n","protected":false},"featured_media":4831,"template":"","meta":[],"product_brand":[],"product_cat":[690],"product_tag":[],"class_list":{"0":"post-4830","1":"product","2":"type-product","3":"status-publish","4":"has-post-thumbnail","6":"product_cat-botellas","8":"first","9":"outofstock","10":"taxable","11":"shipping-taxable","12":"purchasable","13":"product-type-simple"},"wc_booster_product_categories":[{"id":690,"name":"Botellas"}],"wc_booster_product_price":"<span class=\"woocommerce-Price-amount amount\"><bdi><span class=\"woocommerce-Price-currencySymbol\">&#36;<\/span>14.990<\/bdi><\/span> <small class=\"woocommerce-price-suffix\">IVA Incluido<\/small>","wc_booster_product_rating":"","wc_booster_product_banner_img":false,"wc_booster_product_reviews":[],"wc_booster_product_stock_data":{"manage_stock":false,"total_stock":null,"sold_stock":0},"_links":{"self":[{"href":"https:\/\/deportesram.cl\/es_es\/wp-json\/wp\/v2\/product\/4830","targetHints":{"allow":["GET"]}}],"collection":[{"href":"https:\/\/deportesram.cl\/es_es\/wp-json\/wp\/v2\/product"}],"about":[{"href":"https:\/\/deportesram.cl\/es_es\/wp-json\/wp\/v2\/types\/product"}],"wp:featuredmedia":[{"embeddable":true,"href":"https:\/\/deportesram.cl\/es_es\/wp-json\/wp\/v2\/media\/4831"}],"wp:attachment":[{"href":"https:\/\/deportesram.cl\/es_es\/wp-json\/wp\/v2\/media?parent=4830"}],"wp:term":[{"taxonomy":"product_brand","embeddable":true,"href":"https:\/\/deportesram.cl\/es_es\/wp-json\/wp\/v2\/product_brand?post=4830"},{"taxonomy":"product_cat","embeddable":true,"href":"https:\/\/deportesram.cl\/es_es\/wp-json\/wp\/v2\/product_cat?post=4830"},{"taxonomy":"product_tag","embeddable":true,"href":"https:\/\/deportesram.cl\/es_es\/wp-json\/wp\/v2\/product_tag?post=4830"}],"curies":[{"name":"wp","href":"https:\/\/api.w.org\/{rel}","templated":true}]}}