{"id":4837,"date":"2025-02-24T13:00:36","date_gmt":"2025-02-24T16:00:36","guid":{"rendered":"https:\/\/deportesram.cl\/?post_type=product&#038;p=4837"},"modified":"2025-08-18T21:26:19","modified_gmt":"2025-08-19T01:26:19","slug":"protector-bucal-evergel-azul","status":"publish","type":"product","link":"https:\/\/deportesram.cl\/es_es\/producto\/protector-bucal-evergel-azul\/","title":{"rendered":"Protector Bucal EVERGEL AZUL"},"content":{"rendered":"<p><strong>Tipo de Producto: Bucal<\/strong><br \/>\n<strong>La estructura del protector bucal de triple capa incluye una capa interna de gel suave y una capa intermedia absorbente de golpes, rodeada por un protector exterior mas r\u00edgido, para la m\u00e1xima protecci\u00f3n contra impactos. El dise\u00f1o de hervir y morder proporciona moldes personalizados para un ajuste apretado y c\u00f3modo. Incluye una funda de pl\u00e1stico para un almacenamiento limpio y seguro.<\/strong><br \/>\n<strong>Color: Azul<\/strong><br \/>\n<strong>Lineal: Boxeo<\/strong><\/p>\n","protected":false},"excerpt":{"rendered":"<p>Tipo de Producto: Bucal La estructura del protector bucal de triple capa incluye una capa interna de gel suave y una capa intermedia absorbente de golpes, rodeada por un protector exterior mas r\u00edgido, para la m\u00e1xima protecci\u00f3n contra impactos. El dise\u00f1o de hervir y morder proporciona moldes personalizados para un ajuste apretado y c\u00f3modo. Incluye [&hellip;]<\/p>\n","protected":false},"featured_media":4838,"template":"","meta":[],"product_brand":[],"product_cat":[566,569],"product_tag":[],"class_list":{"0":"post-4837","1":"product","2":"type-product","3":"status-publish","4":"has-post-thumbnail","6":"product_cat-boxeo","7":"product_cat-protectores-bucal-cabezal","9":"first","10":"outofstock","11":"taxable","12":"shipping-taxable","13":"purchasable","14":"product-type-simple"},"wc_booster_product_categories":[{"id":566,"name":"Boxeo \/ MMA"},{"id":569,"name":"Protectores (Bucal\/Cabezal)"}],"wc_booster_product_price":"<span class=\"woocommerce-Price-amount amount\"><bdi><span class=\"woocommerce-Price-currencySymbol\">&#36;<\/span>19.990<\/bdi><\/span> <small class=\"woocommerce-price-suffix\">IVA Incluido<\/small>","wc_booster_product_rating":"","wc_booster_product_banner_img":false,"wc_booster_product_reviews":[],"wc_booster_product_stock_data":{"manage_stock":false,"total_stock":null,"sold_stock":0},"_links":{"self":[{"href":"https:\/\/deportesram.cl\/es_es\/wp-json\/wp\/v2\/product\/4837","targetHints":{"allow":["GET"]}}],"collection":[{"href":"https:\/\/deportesram.cl\/es_es\/wp-json\/wp\/v2\/product"}],"about":[{"href":"https:\/\/deportesram.cl\/es_es\/wp-json\/wp\/v2\/types\/product"}],"wp:featuredmedia":[{"embeddable":true,"href":"https:\/\/deportesram.cl\/es_es\/wp-json\/wp\/v2\/media\/4838"}],"wp:attachment":[{"href":"https:\/\/deportesram.cl\/es_es\/wp-json\/wp\/v2\/media?parent=4837"}],"wp:term":[{"taxonomy":"product_brand","embeddable":true,"href":"https:\/\/deportesram.cl\/es_es\/wp-json\/wp\/v2\/product_brand?post=4837"},{"taxonomy":"product_cat","embeddable":true,"href":"https:\/\/deportesram.cl\/es_es\/wp-json\/wp\/v2\/product_cat?post=4837"},{"taxonomy":"product_tag","embeddable":true,"href":"https:\/\/deportesram.cl\/es_es\/wp-json\/wp\/v2\/product_tag?post=4837"}],"curies":[{"name":"wp","href":"https:\/\/api.w.org\/{rel}","templated":true}]}}