{"id":4848,"date":"2025-02-24T14:04:34","date_gmt":"2025-02-24T17:04:34","guid":{"rendered":"https:\/\/deportesram.cl\/?post_type=product&#038;p=4848"},"modified":"2025-08-19T10:22:12","modified_gmt":"2025-08-19T14:22:12","slug":"protector-bucal-eversheld-doble-negro","status":"publish","type":"product","link":"https:\/\/deportesram.cl\/es_es\/producto\/protector-bucal-eversheld-doble-negro\/","title":{"rendered":"Protector Bucal EVERSHELD DOBLE NEGRO"},"content":{"rendered":"<p><strong>Protector bucal doble Everlast, talla \u00fanica &#8211; Marco de doble capa &#8211; Capa interna que absorbe los golpes rodeada por un protector externo m\u00e1s r\u00edgido &#8211; Dise\u00f1ado espec\u00edficamente para la protecci\u00f3n de la mand\u00edbula superior e inferior &#8211; El dise\u00f1o de hervir y morder proporciona moldes personalizados para un ajuste ce\u00f1ido y c\u00f3modo &#8211; Tipo de deporte: Artes marciales<\/strong><\/p>\n","protected":false},"excerpt":{"rendered":"<p>Protector bucal doble Everlast, talla \u00fanica &#8211; Marco de doble capa &#8211; Capa interna que absorbe los golpes rodeada por un protector externo m\u00e1s r\u00edgido &#8211; Dise\u00f1ado espec\u00edficamente para la protecci\u00f3n de la mand\u00edbula superior e inferior &#8211; El dise\u00f1o de hervir y morder proporciona moldes personalizados para un ajuste ce\u00f1ido y c\u00f3modo &#8211; Tipo [&hellip;]<\/p>\n","protected":false},"featured_media":4849,"template":"","meta":[],"product_brand":[],"product_cat":[569],"product_tag":[],"class_list":{"0":"post-4848","1":"product","2":"type-product","3":"status-publish","4":"has-post-thumbnail","6":"product_cat-protectores-bucal-cabezal","8":"first","9":"outofstock","10":"taxable","11":"shipping-taxable","12":"purchasable","13":"product-type-simple"},"wc_booster_product_categories":[{"id":569,"name":"Protectores (Bucal\/Cabezal)"}],"wc_booster_product_price":"<span class=\"woocommerce-Price-amount amount\"><bdi><span class=\"woocommerce-Price-currencySymbol\">&#36;<\/span>8.990<\/bdi><\/span> <small class=\"woocommerce-price-suffix\">IVA Incluido<\/small>","wc_booster_product_rating":"","wc_booster_product_banner_img":false,"wc_booster_product_reviews":[],"wc_booster_product_stock_data":{"manage_stock":false,"total_stock":null,"sold_stock":0},"_links":{"self":[{"href":"https:\/\/deportesram.cl\/es_es\/wp-json\/wp\/v2\/product\/4848","targetHints":{"allow":["GET"]}}],"collection":[{"href":"https:\/\/deportesram.cl\/es_es\/wp-json\/wp\/v2\/product"}],"about":[{"href":"https:\/\/deportesram.cl\/es_es\/wp-json\/wp\/v2\/types\/product"}],"wp:featuredmedia":[{"embeddable":true,"href":"https:\/\/deportesram.cl\/es_es\/wp-json\/wp\/v2\/media\/4849"}],"wp:attachment":[{"href":"https:\/\/deportesram.cl\/es_es\/wp-json\/wp\/v2\/media?parent=4848"}],"wp:term":[{"taxonomy":"product_brand","embeddable":true,"href":"https:\/\/deportesram.cl\/es_es\/wp-json\/wp\/v2\/product_brand?post=4848"},{"taxonomy":"product_cat","embeddable":true,"href":"https:\/\/deportesram.cl\/es_es\/wp-json\/wp\/v2\/product_cat?post=4848"},{"taxonomy":"product_tag","embeddable":true,"href":"https:\/\/deportesram.cl\/es_es\/wp-json\/wp\/v2\/product_tag?post=4848"}],"curies":[{"name":"wp","href":"https:\/\/api.w.org\/{rel}","templated":true}]}}