{"id":4850,"date":"2025-02-24T14:14:39","date_gmt":"2025-02-24T17:14:39","guid":{"rendered":"https:\/\/deportesram.cl\/?post_type=product&#038;p=4850"},"modified":"2025-08-19T10:22:12","modified_gmt":"2025-08-19T14:22:12","slug":"protector-bucal-doble-everlast-transparente","status":"publish","type":"product","link":"https:\/\/deportesram.cl\/es_es\/producto\/protector-bucal-doble-everlast-transparente\/","title":{"rendered":"Protector Bucal DOBLE EVERLAST TRANSPARENTE"},"content":{"rendered":"<p><strong>Tipo de Producto: Protector Bucal<\/strong><br \/>\n<strong>Color: Transparente.<\/strong><br \/>\n<strong>Cuidados: Lavar a mano con agua fr\u00eda por el rev\u00e9s, usar jab\u00f3n neutro, no usar cloro ni suavizante, no secar en maquina y no planchar estampados.<\/strong><\/p>\n","protected":false},"excerpt":{"rendered":"<p>Tipo de Producto: Protector Bucal Color: Transparente. Cuidados: Lavar a mano con agua fr\u00eda por el rev\u00e9s, usar jab\u00f3n neutro, no usar cloro ni suavizante, no secar en maquina y no planchar estampados.<\/p>\n","protected":false},"featured_media":4851,"template":"","meta":[],"product_brand":[],"product_cat":[569],"product_tag":[],"class_list":{"0":"post-4850","1":"product","2":"type-product","3":"status-publish","4":"has-post-thumbnail","6":"product_cat-protectores-bucal-cabezal","8":"first","9":"outofstock","10":"taxable","11":"shipping-taxable","12":"purchasable","13":"product-type-simple"},"wc_booster_product_categories":[{"id":569,"name":"Protectores (Bucal\/Cabezal)"}],"wc_booster_product_price":"<span class=\"woocommerce-Price-amount amount\"><bdi><span class=\"woocommerce-Price-currencySymbol\">&#36;<\/span>5.990<\/bdi><\/span> <small class=\"woocommerce-price-suffix\">IVA Incluido<\/small>","wc_booster_product_rating":"","wc_booster_product_banner_img":false,"wc_booster_product_reviews":[],"wc_booster_product_stock_data":{"manage_stock":false,"total_stock":null,"sold_stock":0},"_links":{"self":[{"href":"https:\/\/deportesram.cl\/es_es\/wp-json\/wp\/v2\/product\/4850","targetHints":{"allow":["GET"]}}],"collection":[{"href":"https:\/\/deportesram.cl\/es_es\/wp-json\/wp\/v2\/product"}],"about":[{"href":"https:\/\/deportesram.cl\/es_es\/wp-json\/wp\/v2\/types\/product"}],"wp:featuredmedia":[{"embeddable":true,"href":"https:\/\/deportesram.cl\/es_es\/wp-json\/wp\/v2\/media\/4851"}],"wp:attachment":[{"href":"https:\/\/deportesram.cl\/es_es\/wp-json\/wp\/v2\/media?parent=4850"}],"wp:term":[{"taxonomy":"product_brand","embeddable":true,"href":"https:\/\/deportesram.cl\/es_es\/wp-json\/wp\/v2\/product_brand?post=4850"},{"taxonomy":"product_cat","embeddable":true,"href":"https:\/\/deportesram.cl\/es_es\/wp-json\/wp\/v2\/product_cat?post=4850"},{"taxonomy":"product_tag","embeddable":true,"href":"https:\/\/deportesram.cl\/es_es\/wp-json\/wp\/v2\/product_tag?post=4850"}],"curies":[{"name":"wp","href":"https:\/\/api.w.org\/{rel}","templated":true}]}}