{"id":4854,"date":"2025-02-24T14:26:04","date_gmt":"2025-02-24T17:26:04","guid":{"rendered":"https:\/\/deportesram.cl\/?post_type=product&#038;p=4854"},"modified":"2025-08-18T21:23:29","modified_gmt":"2025-08-19T01:23:29","slug":"cabezal-eve-core-negro-ajustable-tallao-s","status":"publish","type":"product","link":"https:\/\/deportesram.cl\/es_es\/producto\/cabezal-eve-core-negro-ajustable-tallao-s\/","title":{"rendered":"Cabezal Eve Core NEGRO AJUSTABLE TALLA:O\/S"},"content":{"rendered":"<p><strong><u>Tipo de Producto<\/u>: Cabezal<\/strong><\/p>\n<p><strong>\u00a0El dise\u00f1o liviano y de perfil bajo ofrece un ajuste menos restrictivo que los cascos tradicionales sin sacrificar el rendimiento ni la protecci\u00f3n. El sistema de correa de velcro ajustable tanto en la barbilla como en la parte trasera hace que el Cabezal Core Everlast sea uno de los m\u00e1s ajustables del mercado, para lograr ese ajuste perfecto. La correa para la oreja integrada y la zona de impacto acolchada trasera separada y brindan protecci\u00f3n adicional sin impedir la capacidad de moverse o escuchar. La construcci\u00f3n de cuero sint\u00e9tico de alta calidad brinda una durabilidad ideal, mientras que el revestimiento con tratamiento antimicrobiano ayuda a prevenir el crecimiento bacteriano y el orden entre usos.<\/strong><\/p>\n<p><strong><u>Color T\u00e9cnico<\/u>: Negro<\/strong><\/p>\n","protected":false},"excerpt":{"rendered":"<p>Tipo de Producto: Cabezal \u00a0El dise\u00f1o liviano y de perfil bajo ofrece un ajuste menos restrictivo que los cascos tradicionales sin sacrificar el rendimiento ni la protecci\u00f3n. El sistema de correa de velcro ajustable tanto en la barbilla como en la parte trasera hace que el Cabezal Core Everlast sea uno de los m\u00e1s ajustables [&hellip;]<\/p>\n","protected":false},"featured_media":4855,"template":"","meta":[],"product_brand":[],"product_cat":[569],"product_tag":[],"class_list":{"0":"post-4854","1":"product","2":"type-product","3":"status-publish","4":"has-post-thumbnail","6":"product_cat-protectores-bucal-cabezal","8":"first","9":"outofstock","10":"taxable","11":"shipping-taxable","12":"purchasable","13":"product-type-simple"},"wc_booster_product_categories":[{"id":569,"name":"Protectores (Bucal\/Cabezal)"}],"wc_booster_product_price":"<span class=\"woocommerce-Price-amount amount\"><bdi><span class=\"woocommerce-Price-currencySymbol\">&#36;<\/span>39.990<\/bdi><\/span> <small class=\"woocommerce-price-suffix\">IVA Incluido<\/small>","wc_booster_product_rating":"","wc_booster_product_banner_img":false,"wc_booster_product_reviews":[],"wc_booster_product_stock_data":{"manage_stock":false,"total_stock":null,"sold_stock":0},"_links":{"self":[{"href":"https:\/\/deportesram.cl\/es_es\/wp-json\/wp\/v2\/product\/4854","targetHints":{"allow":["GET"]}}],"collection":[{"href":"https:\/\/deportesram.cl\/es_es\/wp-json\/wp\/v2\/product"}],"about":[{"href":"https:\/\/deportesram.cl\/es_es\/wp-json\/wp\/v2\/types\/product"}],"wp:featuredmedia":[{"embeddable":true,"href":"https:\/\/deportesram.cl\/es_es\/wp-json\/wp\/v2\/media\/4855"}],"wp:attachment":[{"href":"https:\/\/deportesram.cl\/es_es\/wp-json\/wp\/v2\/media?parent=4854"}],"wp:term":[{"taxonomy":"product_brand","embeddable":true,"href":"https:\/\/deportesram.cl\/es_es\/wp-json\/wp\/v2\/product_brand?post=4854"},{"taxonomy":"product_cat","embeddable":true,"href":"https:\/\/deportesram.cl\/es_es\/wp-json\/wp\/v2\/product_cat?post=4854"},{"taxonomy":"product_tag","embeddable":true,"href":"https:\/\/deportesram.cl\/es_es\/wp-json\/wp\/v2\/product_tag?post=4854"}],"curies":[{"name":"wp","href":"https:\/\/api.w.org\/{rel}","templated":true}]}}