{"id":4886,"date":"2025-02-25T13:38:52","date_gmt":"2025-02-25T16:38:52","guid":{"rendered":"https:\/\/deportesram.cl\/?post_type=product&#038;p=4886"},"modified":"2025-10-02T15:41:54","modified_gmt":"2025-10-02T18:41:54","slug":"colchoneta-everlast-100x50x05-negro-dorado","status":"publish","type":"product","link":"https:\/\/deportesram.cl\/es_es\/producto\/colchoneta-everlast-100x50x05-negro-dorado\/","title":{"rendered":"Colchoneta EVERLAST 100X50X0,5 NEGRO DORADO"},"content":{"rendered":"<p><strong>Colchoneta impermeable Everlast, dise\u00f1ada para el trabajo funcional y crossfit, tanto para hombres y mujeres que realizan rutinas de ejercicios ya sea en gimnasio, centros de rehabilitaci\u00f3n deportivo o en la comodidad del hogar. Es una colchoneta profesional, fabricada en espuma de polietileno aglomerada de excelente calidad. Est\u00e1 forrada en tela oxford con recubrimiento textil, resistente al agua, de f\u00e1cil limpieza, lo que la hace de alta duraci\u00f3n al fuerte impacto.<\/strong><\/p>\n<p><strong>Caracter\u00edsticas:<\/strong><br \/>\n<strong>&#8211; Forro hecho en tela Oxford<\/strong><br \/>\n<strong>&#8211; Espumado de alta calidad con soporte textil en poli\u00e9ster, Impermeable, Forro reforzado en las esquinas de f\u00e1cil limpieza y buenas resistencias f\u00edsicas.<\/strong><br \/>\n<strong>&#8211; Medidas: 100cm x 50cm x 4cm.<\/strong><br \/>\n<strong>&#8211; Superficie antideslizante.<\/strong><br \/>\n<strong>&#8211; Acolchada para mayor comodidad y absorci\u00f3n de impactos.<\/strong><\/p>\n","protected":false},"excerpt":{"rendered":"<p>Colchoneta impermeable Everlast, dise\u00f1ada para el trabajo funcional y crossfit, tanto para hombres y mujeres que realizan rutinas de ejercicios ya sea en gimnasio, centros de rehabilitaci\u00f3n deportivo o en la comodidad del hogar. Es una colchoneta profesional, fabricada en espuma de polietileno aglomerada de excelente calidad. Est\u00e1 forrada en tela oxford con recubrimiento textil, [&hellip;]<\/p>\n","protected":false},"featured_media":6314,"template":"","meta":[],"product_brand":[],"product_cat":[589],"product_tag":[],"class_list":{"0":"post-4886","1":"product","2":"type-product","3":"status-publish","4":"has-post-thumbnail","6":"product_cat-colchonetas-y-colchoneton","8":"first","9":"instock","10":"taxable","11":"shipping-taxable","12":"purchasable","13":"product-type-simple"},"wc_booster_product_categories":[{"id":589,"name":"Colchonetas y Colchonet\u00f3n"}],"wc_booster_product_price":"<span class=\"woocommerce-Price-amount amount\"><bdi><span class=\"woocommerce-Price-currencySymbol\">&#36;<\/span>29.990<\/bdi><\/span> <small class=\"woocommerce-price-suffix\">IVA Incluido<\/small>","wc_booster_product_rating":"","wc_booster_product_banner_img":false,"wc_booster_product_reviews":[],"wc_booster_product_stock_data":{"manage_stock":true,"total_stock":5,"sold_stock":0},"_links":{"self":[{"href":"https:\/\/deportesram.cl\/es_es\/wp-json\/wp\/v2\/product\/4886","targetHints":{"allow":["GET"]}}],"collection":[{"href":"https:\/\/deportesram.cl\/es_es\/wp-json\/wp\/v2\/product"}],"about":[{"href":"https:\/\/deportesram.cl\/es_es\/wp-json\/wp\/v2\/types\/product"}],"wp:featuredmedia":[{"embeddable":true,"href":"https:\/\/deportesram.cl\/es_es\/wp-json\/wp\/v2\/media\/6314"}],"wp:attachment":[{"href":"https:\/\/deportesram.cl\/es_es\/wp-json\/wp\/v2\/media?parent=4886"}],"wp:term":[{"taxonomy":"product_brand","embeddable":true,"href":"https:\/\/deportesram.cl\/es_es\/wp-json\/wp\/v2\/product_brand?post=4886"},{"taxonomy":"product_cat","embeddable":true,"href":"https:\/\/deportesram.cl\/es_es\/wp-json\/wp\/v2\/product_cat?post=4886"},{"taxonomy":"product_tag","embeddable":true,"href":"https:\/\/deportesram.cl\/es_es\/wp-json\/wp\/v2\/product_tag?post=4886"}],"curies":[{"name":"wp","href":"https:\/\/api.w.org\/{rel}","templated":true}]}}