{"id":4888,"date":"2025-02-25T14:29:20","date_gmt":"2025-02-25T17:29:20","guid":{"rendered":"https:\/\/deportesram.cl\/?post_type=product&#038;p=4888"},"modified":"2025-08-19T10:15:39","modified_gmt":"2025-08-19T14:15:39","slug":"mat-yoga-6mm-ever-verde-lima","status":"publish","type":"product","link":"https:\/\/deportesram.cl\/es_es\/producto\/mat-yoga-6mm-ever-verde-lima\/","title":{"rendered":"Mat YOGA 6MM EVER VERDE LIMA"},"content":{"rendered":"<p><strong>Dise\u00f1ado para proporcionar una excelente comodidad en cualquier pr\u00e1ctica de yoga y pilates.<\/strong><br \/>\n<strong>La superficie antideslizante entrega mayor estabilidad y seguridad. Apto para principiantes o expertos. Lavable: solo use jab\u00f3n y agua.<\/strong><br \/>\n<strong>Caracter\u00edsticas:<\/strong><br \/>\n<strong>&#8211; Para pr\u00e1ctica de yoga y pilates.<\/strong><br \/>\n<strong>&#8211; Superficie antideslizante.<\/strong><br \/>\n<strong>&#8211; Lavable: solo use jab\u00f3n y agua.<\/strong><br \/>\n<strong>&#8211; Dise\u00f1ado para proporcionar una excelente comodidad en cualquier pr\u00e1ctica de yoga y pilates<\/strong><br \/>\n<strong>&#8211; La superficie antideslizante entrega mayor estabilidad y seguridad.<\/strong><br \/>\n<strong>&#8211; Apto para principiantes o expertos<\/strong><br \/>\n<strong>&#8211; Material: PVC<\/strong><\/p>\n","protected":false},"excerpt":{"rendered":"<p>Dise\u00f1ado para proporcionar una excelente comodidad en cualquier pr\u00e1ctica de yoga y pilates. La superficie antideslizante entrega mayor estabilidad y seguridad. Apto para principiantes o expertos. Lavable: solo use jab\u00f3n y agua. Caracter\u00edsticas: &#8211; Para pr\u00e1ctica de yoga y pilates. &#8211; Superficie antideslizante. &#8211; Lavable: solo use jab\u00f3n y agua. &#8211; Dise\u00f1ado para proporcionar una [&hellip;]<\/p>\n","protected":false},"featured_media":4890,"template":"","meta":[],"product_brand":[],"product_cat":[671,668],"product_tag":[],"class_list":{"0":"post-4888","1":"product","2":"type-product","3":"status-publish","4":"has-post-thumbnail","6":"product_cat-mat-yoga","7":"product_cat-yoga","9":"first","10":"outofstock","11":"taxable","12":"shipping-taxable","13":"purchasable","14":"product-type-simple"},"wc_booster_product_categories":[{"id":671,"name":"Mat"},{"id":668,"name":"Yoga"}],"wc_booster_product_price":"<span class=\"woocommerce-Price-amount amount\"><bdi><span class=\"woocommerce-Price-currencySymbol\">&#36;<\/span>17.990<\/bdi><\/span> <small class=\"woocommerce-price-suffix\">IVA Incluido<\/small>","wc_booster_product_rating":"","wc_booster_product_banner_img":false,"wc_booster_product_reviews":[],"wc_booster_product_stock_data":{"manage_stock":false,"total_stock":null,"sold_stock":0},"_links":{"self":[{"href":"https:\/\/deportesram.cl\/es_es\/wp-json\/wp\/v2\/product\/4888","targetHints":{"allow":["GET"]}}],"collection":[{"href":"https:\/\/deportesram.cl\/es_es\/wp-json\/wp\/v2\/product"}],"about":[{"href":"https:\/\/deportesram.cl\/es_es\/wp-json\/wp\/v2\/types\/product"}],"wp:featuredmedia":[{"embeddable":true,"href":"https:\/\/deportesram.cl\/es_es\/wp-json\/wp\/v2\/media\/4890"}],"wp:attachment":[{"href":"https:\/\/deportesram.cl\/es_es\/wp-json\/wp\/v2\/media?parent=4888"}],"wp:term":[{"taxonomy":"product_brand","embeddable":true,"href":"https:\/\/deportesram.cl\/es_es\/wp-json\/wp\/v2\/product_brand?post=4888"},{"taxonomy":"product_cat","embeddable":true,"href":"https:\/\/deportesram.cl\/es_es\/wp-json\/wp\/v2\/product_cat?post=4888"},{"taxonomy":"product_tag","embeddable":true,"href":"https:\/\/deportesram.cl\/es_es\/wp-json\/wp\/v2\/product_tag?post=4888"}],"curies":[{"name":"wp","href":"https:\/\/api.w.org\/{rel}","templated":true}]}}