{"id":4895,"date":"2025-02-25T15:09:48","date_gmt":"2025-02-25T18:09:48","guid":{"rendered":"https:\/\/deportesram.cl\/?post_type=product&#038;p=4895"},"modified":"2025-12-15T14:45:11","modified_gmt":"2025-12-15T17:45:11","slug":"cuerda-salto-eve-deluxe-speed-verde-11ft","status":"publish","type":"product","link":"https:\/\/deportesram.cl\/es_es\/producto\/cuerda-salto-eve-deluxe-speed-verde-11ft\/","title":{"rendered":"Cuerda Salto EVE DELUXE SPEED VERDE 11FT"},"content":{"rendered":"<p><strong>Cuerda de velocidad construida en Metal, forrada en sint\u00e9tico de alta calidad Dise\u00f1o deportivo con textura lisa, mangos suaves, resistentes y c\u00f3modos.<\/strong><br \/>\n<strong>Apto para personas de hasta 2.20 mt. C\u00f3moda y liviana. F\u00e1cil de transportar.<\/strong><br \/>\n<strong>\u00dasala en exterior o interior. Cuerda ajustable.<\/strong><br \/>\n<strong>* Cuerda de velocidad construida en Metal forrada en sint\u00e9tico de alta calidad.<\/strong><br \/>\n<strong>* Dise\u00f1o deportivo con textura lisa, mangos suaves, resistentes y c\u00f3modos.<\/strong><br \/>\n<strong>* Apto para personas de hasta 2.20 Mts.<\/strong><br \/>\n<strong>* C\u00f3moda y liviana. F\u00e1cil de transportar.<\/strong><br \/>\n<strong>* \u00dasala en exterior o interior. Cuerda ajustable<\/strong>.<\/p>\n","protected":false},"excerpt":{"rendered":"<p>Cuerda de velocidad construida en Metal, forrada en sint\u00e9tico de alta calidad Dise\u00f1o deportivo con textura lisa, mangos suaves, resistentes y c\u00f3modos. Apto para personas de hasta 2.20 mt. C\u00f3moda y liviana. F\u00e1cil de transportar. \u00dasala en exterior o interior. Cuerda ajustable. * Cuerda de velocidad construida en Metal forrada en sint\u00e9tico de alta calidad. [&hellip;]<\/p>\n","protected":false},"featured_media":4896,"template":"","meta":[],"product_brand":[],"product_cat":[689],"product_tag":[],"class_list":{"0":"post-4895","1":"product","2":"type-product","3":"status-publish","4":"has-post-thumbnail","6":"product_cat-cuerdas-de-salto","8":"first","9":"instock","10":"taxable","11":"shipping-taxable","12":"purchasable","13":"product-type-simple"},"wc_booster_product_categories":[{"id":689,"name":"Cuerdas de Salto"}],"wc_booster_product_price":"<span class=\"woocommerce-Price-amount amount\"><bdi><span class=\"woocommerce-Price-currencySymbol\">&#36;<\/span>12.990<\/bdi><\/span> <small class=\"woocommerce-price-suffix\">IVA Incluido<\/small>","wc_booster_product_rating":"","wc_booster_product_banner_img":false,"wc_booster_product_reviews":[],"wc_booster_product_stock_data":{"manage_stock":true,"total_stock":1,"sold_stock":0},"_links":{"self":[{"href":"https:\/\/deportesram.cl\/es_es\/wp-json\/wp\/v2\/product\/4895","targetHints":{"allow":["GET"]}}],"collection":[{"href":"https:\/\/deportesram.cl\/es_es\/wp-json\/wp\/v2\/product"}],"about":[{"href":"https:\/\/deportesram.cl\/es_es\/wp-json\/wp\/v2\/types\/product"}],"wp:featuredmedia":[{"embeddable":true,"href":"https:\/\/deportesram.cl\/es_es\/wp-json\/wp\/v2\/media\/4896"}],"wp:attachment":[{"href":"https:\/\/deportesram.cl\/es_es\/wp-json\/wp\/v2\/media?parent=4895"}],"wp:term":[{"taxonomy":"product_brand","embeddable":true,"href":"https:\/\/deportesram.cl\/es_es\/wp-json\/wp\/v2\/product_brand?post=4895"},{"taxonomy":"product_cat","embeddable":true,"href":"https:\/\/deportesram.cl\/es_es\/wp-json\/wp\/v2\/product_cat?post=4895"},{"taxonomy":"product_tag","embeddable":true,"href":"https:\/\/deportesram.cl\/es_es\/wp-json\/wp\/v2\/product_tag?post=4895"}],"curies":[{"name":"wp","href":"https:\/\/api.w.org\/{rel}","templated":true}]}}