{"id":4904,"date":"2025-02-26T13:20:50","date_gmt":"2025-02-26T16:20:50","guid":{"rendered":"https:\/\/deportesram.cl\/?post_type=product&#038;p=4904"},"modified":"2025-08-19T09:14:40","modified_gmt":"2025-08-19T13:14:40","slug":"cuerda-salto-eve-con-peso-11-rojo","status":"publish","type":"product","link":"https:\/\/deportesram.cl\/es_es\/producto\/cuerda-salto-eve-con-peso-11-rojo\/","title":{"rendered":"Cuerda Salto EVE CON PESO 11&#8243; ROJO"},"content":{"rendered":"<p><strong>La cuerda de saltar con peso Everlast es una excelente manera de quemar calor\u00edas y trabajar en ese cardio para que puedas llegar hasta el final.<\/strong><\/p>\n<p><strong>La junta de rotaci\u00f3n con rodamiento de bolas de precisi\u00f3n integrada permite un entrenamiento de pies de velocidad y agilidad sin perder la rotaci\u00f3n.<\/strong><\/p>\n<p><strong>Los paneles de agarre colocados estrat\u00e9gicamente evitan que la cuerda se deslice, mientras que la cuerda recortable de 9 pies permite una longitud personalizable para atletas de todos los tama\u00f1os.<\/strong><\/p>\n<p><strong>Ponte en forma con la cuerda de saltar con peso Everlast.<\/strong><\/p>\n<p><strong>\u00b7 26mm Di\u00e1metro<\/strong><\/p>\n<p><strong>\u00b7 Peso permearte integrado de 142 g<\/strong><\/p>\n<p><strong>\u00b7 Paneles de agarre de TPU<\/strong><\/p>\n<p><strong>\u00b7 Recortable desde 9 pies<\/strong><\/p>\n<p><strong>\u00b7 Junta de rotaci\u00f3n con cojinete de bolas<\/strong><\/p>\n","protected":false},"excerpt":{"rendered":"<p>La cuerda de saltar con peso Everlast es una excelente manera de quemar calor\u00edas y trabajar en ese cardio para que puedas llegar hasta el final. La junta de rotaci\u00f3n con rodamiento de bolas de precisi\u00f3n integrada permite un entrenamiento de pies de velocidad y agilidad sin perder la rotaci\u00f3n. Los paneles de agarre colocados [&hellip;]<\/p>\n","protected":false},"featured_media":4905,"template":"","meta":[],"product_brand":[],"product_cat":[689],"product_tag":[],"class_list":{"0":"post-4904","1":"product","2":"type-product","3":"status-publish","4":"has-post-thumbnail","6":"product_cat-cuerdas-de-salto","8":"first","9":"outofstock","10":"taxable","11":"shipping-taxable","12":"purchasable","13":"product-type-simple"},"wc_booster_product_categories":[{"id":689,"name":"Cuerdas de Salto"}],"wc_booster_product_price":"<span class=\"woocommerce-Price-amount amount\"><bdi><span class=\"woocommerce-Price-currencySymbol\">&#36;<\/span>12.990<\/bdi><\/span> <small class=\"woocommerce-price-suffix\">IVA Incluido<\/small>","wc_booster_product_rating":"","wc_booster_product_banner_img":false,"wc_booster_product_reviews":[],"wc_booster_product_stock_data":{"manage_stock":false,"total_stock":null,"sold_stock":0},"_links":{"self":[{"href":"https:\/\/deportesram.cl\/es_es\/wp-json\/wp\/v2\/product\/4904","targetHints":{"allow":["GET"]}}],"collection":[{"href":"https:\/\/deportesram.cl\/es_es\/wp-json\/wp\/v2\/product"}],"about":[{"href":"https:\/\/deportesram.cl\/es_es\/wp-json\/wp\/v2\/types\/product"}],"wp:featuredmedia":[{"embeddable":true,"href":"https:\/\/deportesram.cl\/es_es\/wp-json\/wp\/v2\/media\/4905"}],"wp:attachment":[{"href":"https:\/\/deportesram.cl\/es_es\/wp-json\/wp\/v2\/media?parent=4904"}],"wp:term":[{"taxonomy":"product_brand","embeddable":true,"href":"https:\/\/deportesram.cl\/es_es\/wp-json\/wp\/v2\/product_brand?post=4904"},{"taxonomy":"product_cat","embeddable":true,"href":"https:\/\/deportesram.cl\/es_es\/wp-json\/wp\/v2\/product_cat?post=4904"},{"taxonomy":"product_tag","embeddable":true,"href":"https:\/\/deportesram.cl\/es_es\/wp-json\/wp\/v2\/product_tag?post=4904"}],"curies":[{"name":"wp","href":"https:\/\/api.w.org\/{rel}","templated":true}]}}