{"id":4914,"date":"2025-02-26T14:11:34","date_gmt":"2025-02-26T17:11:34","guid":{"rendered":"https:\/\/deportesram.cl\/?post_type=product&#038;p=4914"},"modified":"2025-08-19T10:13:10","modified_gmt":"2025-08-19T14:13:10","slug":"escalera-agilidad-4-mts-8-peldanos-everlast","status":"publish","type":"product","link":"https:\/\/deportesram.cl\/es_es\/producto\/escalera-agilidad-4-mts-8-peldanos-everlast\/","title":{"rendered":"Escalera Agilidad 4 MTS 8 PELDA\u00d1OS EVERLAST"},"content":{"rendered":"<p><strong>Tipo de producto: Escalera de e entrenamiento.<\/strong><strong>\u00a0<\/strong><\/p>\n<p><strong>Esta escalera de agilidad port\u00e1til te proporciona un m\u00e9todo simple para ayudarte a mejorar tu pie y acelerar la agilidad. Con suficiente pr\u00e1ctica, desarrollar\u00e1 una mejor coordinaci\u00f3n, equilibrio y estado f\u00edsico general. Es la herramienta perfecta para incorporar en una variedad de ejercicios deportivos, actividades de calentamiento y ejercicios cardiovasculares. .<\/strong><br \/>\n<strong>Material: Pelda\u00f1os Pl\u00e1sticos de alta calidad y durabilidad con correas de Nylon.<\/strong><br \/>\n<strong>Color: Amarillo<\/strong><\/p>\n","protected":false},"excerpt":{"rendered":"<p>Tipo de producto: Escalera de e entrenamiento.\u00a0 Esta escalera de agilidad port\u00e1til te proporciona un m\u00e9todo simple para ayudarte a mejorar tu pie y acelerar la agilidad. Con suficiente pr\u00e1ctica, desarrollar\u00e1 una mejor coordinaci\u00f3n, equilibrio y estado f\u00edsico general. Es la herramienta perfecta para incorporar en una variedad de ejercicios deportivos, actividades de calentamiento y [&hellip;]<\/p>\n","protected":false},"featured_media":4915,"template":"","meta":[],"product_brand":[],"product_cat":[640,638],"product_tag":[],"class_list":{"0":"post-4914","1":"product","2":"type-product","3":"status-publish","4":"has-post-thumbnail","6":"product_cat-conos-y-escaleras","7":"product_cat-psicomotricidad-y-entrenamiento","9":"first","10":"outofstock","11":"taxable","12":"shipping-taxable","13":"purchasable","14":"product-type-simple"},"wc_booster_product_categories":[{"id":640,"name":"Conos y Escaleras"},{"id":638,"name":"Psicomotricidad y Entrenamiento"}],"wc_booster_product_price":"<span class=\"woocommerce-Price-amount amount\"><bdi><span class=\"woocommerce-Price-currencySymbol\">&#36;<\/span>19.990<\/bdi><\/span> <small class=\"woocommerce-price-suffix\">IVA Incluido<\/small>","wc_booster_product_rating":"","wc_booster_product_banner_img":false,"wc_booster_product_reviews":[],"wc_booster_product_stock_data":{"manage_stock":false,"total_stock":null,"sold_stock":0},"_links":{"self":[{"href":"https:\/\/deportesram.cl\/es_es\/wp-json\/wp\/v2\/product\/4914","targetHints":{"allow":["GET"]}}],"collection":[{"href":"https:\/\/deportesram.cl\/es_es\/wp-json\/wp\/v2\/product"}],"about":[{"href":"https:\/\/deportesram.cl\/es_es\/wp-json\/wp\/v2\/types\/product"}],"wp:featuredmedia":[{"embeddable":true,"href":"https:\/\/deportesram.cl\/es_es\/wp-json\/wp\/v2\/media\/4915"}],"wp:attachment":[{"href":"https:\/\/deportesram.cl\/es_es\/wp-json\/wp\/v2\/media?parent=4914"}],"wp:term":[{"taxonomy":"product_brand","embeddable":true,"href":"https:\/\/deportesram.cl\/es_es\/wp-json\/wp\/v2\/product_brand?post=4914"},{"taxonomy":"product_cat","embeddable":true,"href":"https:\/\/deportesram.cl\/es_es\/wp-json\/wp\/v2\/product_cat?post=4914"},{"taxonomy":"product_tag","embeddable":true,"href":"https:\/\/deportesram.cl\/es_es\/wp-json\/wp\/v2\/product_tag?post=4914"}],"curies":[{"name":"wp","href":"https:\/\/api.w.org\/{rel}","templated":true}]}}