{"id":4916,"date":"2025-02-26T14:27:07","date_gmt":"2025-02-26T17:27:07","guid":{"rendered":"https:\/\/deportesram.cl\/?post_type=product&#038;p=4916"},"modified":"2025-11-27T17:31:23","modified_gmt":"2025-11-27T20:31:23","slug":"escudo-mma-eve-muay-thai","status":"publish","type":"product","link":"https:\/\/deportesram.cl\/es_es\/producto\/escudo-mma-eve-muay-thai\/","title":{"rendered":"Escudo MMA EVE MUAY THAI"},"content":{"rendered":"<p><strong>\u00a0El cuero sint\u00e9tico superior junto a su construcci\u00f3n aumenta la durabilidad y la funcionalidad. Caracter\u00edsticas de dise\u00f1o tailand\u00e9s aut\u00e9ntico con denso relleno de espuma de seguridad permite el bloqueo de patadas, golpes, codos y rodillas. Material: Cuero sint\u00e9tico.<\/strong><\/p>\n","protected":false},"excerpt":{"rendered":"<p>\u00a0El cuero sint\u00e9tico superior junto a su construcci\u00f3n aumenta la durabilidad y la funcionalidad. Caracter\u00edsticas de dise\u00f1o tailand\u00e9s aut\u00e9ntico con denso relleno de espuma de seguridad permite el bloqueo de patadas, golpes, codos y rodillas. Material: Cuero sint\u00e9tico.<\/p>\n","protected":false},"featured_media":4918,"template":"","meta":[],"product_brand":[],"product_cat":[602],"product_tag":[],"class_list":{"0":"post-4916","1":"product","2":"type-product","3":"status-publish","4":"has-post-thumbnail","6":"product_cat-escudos-y-cinturones","8":"first","9":"instock","10":"taxable","11":"shipping-taxable","12":"purchasable","13":"product-type-simple"},"wc_booster_product_categories":[{"id":602,"name":"Escudos y Cinturones"}],"wc_booster_product_price":"<span class=\"woocommerce-Price-amount amount\"><bdi><span class=\"woocommerce-Price-currencySymbol\">&#36;<\/span>34.990<\/bdi><\/span> <small class=\"woocommerce-price-suffix\">IVA Incluido<\/small>","wc_booster_product_rating":"","wc_booster_product_banner_img":false,"wc_booster_product_reviews":[],"wc_booster_product_stock_data":{"manage_stock":true,"total_stock":1,"sold_stock":0},"_links":{"self":[{"href":"https:\/\/deportesram.cl\/es_es\/wp-json\/wp\/v2\/product\/4916","targetHints":{"allow":["GET"]}}],"collection":[{"href":"https:\/\/deportesram.cl\/es_es\/wp-json\/wp\/v2\/product"}],"about":[{"href":"https:\/\/deportesram.cl\/es_es\/wp-json\/wp\/v2\/types\/product"}],"wp:featuredmedia":[{"embeddable":true,"href":"https:\/\/deportesram.cl\/es_es\/wp-json\/wp\/v2\/media\/4918"}],"wp:attachment":[{"href":"https:\/\/deportesram.cl\/es_es\/wp-json\/wp\/v2\/media?parent=4916"}],"wp:term":[{"taxonomy":"product_brand","embeddable":true,"href":"https:\/\/deportesram.cl\/es_es\/wp-json\/wp\/v2\/product_brand?post=4916"},{"taxonomy":"product_cat","embeddable":true,"href":"https:\/\/deportesram.cl\/es_es\/wp-json\/wp\/v2\/product_cat?post=4916"},{"taxonomy":"product_tag","embeddable":true,"href":"https:\/\/deportesram.cl\/es_es\/wp-json\/wp\/v2\/product_tag?post=4916"}],"curies":[{"name":"wp","href":"https:\/\/api.w.org\/{rel}","templated":true}]}}