{"id":4937,"date":"2025-02-26T16:24:01","date_gmt":"2025-02-26T19:24:01","guid":{"rendered":"https:\/\/deportesram.cl\/?post_type=product&#038;p=4937"},"modified":"2025-08-18T21:21:47","modified_gmt":"2025-08-19T01:21:47","slug":"guante-box-14-oz-ever-prostyle-elite-trn-rojo-blan","status":"publish","type":"product","link":"https:\/\/deportesram.cl\/es_es\/producto\/guante-box-14-oz-ever-prostyle-elite-trn-rojo-blan\/","title":{"rendered":"Guante BOX 14 OZ EVER PROSTYLE ELITE TRN ROJO BLAN"},"content":{"rendered":"<p><strong>La piel sint\u00e9tica de primera calidad, combinada con una excelente construcci\u00f3n, proporciona una gran duraci\u00f3n en el tiempo<\/strong><\/p>\n<p><strong>La palma de malla completa garantiza la transpirabilidad y el confort<\/strong><\/p>\n<p><strong>Dise\u00f1o EVERSHIELD\u2122 actualizado para una protecci\u00f3n avanzada de la mu\u00f1eca<\/strong><\/p>\n","protected":false},"excerpt":{"rendered":"<p>La piel sint\u00e9tica de primera calidad, combinada con una excelente construcci\u00f3n, proporciona una gran duraci\u00f3n en el tiempo La palma de malla completa garantiza la transpirabilidad y el confort Dise\u00f1o EVERSHIELD\u2122 actualizado para una protecci\u00f3n avanzada de la mu\u00f1eca<\/p>\n","protected":false},"featured_media":4938,"template":"","meta":[],"product_brand":[],"product_cat":[566,567],"product_tag":[],"class_list":{"0":"post-4937","1":"product","2":"type-product","3":"status-publish","4":"has-post-thumbnail","6":"product_cat-boxeo","7":"product_cat-guantes-y-guantillas","9":"first","10":"outofstock","11":"taxable","12":"shipping-taxable","13":"purchasable","14":"product-type-simple"},"wc_booster_product_categories":[{"id":566,"name":"Boxeo \/ MMA"},{"id":567,"name":"Guantes y Guantillas"}],"wc_booster_product_price":"<span class=\"woocommerce-Price-amount amount\"><bdi><span class=\"woocommerce-Price-currencySymbol\">&#36;<\/span>44.990<\/bdi><\/span> <small class=\"woocommerce-price-suffix\">IVA Incluido<\/small>","wc_booster_product_rating":"","wc_booster_product_banner_img":false,"wc_booster_product_reviews":[],"wc_booster_product_stock_data":{"manage_stock":false,"total_stock":null,"sold_stock":0},"_links":{"self":[{"href":"https:\/\/deportesram.cl\/es_es\/wp-json\/wp\/v2\/product\/4937","targetHints":{"allow":["GET"]}}],"collection":[{"href":"https:\/\/deportesram.cl\/es_es\/wp-json\/wp\/v2\/product"}],"about":[{"href":"https:\/\/deportesram.cl\/es_es\/wp-json\/wp\/v2\/types\/product"}],"wp:featuredmedia":[{"embeddable":true,"href":"https:\/\/deportesram.cl\/es_es\/wp-json\/wp\/v2\/media\/4938"}],"wp:attachment":[{"href":"https:\/\/deportesram.cl\/es_es\/wp-json\/wp\/v2\/media?parent=4937"}],"wp:term":[{"taxonomy":"product_brand","embeddable":true,"href":"https:\/\/deportesram.cl\/es_es\/wp-json\/wp\/v2\/product_brand?post=4937"},{"taxonomy":"product_cat","embeddable":true,"href":"https:\/\/deportesram.cl\/es_es\/wp-json\/wp\/v2\/product_cat?post=4937"},{"taxonomy":"product_tag","embeddable":true,"href":"https:\/\/deportesram.cl\/es_es\/wp-json\/wp\/v2\/product_tag?post=4937"}],"curies":[{"name":"wp","href":"https:\/\/api.w.org\/{rel}","templated":true}]}}