{"id":4947,"date":"2025-02-26T17:01:31","date_gmt":"2025-02-26T20:01:31","guid":{"rendered":"https:\/\/deportesram.cl\/?post_type=product&#038;p=4947"},"modified":"2025-08-16T14:54:23","modified_gmt":"2025-08-16T18:54:23","slug":"pack-guante-boxguan-foco-eve-prospect-az-ro-8-oz","status":"publish","type":"product","link":"https:\/\/deportesram.cl\/es_es\/producto\/pack-guante-boxguan-foco-eve-prospect-az-ro-8-oz\/","title":{"rendered":"PACK GUANTE BOX+GUAN FOCO EVE PROSPECT AZ\/RO 8 OZ"},"content":{"rendered":"<p><strong><u>Tipo de Producto<\/u>: Pack Guante Box + Guante foco<\/strong><\/p>\n<p><strong>\u00a0La L\u00ednea de entrenamiento Prospect de Everlast, est\u00e1 dise\u00f1ado para mantener a los peque\u00f1os atletas protegidos y entregando un mejor performance en sus entrenamientos. Construido para boxeo, kickboxing, MMA y artes marciales, el Guante Prospect 8 Oz de entrenamiento est\u00e1 construido con m\u00faltiples capas de espuma para asegurar un contacto seguro en cada golpe. La Tecnolog\u00eda Evercool entrega un Mesh en la palma que mantiene las manos frescas (sin humedad) y la amarra en la mu\u00f1eca entrega una estabilidad, seguridad y f\u00e1cil ajuste.<\/strong><\/p>\n","protected":false},"excerpt":{"rendered":"<p>Tipo de Producto: Pack Guante Box + Guante foco \u00a0La L\u00ednea de entrenamiento Prospect de Everlast, est\u00e1 dise\u00f1ado para mantener a los peque\u00f1os atletas protegidos y entregando un mejor performance en sus entrenamientos. Construido para boxeo, kickboxing, MMA y artes marciales, el Guante Prospect 8 Oz de entrenamiento est\u00e1 construido con m\u00faltiples capas de espuma [&hellip;]<\/p>\n","protected":false},"featured_media":4948,"template":"","meta":[],"product_brand":[],"product_cat":[566,567],"product_tag":[],"class_list":{"0":"post-4947","1":"product","2":"type-product","3":"status-publish","4":"has-post-thumbnail","6":"product_cat-boxeo","7":"product_cat-guantes-y-guantillas","9":"first","10":"outofstock","11":"taxable","12":"shipping-taxable","13":"purchasable","14":"product-type-simple"},"wc_booster_product_categories":[{"id":566,"name":"Boxeo \/ MMA"},{"id":567,"name":"Guantes y Guantillas"}],"wc_booster_product_price":"<span class=\"woocommerce-Price-amount amount\"><bdi><span class=\"woocommerce-Price-currencySymbol\">&#36;<\/span>39.990<\/bdi><\/span> <small class=\"woocommerce-price-suffix\">IVA Incluido<\/small>","wc_booster_product_rating":"","wc_booster_product_banner_img":false,"wc_booster_product_reviews":[],"wc_booster_product_stock_data":{"manage_stock":false,"total_stock":null,"sold_stock":0},"_links":{"self":[{"href":"https:\/\/deportesram.cl\/es_es\/wp-json\/wp\/v2\/product\/4947","targetHints":{"allow":["GET"]}}],"collection":[{"href":"https:\/\/deportesram.cl\/es_es\/wp-json\/wp\/v2\/product"}],"about":[{"href":"https:\/\/deportesram.cl\/es_es\/wp-json\/wp\/v2\/types\/product"}],"wp:featuredmedia":[{"embeddable":true,"href":"https:\/\/deportesram.cl\/es_es\/wp-json\/wp\/v2\/media\/4948"}],"wp:attachment":[{"href":"https:\/\/deportesram.cl\/es_es\/wp-json\/wp\/v2\/media?parent=4947"}],"wp:term":[{"taxonomy":"product_brand","embeddable":true,"href":"https:\/\/deportesram.cl\/es_es\/wp-json\/wp\/v2\/product_brand?post=4947"},{"taxonomy":"product_cat","embeddable":true,"href":"https:\/\/deportesram.cl\/es_es\/wp-json\/wp\/v2\/product_cat?post=4947"},{"taxonomy":"product_tag","embeddable":true,"href":"https:\/\/deportesram.cl\/es_es\/wp-json\/wp\/v2\/product_tag?post=4947"}],"curies":[{"name":"wp","href":"https:\/\/api.w.org\/{rel}","templated":true}]}}