{"id":4959,"date":"2025-02-27T12:49:30","date_gmt":"2025-02-27T15:49:30","guid":{"rendered":"https:\/\/deportesram.cl\/?post_type=product&#038;p=4959"},"modified":"2025-08-18T21:21:46","modified_gmt":"2025-08-19T01:21:46","slug":"guante-box-12-oz-ever-prostyle-training-rosa","status":"publish","type":"product","link":"https:\/\/deportesram.cl\/es_es\/producto\/guante-box-12-oz-ever-prostyle-training-rosa\/","title":{"rendered":"Guante BOX 12 OZ EVER PROSTYLE TRAINING ROSA"},"content":{"rendered":"<ul>\n<li><strong>Palma de malla EVERCOOL aumenta la ventilaci\u00f3n.<\/strong><\/li>\n<li><strong>Mu\u00f1eca en forma de reloj de arena con almohadillas reforzadas EVERSHIELD .<\/strong><\/li>\n<li><strong>Cuero sint\u00e9tico\u00a0<\/strong><\/li>\n<\/ul>\n","protected":false},"excerpt":{"rendered":"<p>Palma de malla EVERCOOL aumenta la ventilaci\u00f3n. Mu\u00f1eca en forma de reloj de arena con almohadillas reforzadas EVERSHIELD . Cuero sint\u00e9tico\u00a0<\/p>\n","protected":false},"featured_media":4942,"template":"","meta":[],"product_brand":[],"product_cat":[566,567],"product_tag":[],"class_list":{"0":"post-4959","1":"product","2":"type-product","3":"status-publish","4":"has-post-thumbnail","6":"product_cat-boxeo","7":"product_cat-guantes-y-guantillas","9":"first","10":"outofstock","11":"taxable","12":"shipping-taxable","13":"purchasable","14":"product-type-simple"},"wc_booster_product_categories":[{"id":566,"name":"Boxeo \/ MMA"},{"id":567,"name":"Guantes y Guantillas"}],"wc_booster_product_price":"<span class=\"woocommerce-Price-amount amount\"><bdi><span class=\"woocommerce-Price-currencySymbol\">&#36;<\/span>34.990<\/bdi><\/span> <small class=\"woocommerce-price-suffix\">IVA Incluido<\/small>","wc_booster_product_rating":"","wc_booster_product_banner_img":false,"wc_booster_product_reviews":[],"wc_booster_product_stock_data":{"manage_stock":false,"total_stock":null,"sold_stock":0},"_links":{"self":[{"href":"https:\/\/deportesram.cl\/es_es\/wp-json\/wp\/v2\/product\/4959","targetHints":{"allow":["GET"]}}],"collection":[{"href":"https:\/\/deportesram.cl\/es_es\/wp-json\/wp\/v2\/product"}],"about":[{"href":"https:\/\/deportesram.cl\/es_es\/wp-json\/wp\/v2\/types\/product"}],"wp:featuredmedia":[{"embeddable":true,"href":"https:\/\/deportesram.cl\/es_es\/wp-json\/wp\/v2\/media\/4942"}],"wp:attachment":[{"href":"https:\/\/deportesram.cl\/es_es\/wp-json\/wp\/v2\/media?parent=4959"}],"wp:term":[{"taxonomy":"product_brand","embeddable":true,"href":"https:\/\/deportesram.cl\/es_es\/wp-json\/wp\/v2\/product_brand?post=4959"},{"taxonomy":"product_cat","embeddable":true,"href":"https:\/\/deportesram.cl\/es_es\/wp-json\/wp\/v2\/product_cat?post=4959"},{"taxonomy":"product_tag","embeddable":true,"href":"https:\/\/deportesram.cl\/es_es\/wp-json\/wp\/v2\/product_tag?post=4959"}],"curies":[{"name":"wp","href":"https:\/\/api.w.org\/{rel}","templated":true}]}}