{"id":4960,"date":"2025-02-27T12:53:50","date_gmt":"2025-02-27T15:53:50","guid":{"rendered":"https:\/\/deportesram.cl\/?post_type=product&#038;p=4960"},"modified":"2025-08-16T14:54:23","modified_gmt":"2025-08-16T18:54:23","slug":"guante-box-12-oz-everlast-spark-trn-blanco-geo","status":"publish","type":"product","link":"https:\/\/deportesram.cl\/es_es\/producto\/guante-box-12-oz-everlast-spark-trn-blanco-geo\/","title":{"rendered":"Guante BOX 12 OZ EVERLAST SPARK TRN BLANCO GEO"},"content":{"rendered":"<p><strong>Sum\u00e9rgete en el boxeo con los guantes de entrenamiento de cuero sint\u00e9tico Everlast Spark. Estos modelos proporcionan una sensaci\u00f3n de comodidad mientras entrenas. La tecnolog\u00eda EverCool ayuda a que tus manos se mantengan frescas durante todo el entrenamiento.<\/strong><\/p>\n<p><strong>El acolchado de mu\u00f1eca reforzado EverShield y el acolchado de espuma moldeada mantienen tus manos protegidas en posici\u00f3n de ataque, y los cierres de gancho y bucle ofrecen un ajuste seguro.<\/strong><\/p>\n","protected":false},"excerpt":{"rendered":"<p>Sum\u00e9rgete en el boxeo con los guantes de entrenamiento de cuero sint\u00e9tico Everlast Spark. Estos modelos proporcionan una sensaci\u00f3n de comodidad mientras entrenas. La tecnolog\u00eda EverCool ayuda a que tus manos se mantengan frescas durante todo el entrenamiento. El acolchado de mu\u00f1eca reforzado EverShield y el acolchado de espuma moldeada mantienen tus manos protegidas en [&hellip;]<\/p>\n","protected":false},"featured_media":4961,"template":"","meta":[],"product_brand":[],"product_cat":[566,567],"product_tag":[],"class_list":{"0":"post-4960","1":"product","2":"type-product","3":"status-publish","4":"has-post-thumbnail","6":"product_cat-boxeo","7":"product_cat-guantes-y-guantillas","9":"first","10":"outofstock","11":"taxable","12":"shipping-taxable","13":"purchasable","14":"product-type-simple"},"wc_booster_product_categories":[{"id":566,"name":"Boxeo \/ MMA"},{"id":567,"name":"Guantes y Guantillas"}],"wc_booster_product_price":"<span class=\"woocommerce-Price-amount amount\"><bdi><span class=\"woocommerce-Price-currencySymbol\">&#36;<\/span>34.990<\/bdi><\/span> <small class=\"woocommerce-price-suffix\">IVA Incluido<\/small>","wc_booster_product_rating":"","wc_booster_product_banner_img":false,"wc_booster_product_reviews":[],"wc_booster_product_stock_data":{"manage_stock":false,"total_stock":null,"sold_stock":0},"_links":{"self":[{"href":"https:\/\/deportesram.cl\/es_es\/wp-json\/wp\/v2\/product\/4960","targetHints":{"allow":["GET"]}}],"collection":[{"href":"https:\/\/deportesram.cl\/es_es\/wp-json\/wp\/v2\/product"}],"about":[{"href":"https:\/\/deportesram.cl\/es_es\/wp-json\/wp\/v2\/types\/product"}],"wp:featuredmedia":[{"embeddable":true,"href":"https:\/\/deportesram.cl\/es_es\/wp-json\/wp\/v2\/media\/4961"}],"wp:attachment":[{"href":"https:\/\/deportesram.cl\/es_es\/wp-json\/wp\/v2\/media?parent=4960"}],"wp:term":[{"taxonomy":"product_brand","embeddable":true,"href":"https:\/\/deportesram.cl\/es_es\/wp-json\/wp\/v2\/product_brand?post=4960"},{"taxonomy":"product_cat","embeddable":true,"href":"https:\/\/deportesram.cl\/es_es\/wp-json\/wp\/v2\/product_cat?post=4960"},{"taxonomy":"product_tag","embeddable":true,"href":"https:\/\/deportesram.cl\/es_es\/wp-json\/wp\/v2\/product_tag?post=4960"}],"curies":[{"name":"wp","href":"https:\/\/api.w.org\/{rel}","templated":true}]}}