{"id":4971,"date":"2025-02-27T13:17:31","date_gmt":"2025-02-27T16:17:31","guid":{"rendered":"https:\/\/deportesram.cl\/?post_type=product&#038;p=4971"},"modified":"2025-08-18T21:21:45","modified_gmt":"2025-08-19T01:21:45","slug":"guantes-box-14-oz-ever-prostyle-training-rojo","status":"publish","type":"product","link":"https:\/\/deportesram.cl\/es_es\/producto\/guantes-box-14-oz-ever-prostyle-training-rojo\/","title":{"rendered":"Guantes BOX 14 OZ EVER PROSTYLE TRAINING ROJO"},"content":{"rendered":"<p><strong>*Construido con tecnolog\u00eda de espuma de celda cerrada para una mayor protecci\u00f3n de las manos.<\/strong><br \/>\n<strong>*La huincha de cierre en velcro reforzado, facilita la manipulaci\u00f3n del guante.<\/strong><br \/>\n<strong>*La palma de malla EVERCOOL aumenta la ventilaci\u00f3n.<\/strong><br \/>\n<strong>*La mu\u00f1eca en forma de reloj de arena con almohadillas reforzadas EVERSHIELD estabiliza la mano y la mu\u00f1eca, brindando un ajuste de apoyo, c\u00f3modo y seguro.<\/strong><br \/>\n<strong>*Material: Cuero Sint\u00e9tico<\/strong><br \/>\n<strong>*Construido con tecnolog\u00eda de espuma de celda cerrada para una mayor protecci\u00f3n de las manos.<\/strong><br \/>\n<strong>*La huincha de cierre en velcro reforzado, facilita la manipulaci\u00f3n del guante.<\/strong><\/p>\n","protected":false},"excerpt":{"rendered":"<p>*Construido con tecnolog\u00eda de espuma de celda cerrada para una mayor protecci\u00f3n de las manos. *La huincha de cierre en velcro reforzado, facilita la manipulaci\u00f3n del guante. *La palma de malla EVERCOOL aumenta la ventilaci\u00f3n. *La mu\u00f1eca en forma de reloj de arena con almohadillas reforzadas EVERSHIELD estabiliza la mano y la mu\u00f1eca, brindando un [&hellip;]<\/p>\n","protected":false},"featured_media":4970,"template":"","meta":[],"product_brand":[],"product_cat":[566,567],"product_tag":[],"class_list":{"0":"post-4971","1":"product","2":"type-product","3":"status-publish","4":"has-post-thumbnail","6":"product_cat-boxeo","7":"product_cat-guantes-y-guantillas","9":"first","10":"outofstock","11":"taxable","12":"shipping-taxable","13":"purchasable","14":"product-type-simple"},"wc_booster_product_categories":[{"id":566,"name":"Boxeo \/ MMA"},{"id":567,"name":"Guantes y Guantillas"}],"wc_booster_product_price":"<span class=\"woocommerce-Price-amount amount\"><bdi><span class=\"woocommerce-Price-currencySymbol\">&#36;<\/span>34.990<\/bdi><\/span> <small class=\"woocommerce-price-suffix\">IVA Incluido<\/small>","wc_booster_product_rating":"","wc_booster_product_banner_img":false,"wc_booster_product_reviews":[],"wc_booster_product_stock_data":{"manage_stock":false,"total_stock":null,"sold_stock":0},"_links":{"self":[{"href":"https:\/\/deportesram.cl\/es_es\/wp-json\/wp\/v2\/product\/4971","targetHints":{"allow":["GET"]}}],"collection":[{"href":"https:\/\/deportesram.cl\/es_es\/wp-json\/wp\/v2\/product"}],"about":[{"href":"https:\/\/deportesram.cl\/es_es\/wp-json\/wp\/v2\/types\/product"}],"wp:featuredmedia":[{"embeddable":true,"href":"https:\/\/deportesram.cl\/es_es\/wp-json\/wp\/v2\/media\/4970"}],"wp:attachment":[{"href":"https:\/\/deportesram.cl\/es_es\/wp-json\/wp\/v2\/media?parent=4971"}],"wp:term":[{"taxonomy":"product_brand","embeddable":true,"href":"https:\/\/deportesram.cl\/es_es\/wp-json\/wp\/v2\/product_brand?post=4971"},{"taxonomy":"product_cat","embeddable":true,"href":"https:\/\/deportesram.cl\/es_es\/wp-json\/wp\/v2\/product_cat?post=4971"},{"taxonomy":"product_tag","embeddable":true,"href":"https:\/\/deportesram.cl\/es_es\/wp-json\/wp\/v2\/product_tag?post=4971"}],"curies":[{"name":"wp","href":"https:\/\/api.w.org\/{rel}","templated":true}]}}