{"id":4978,"date":"2025-02-27T14:54:03","date_gmt":"2025-02-27T17:54:03","guid":{"rendered":"https:\/\/deportesram.cl\/?post_type=product&#038;p=4978"},"modified":"2025-08-18T21:21:44","modified_gmt":"2025-08-19T01:21:44","slug":"guante-box-8-oz-ever-prostyle-elite-trn-negro","status":"publish","type":"product","link":"https:\/\/deportesram.cl\/es_es\/producto\/guante-box-8-oz-ever-prostyle-elite-trn-negro\/","title":{"rendered":"Guante BOX 8 OZ EVER PROSTYLE ELITE TRN NEGRO"},"content":{"rendered":"<p><strong>El Elite Pro Style Training Glove presenta un revolucionario\u00a0dise\u00f1o de una sola pieza\u00a0que optimiza la colocaci\u00f3n del pu\u00f1o y promueve el rango natural de movimiento.<\/strong><\/p>\n<p><strong>Construido con\u00a0tecnolog\u00eda de espuma de celda cerrada\u00a0para una mayor protecci\u00f3n de las manos.<\/strong><\/p>\n<p><strong>La huincha de cierre en velcro reforzado facilita la manipulaci\u00f3n del guante. La palma de malla\u00a0EVERCOOL\u00a0aumenta la ventilaci\u00f3n.<\/strong><\/p>\n<p><strong>La mu\u00f1eca en forma de reloj de arena con almohadillas reforzadas\u00a0EVERSHIELD\u00a0estabiliza la mano y la mu\u00f1eca, brindando un ajuste de apoyo, c\u00f3modo y seguro.\u00a0<\/strong><\/p>\n<p><strong>Material: Cuero Sint\u00e9tico Premium.<\/strong><\/p>\n<ul>\n<li><strong>Dise\u00f1o revolucionario de una sola pieza que optimiza la colocaci\u00f3n del pu\u00f1o y promueve el rango natural de movimiento.<\/strong><\/li>\n<li><strong>Construido con tecnolog\u00eda de espuma de celda cerrada para una mayor protecci\u00f3n de las manos.<\/strong><\/li>\n<li><strong>La huincha de cierre en velcro reforzado facilita la manipulaci\u00f3n del guante.<\/strong><\/li>\n<li><strong>La palma de malla EVERCOOL<\/strong><\/li>\n<\/ul>\n","protected":false},"excerpt":{"rendered":"<p>El Elite Pro Style Training Glove presenta un revolucionario\u00a0dise\u00f1o de una sola pieza\u00a0que optimiza la colocaci\u00f3n del pu\u00f1o y promueve el rango natural de movimiento. Construido con\u00a0tecnolog\u00eda de espuma de celda cerrada\u00a0para una mayor protecci\u00f3n de las manos. La huincha de cierre en velcro reforzado facilita la manipulaci\u00f3n del guante. La palma de malla\u00a0EVERCOOL\u00a0aumenta la [&hellip;]<\/p>\n","protected":false},"featured_media":4981,"template":"","meta":[],"product_brand":[],"product_cat":[566,567],"product_tag":[],"class_list":{"0":"post-4978","1":"product","2":"type-product","3":"status-publish","4":"has-post-thumbnail","6":"product_cat-boxeo","7":"product_cat-guantes-y-guantillas","9":"first","10":"outofstock","11":"taxable","12":"shipping-taxable","13":"purchasable","14":"product-type-simple"},"wc_booster_product_categories":[{"id":566,"name":"Boxeo \/ MMA"},{"id":567,"name":"Guantes y Guantillas"}],"wc_booster_product_price":"<span class=\"woocommerce-Price-amount amount\"><bdi><span class=\"woocommerce-Price-currencySymbol\">&#36;<\/span>39.990<\/bdi><\/span> <small class=\"woocommerce-price-suffix\">IVA Incluido<\/small>","wc_booster_product_rating":"","wc_booster_product_banner_img":false,"wc_booster_product_reviews":[],"wc_booster_product_stock_data":{"manage_stock":false,"total_stock":null,"sold_stock":0},"_links":{"self":[{"href":"https:\/\/deportesram.cl\/es_es\/wp-json\/wp\/v2\/product\/4978","targetHints":{"allow":["GET"]}}],"collection":[{"href":"https:\/\/deportesram.cl\/es_es\/wp-json\/wp\/v2\/product"}],"about":[{"href":"https:\/\/deportesram.cl\/es_es\/wp-json\/wp\/v2\/types\/product"}],"wp:featuredmedia":[{"embeddable":true,"href":"https:\/\/deportesram.cl\/es_es\/wp-json\/wp\/v2\/media\/4981"}],"wp:attachment":[{"href":"https:\/\/deportesram.cl\/es_es\/wp-json\/wp\/v2\/media?parent=4978"}],"wp:term":[{"taxonomy":"product_brand","embeddable":true,"href":"https:\/\/deportesram.cl\/es_es\/wp-json\/wp\/v2\/product_brand?post=4978"},{"taxonomy":"product_cat","embeddable":true,"href":"https:\/\/deportesram.cl\/es_es\/wp-json\/wp\/v2\/product_cat?post=4978"},{"taxonomy":"product_tag","embeddable":true,"href":"https:\/\/deportesram.cl\/es_es\/wp-json\/wp\/v2\/product_tag?post=4978"}],"curies":[{"name":"wp","href":"https:\/\/api.w.org\/{rel}","templated":true}]}}