{"id":4995,"date":"2025-02-27T16:20:49","date_gmt":"2025-02-27T19:20:49","guid":{"rendered":"https:\/\/deportesram.cl\/?post_type=product&#038;p=4995"},"modified":"2025-08-18T21:21:43","modified_gmt":"2025-08-19T01:21:43","slug":"guante-box-14-oz-everlast-spark-trn-negro-geo","status":"publish","type":"product","link":"https:\/\/deportesram.cl\/es_es\/producto\/guante-box-14-oz-everlast-spark-trn-negro-geo\/","title":{"rendered":"Guante BOX 14 OZ EVERLAST SPARK TRN NEGRO GEO"},"content":{"rendered":"<p><strong>Tipo de Producto: Guante de Box<\/strong><br \/>\n<strong>Construidos con material de cuero sint\u00e9tico. Proporcionan una sensaci\u00f3n c\u00f3moda mientras entrenas. Con tecnolog\u00eda Evercool ayuda a que tus manos se mantengan frescas durante todo el d\u00eda. \u00c9l acolchado de mu\u00f1eca reforzado EverShield y el acolchado de espuma moldeada mantienen tus manos protegidas. Cierres de gancho y bucle ofrecen un ajuste seguro.<\/strong><br \/>\n<strong>Material: Eco cuero<\/strong><br \/>\n<strong>Color: Negro<\/strong><br \/>\n<strong>Linea: Box<\/strong><br \/>\n<strong>Cuidados: Lavar a mano con agua fr\u00eda por el rev\u00e9s, usar jab\u00f3n neutro, no usar cloro ni suavizante, no secar en maquina y no planchar estampados.<\/strong><\/p>\n","protected":false},"excerpt":{"rendered":"<p>Tipo de Producto: Guante de Box Construidos con material de cuero sint\u00e9tico. Proporcionan una sensaci\u00f3n c\u00f3moda mientras entrenas. Con tecnolog\u00eda Evercool ayuda a que tus manos se mantengan frescas durante todo el d\u00eda. \u00c9l acolchado de mu\u00f1eca reforzado EverShield y el acolchado de espuma moldeada mantienen tus manos protegidas. Cierres de gancho y bucle ofrecen [&hellip;]<\/p>\n","protected":false},"featured_media":4996,"template":"","meta":[],"product_brand":[],"product_cat":[566,567],"product_tag":[],"class_list":{"0":"post-4995","1":"product","2":"type-product","3":"status-publish","4":"has-post-thumbnail","6":"product_cat-boxeo","7":"product_cat-guantes-y-guantillas","9":"first","10":"outofstock","11":"taxable","12":"shipping-taxable","13":"purchasable","14":"product-type-simple"},"wc_booster_product_categories":[{"id":566,"name":"Boxeo \/ MMA"},{"id":567,"name":"Guantes y Guantillas"}],"wc_booster_product_price":"<span class=\"woocommerce-Price-amount amount\"><bdi><span class=\"woocommerce-Price-currencySymbol\">&#36;<\/span>42.990<\/bdi><\/span> <small class=\"woocommerce-price-suffix\">IVA Incluido<\/small>","wc_booster_product_rating":"","wc_booster_product_banner_img":false,"wc_booster_product_reviews":[],"wc_booster_product_stock_data":{"manage_stock":false,"total_stock":null,"sold_stock":0},"_links":{"self":[{"href":"https:\/\/deportesram.cl\/es_es\/wp-json\/wp\/v2\/product\/4995","targetHints":{"allow":["GET"]}}],"collection":[{"href":"https:\/\/deportesram.cl\/es_es\/wp-json\/wp\/v2\/product"}],"about":[{"href":"https:\/\/deportesram.cl\/es_es\/wp-json\/wp\/v2\/types\/product"}],"wp:featuredmedia":[{"embeddable":true,"href":"https:\/\/deportesram.cl\/es_es\/wp-json\/wp\/v2\/media\/4996"}],"wp:attachment":[{"href":"https:\/\/deportesram.cl\/es_es\/wp-json\/wp\/v2\/media?parent=4995"}],"wp:term":[{"taxonomy":"product_brand","embeddable":true,"href":"https:\/\/deportesram.cl\/es_es\/wp-json\/wp\/v2\/product_brand?post=4995"},{"taxonomy":"product_cat","embeddable":true,"href":"https:\/\/deportesram.cl\/es_es\/wp-json\/wp\/v2\/product_cat?post=4995"},{"taxonomy":"product_tag","embeddable":true,"href":"https:\/\/deportesram.cl\/es_es\/wp-json\/wp\/v2\/product_tag?post=4995"}],"curies":[{"name":"wp","href":"https:\/\/api.w.org\/{rel}","templated":true}]}}