{"id":4997,"date":"2025-02-27T16:24:48","date_gmt":"2025-02-27T19:24:48","guid":{"rendered":"https:\/\/deportesram.cl\/?post_type=product&#038;p=4997"},"modified":"2025-08-18T21:21:43","modified_gmt":"2025-08-19T01:21:43","slug":"guante-box-14-oz-everlast-spark-trn-rojo","status":"publish","type":"product","link":"https:\/\/deportesram.cl\/es_es\/producto\/guante-box-14-oz-everlast-spark-trn-rojo\/","title":{"rendered":"Guante BOX 14 OZ EVERLAST SPARK TRN ROJO"},"content":{"rendered":"<ul>\n<li><strong>Material de cuero sint\u00e9tico.<\/strong><\/li>\n<li><strong>Acolchado de mu\u00f1eca reforzado EverShield.<\/strong><\/li>\n<li><strong>Tecnolog\u00eda Evercool ayuda a que tus manos se mantengan frescas.<\/strong><\/li>\n<\/ul>\n","protected":false},"excerpt":{"rendered":"<p>Material de cuero sint\u00e9tico. Acolchado de mu\u00f1eca reforzado EverShield. Tecnolog\u00eda Evercool ayuda a que tus manos se mantengan frescas.<\/p>\n","protected":false},"featured_media":4998,"template":"","meta":[],"product_brand":[],"product_cat":[566,567],"product_tag":[],"class_list":{"0":"post-4997","1":"product","2":"type-product","3":"status-publish","4":"has-post-thumbnail","6":"product_cat-boxeo","7":"product_cat-guantes-y-guantillas","9":"first","10":"outofstock","11":"taxable","12":"shipping-taxable","13":"purchasable","14":"product-type-simple"},"wc_booster_product_categories":[{"id":566,"name":"Boxeo \/ MMA"},{"id":567,"name":"Guantes y Guantillas"}],"wc_booster_product_price":"<span class=\"woocommerce-Price-amount amount\"><bdi><span class=\"woocommerce-Price-currencySymbol\">&#36;<\/span>42.990<\/bdi><\/span> <small class=\"woocommerce-price-suffix\">IVA Incluido<\/small>","wc_booster_product_rating":"","wc_booster_product_banner_img":false,"wc_booster_product_reviews":[],"wc_booster_product_stock_data":{"manage_stock":false,"total_stock":null,"sold_stock":0},"_links":{"self":[{"href":"https:\/\/deportesram.cl\/es_es\/wp-json\/wp\/v2\/product\/4997","targetHints":{"allow":["GET"]}}],"collection":[{"href":"https:\/\/deportesram.cl\/es_es\/wp-json\/wp\/v2\/product"}],"about":[{"href":"https:\/\/deportesram.cl\/es_es\/wp-json\/wp\/v2\/types\/product"}],"wp:featuredmedia":[{"embeddable":true,"href":"https:\/\/deportesram.cl\/es_es\/wp-json\/wp\/v2\/media\/4998"}],"wp:attachment":[{"href":"https:\/\/deportesram.cl\/es_es\/wp-json\/wp\/v2\/media?parent=4997"}],"wp:term":[{"taxonomy":"product_brand","embeddable":true,"href":"https:\/\/deportesram.cl\/es_es\/wp-json\/wp\/v2\/product_brand?post=4997"},{"taxonomy":"product_cat","embeddable":true,"href":"https:\/\/deportesram.cl\/es_es\/wp-json\/wp\/v2\/product_cat?post=4997"},{"taxonomy":"product_tag","embeddable":true,"href":"https:\/\/deportesram.cl\/es_es\/wp-json\/wp\/v2\/product_tag?post=4997"}],"curies":[{"name":"wp","href":"https:\/\/api.w.org\/{rel}","templated":true}]}}