{"id":5006,"date":"2025-02-28T16:33:30","date_gmt":"2025-02-28T19:33:30","guid":{"rendered":"https:\/\/deportesram.cl\/?post_type=product&#038;p=5006"},"modified":"2025-08-18T22:28:15","modified_gmt":"2025-08-19T02:28:15","slug":"guantilla-ever-handwrap-evergel-negro-tl","status":"publish","type":"product","link":"https:\/\/deportesram.cl\/es_es\/producto\/guantilla-ever-handwrap-evergel-negro-tl\/","title":{"rendered":"Guantilla EVER HANDWRAP EVERGEL NEGRO T:L"},"content":{"rendered":"<p>Tipo de Producto: Guantilla<br \/>\nCaracteristicas: La tecnolog\u00eda EVERGEL de \u00faltima generaci\u00f3n disipa la energ\u00eda de impacto y protege nudillos durante el entrenamiento. La correa de sujeci\u00f3n completa de la mu\u00f1eca proporciona un soporte superior y permite un ajuste adaptable. El dise\u00f1o mejorado aumenta la funcionalidad y la durabilidad. La guantilla handwrap fue creada para usar en reemplazo de la venda.<br \/>\nMaterial: Cuero Sint\u00e9tico Premium.<br \/>\nColor: Negro<\/p>\n","protected":false},"excerpt":{"rendered":"<p>Tipo de Producto: Guantilla Caracteristicas: La tecnolog\u00eda EVERGEL de \u00faltima generaci\u00f3n disipa la energ\u00eda de impacto y protege nudillos durante el entrenamiento. La correa de sujeci\u00f3n completa de la mu\u00f1eca proporciona un soporte superior y permite un ajuste adaptable. El dise\u00f1o mejorado aumenta la funcionalidad y la durabilidad. La guantilla handwrap fue creada para usar [&hellip;]<\/p>\n","protected":false},"featured_media":5007,"template":"","meta":[],"product_brand":[],"product_cat":[567],"product_tag":[],"class_list":{"0":"post-5006","1":"product","2":"type-product","3":"status-publish","4":"has-post-thumbnail","6":"product_cat-guantes-y-guantillas","8":"first","9":"outofstock","10":"taxable","11":"shipping-taxable","12":"purchasable","13":"product-type-simple"},"wc_booster_product_categories":[{"id":567,"name":"Guantes y Guantillas"}],"wc_booster_product_price":"<span class=\"woocommerce-Price-amount amount\"><bdi><span class=\"woocommerce-Price-currencySymbol\">&#36;<\/span>14.990<\/bdi><\/span> <small class=\"woocommerce-price-suffix\">IVA Incluido<\/small>","wc_booster_product_rating":"","wc_booster_product_banner_img":false,"wc_booster_product_reviews":[],"wc_booster_product_stock_data":{"manage_stock":false,"total_stock":null,"sold_stock":0},"_links":{"self":[{"href":"https:\/\/deportesram.cl\/es_es\/wp-json\/wp\/v2\/product\/5006","targetHints":{"allow":["GET"]}}],"collection":[{"href":"https:\/\/deportesram.cl\/es_es\/wp-json\/wp\/v2\/product"}],"about":[{"href":"https:\/\/deportesram.cl\/es_es\/wp-json\/wp\/v2\/types\/product"}],"wp:featuredmedia":[{"embeddable":true,"href":"https:\/\/deportesram.cl\/es_es\/wp-json\/wp\/v2\/media\/5007"}],"wp:attachment":[{"href":"https:\/\/deportesram.cl\/es_es\/wp-json\/wp\/v2\/media?parent=5006"}],"wp:term":[{"taxonomy":"product_brand","embeddable":true,"href":"https:\/\/deportesram.cl\/es_es\/wp-json\/wp\/v2\/product_brand?post=5006"},{"taxonomy":"product_cat","embeddable":true,"href":"https:\/\/deportesram.cl\/es_es\/wp-json\/wp\/v2\/product_cat?post=5006"},{"taxonomy":"product_tag","embeddable":true,"href":"https:\/\/deportesram.cl\/es_es\/wp-json\/wp\/v2\/product_tag?post=5006"}],"curies":[{"name":"wp","href":"https:\/\/api.w.org\/{rel}","templated":true}]}}