{"id":5008,"date":"2025-02-28T16:36:23","date_gmt":"2025-02-28T19:36:23","guid":{"rendered":"https:\/\/deportesram.cl\/?post_type=product&#038;p=5008"},"modified":"2025-08-16T14:54:22","modified_gmt":"2025-08-16T18:54:22","slug":"guantilla-ever-handwrap-evergel-negro-txl","status":"publish","type":"product","link":"https:\/\/deportesram.cl\/es_es\/producto\/guantilla-ever-handwrap-evergel-negro-txl\/","title":{"rendered":"GUANTILLA EVER HANDWRAP EVERGEL NEGRO T:XL"},"content":{"rendered":"<p><strong>Tipo de Producto: Guantilla<\/strong><br \/>\n<strong>\u00a0La tecnolog\u00eda EVERGEL de \u00faltima generaci\u00f3n disipa la energ\u00eda de impacto y protege nudillos durante el entrenamiento. La correa de sujeci\u00f3n completa de la mu\u00f1eca proporciona un soporte superior y permite un ajuste adaptable. El dise\u00f1o mejorado aumenta la funcionalidad y la durabilidad. La guantilla handwrap fue creada para usar en reemplazo de la venda.<\/strong><br \/>\n<strong>Material: Cuero Sint\u00e9tico Premium<\/strong><br \/>\n<strong>Color: Negro<\/strong><br \/>\n<strong>Linea: Boxeo<\/strong><\/p>\n","protected":false},"excerpt":{"rendered":"<p>Tipo de Producto: Guantilla \u00a0La tecnolog\u00eda EVERGEL de \u00faltima generaci\u00f3n disipa la energ\u00eda de impacto y protege nudillos durante el entrenamiento. La correa de sujeci\u00f3n completa de la mu\u00f1eca proporciona un soporte superior y permite un ajuste adaptable. El dise\u00f1o mejorado aumenta la funcionalidad y la durabilidad. La guantilla handwrap fue creada para usar en [&hellip;]<\/p>\n","protected":false},"featured_media":5007,"template":"","meta":[],"product_brand":[],"product_cat":[566,567],"product_tag":[],"class_list":{"0":"post-5008","1":"product","2":"type-product","3":"status-publish","4":"has-post-thumbnail","6":"product_cat-boxeo","7":"product_cat-guantes-y-guantillas","9":"first","10":"outofstock","11":"taxable","12":"shipping-taxable","13":"purchasable","14":"product-type-simple"},"wc_booster_product_categories":[{"id":566,"name":"Boxeo \/ MMA"},{"id":567,"name":"Guantes y Guantillas"}],"wc_booster_product_price":"<span class=\"woocommerce-Price-amount amount\"><bdi><span class=\"woocommerce-Price-currencySymbol\">&#36;<\/span>14.990<\/bdi><\/span> <small class=\"woocommerce-price-suffix\">IVA Incluido<\/small>","wc_booster_product_rating":"","wc_booster_product_banner_img":false,"wc_booster_product_reviews":[],"wc_booster_product_stock_data":{"manage_stock":false,"total_stock":null,"sold_stock":0},"_links":{"self":[{"href":"https:\/\/deportesram.cl\/es_es\/wp-json\/wp\/v2\/product\/5008","targetHints":{"allow":["GET"]}}],"collection":[{"href":"https:\/\/deportesram.cl\/es_es\/wp-json\/wp\/v2\/product"}],"about":[{"href":"https:\/\/deportesram.cl\/es_es\/wp-json\/wp\/v2\/types\/product"}],"wp:featuredmedia":[{"embeddable":true,"href":"https:\/\/deportesram.cl\/es_es\/wp-json\/wp\/v2\/media\/5007"}],"wp:attachment":[{"href":"https:\/\/deportesram.cl\/es_es\/wp-json\/wp\/v2\/media?parent=5008"}],"wp:term":[{"taxonomy":"product_brand","embeddable":true,"href":"https:\/\/deportesram.cl\/es_es\/wp-json\/wp\/v2\/product_brand?post=5008"},{"taxonomy":"product_cat","embeddable":true,"href":"https:\/\/deportesram.cl\/es_es\/wp-json\/wp\/v2\/product_cat?post=5008"},{"taxonomy":"product_tag","embeddable":true,"href":"https:\/\/deportesram.cl\/es_es\/wp-json\/wp\/v2\/product_tag?post=5008"}],"curies":[{"name":"wp","href":"https:\/\/api.w.org\/{rel}","templated":true}]}}