{"id":5009,"date":"2025-02-28T16:39:01","date_gmt":"2025-02-28T19:39:01","guid":{"rendered":"https:\/\/deportesram.cl\/?post_type=product&#038;p=5009"},"modified":"2025-08-18T22:28:15","modified_gmt":"2025-08-19T02:28:15","slug":"5009","status":"publish","type":"product","link":"https:\/\/deportesram.cl\/es_es\/producto\/5009\/","title":{"rendered":"Guantilla MMA EVE GRAPPLING GLOVES NEGRO T::L-XL"},"content":{"rendered":"<p>Tipo de Producto: Guantilla MMA Everlast<\/p>\n<p>Caracter\u00edsticas: Nuevo dise\u00f1o con borde acolchado que entrega una forma m\u00e1s ergon\u00f3mica del pu\u00f1o para una mayor comodidad y flexibilidad.<br \/>\nIdeal para el trabajo de agarre y focos.<br \/>\nEl cuero sint\u00e9tico de primera calidad aumenta la durabilidad y la funcionalidad. El tratamiento antimicrobiano combate los olores y el crecimiento microbiano, manteniendo sus productos seguros y con olor fresco.<br \/>\nLa correa cubre la mu\u00f1eca completa lo cual proporciona mayor seguridad y permite un ajuste m\u00e1s adaptable.<\/p>\n<p>Material:\u00a0Cuero Sint\u00e9tico<\/p>\n<p>Color:\u00a0Negro<\/p>\n","protected":false},"excerpt":{"rendered":"<p>Tipo de Producto: Guantilla MMA Everlast Caracter\u00edsticas: Nuevo dise\u00f1o con borde acolchado que entrega una forma m\u00e1s ergon\u00f3mica del pu\u00f1o para una mayor comodidad y flexibilidad. Ideal para el trabajo de agarre y focos. El cuero sint\u00e9tico de primera calidad aumenta la durabilidad y la funcionalidad. El tratamiento antimicrobiano combate los olores y el crecimiento [&hellip;]<\/p>\n","protected":false},"featured_media":5010,"template":"","meta":[],"product_brand":[],"product_cat":[567],"product_tag":[],"class_list":{"0":"post-5009","1":"product","2":"type-product","3":"status-publish","4":"has-post-thumbnail","6":"product_cat-guantes-y-guantillas","8":"first","9":"outofstock","10":"taxable","11":"shipping-taxable","12":"purchasable","13":"product-type-simple"},"wc_booster_product_categories":[{"id":567,"name":"Guantes y Guantillas"}],"wc_booster_product_price":"<span class=\"woocommerce-Price-amount amount\"><bdi><span class=\"woocommerce-Price-currencySymbol\">&#36;<\/span>26.990<\/bdi><\/span> <small class=\"woocommerce-price-suffix\">IVA Incluido<\/small>","wc_booster_product_rating":"","wc_booster_product_banner_img":false,"wc_booster_product_reviews":[],"wc_booster_product_stock_data":{"manage_stock":false,"total_stock":null,"sold_stock":0},"_links":{"self":[{"href":"https:\/\/deportesram.cl\/es_es\/wp-json\/wp\/v2\/product\/5009","targetHints":{"allow":["GET"]}}],"collection":[{"href":"https:\/\/deportesram.cl\/es_es\/wp-json\/wp\/v2\/product"}],"about":[{"href":"https:\/\/deportesram.cl\/es_es\/wp-json\/wp\/v2\/types\/product"}],"wp:featuredmedia":[{"embeddable":true,"href":"https:\/\/deportesram.cl\/es_es\/wp-json\/wp\/v2\/media\/5010"}],"wp:attachment":[{"href":"https:\/\/deportesram.cl\/es_es\/wp-json\/wp\/v2\/media?parent=5009"}],"wp:term":[{"taxonomy":"product_brand","embeddable":true,"href":"https:\/\/deportesram.cl\/es_es\/wp-json\/wp\/v2\/product_brand?post=5009"},{"taxonomy":"product_cat","embeddable":true,"href":"https:\/\/deportesram.cl\/es_es\/wp-json\/wp\/v2\/product_cat?post=5009"},{"taxonomy":"product_tag","embeddable":true,"href":"https:\/\/deportesram.cl\/es_es\/wp-json\/wp\/v2\/product_tag?post=5009"}],"curies":[{"name":"wp","href":"https:\/\/api.w.org\/{rel}","templated":true}]}}