{"id":5019,"date":"2025-02-28T18:02:50","date_gmt":"2025-02-28T21:02:50","guid":{"rendered":"https:\/\/deportesram.cl\/?post_type=product&#038;p=5019"},"modified":"2025-08-18T22:18:14","modified_gmt":"2025-08-19T02:18:14","slug":"guante-beisbol-lanzador-rawlings-rbs-gr-125","status":"publish","type":"product","link":"https:\/\/deportesram.cl\/es_es\/producto\/guante-beisbol-lanzador-rawlings-rbs-gr-125\/","title":{"rendered":"Guante BEISBOL LANZADOR RAWLINGS RBS GR 12,5"},"content":{"rendered":"<p><strong>El dise\u00f1o Rawlings Renegade es ideal para jugadores de todas las edades y todos los niveles de habilidad.<\/strong><\/p>\n<p><strong>Beneficios de los guantes<\/strong><\/p>\n<p><strong>Con una carcasa y cordones de cuero duraderos, estos mitones son extremadamente duraderos y mantendr\u00e1n su forma durante mucho tiempo. Un dise\u00f1o de bolsillo profundo y bien formado garantiza que tendr\u00e1s seguridad en la pelota en cada paso del d\u00eda. Adem\u00e1s, las almohadillas de alta densidad en la palma y los dedos agregan la comodidad y protecci\u00f3n que cualquier jugador desear\u00eda y necesitar\u00eda. Adem\u00e1s, los forros acolchados en la parte posterior de los dedos agregan un lujo inigualable como ning\u00fan otro. Si buscas mejorar tu rendimiento a un precio asequible, el Rawlings Renegada es el dise\u00f1o para ti. Rawlings: \u00a1La marca de un profesional!<\/strong><\/p>\n","protected":false},"excerpt":{"rendered":"<p>El dise\u00f1o Rawlings Renegade es ideal para jugadores de todas las edades y todos los niveles de habilidad. Beneficios de los guantes Con una carcasa y cordones de cuero duraderos, estos mitones son extremadamente duraderos y mantendr\u00e1n su forma durante mucho tiempo. Un dise\u00f1o de bolsillo profundo y bien formado garantiza que tendr\u00e1s seguridad en [&hellip;]<\/p>\n","protected":false},"featured_media":5020,"template":"","meta":[],"product_brand":[],"product_cat":[562,563],"product_tag":[],"class_list":{"0":"post-5019","1":"product","2":"type-product","3":"status-publish","4":"has-post-thumbnail","6":"product_cat-beisbol","7":"product_cat-guantes","9":"first","10":"outofstock","11":"taxable","12":"shipping-taxable","13":"purchasable","14":"product-type-simple"},"wc_booster_product_categories":[{"id":562,"name":"B\u00e9isbol"},{"id":563,"name":"Guantes"}],"wc_booster_product_price":"<span class=\"woocommerce-Price-amount amount\"><bdi><span class=\"woocommerce-Price-currencySymbol\">&#36;<\/span>59.990<\/bdi><\/span> <small class=\"woocommerce-price-suffix\">IVA Incluido<\/small>","wc_booster_product_rating":"","wc_booster_product_banner_img":false,"wc_booster_product_reviews":[],"wc_booster_product_stock_data":{"manage_stock":false,"total_stock":null,"sold_stock":0},"_links":{"self":[{"href":"https:\/\/deportesram.cl\/es_es\/wp-json\/wp\/v2\/product\/5019","targetHints":{"allow":["GET"]}}],"collection":[{"href":"https:\/\/deportesram.cl\/es_es\/wp-json\/wp\/v2\/product"}],"about":[{"href":"https:\/\/deportesram.cl\/es_es\/wp-json\/wp\/v2\/types\/product"}],"wp:featuredmedia":[{"embeddable":true,"href":"https:\/\/deportesram.cl\/es_es\/wp-json\/wp\/v2\/media\/5020"}],"wp:attachment":[{"href":"https:\/\/deportesram.cl\/es_es\/wp-json\/wp\/v2\/media?parent=5019"}],"wp:term":[{"taxonomy":"product_brand","embeddable":true,"href":"https:\/\/deportesram.cl\/es_es\/wp-json\/wp\/v2\/product_brand?post=5019"},{"taxonomy":"product_cat","embeddable":true,"href":"https:\/\/deportesram.cl\/es_es\/wp-json\/wp\/v2\/product_cat?post=5019"},{"taxonomy":"product_tag","embeddable":true,"href":"https:\/\/deportesram.cl\/es_es\/wp-json\/wp\/v2\/product_tag?post=5019"}],"curies":[{"name":"wp","href":"https:\/\/api.w.org\/{rel}","templated":true}]}}