{"id":5025,"date":"2025-03-01T11:38:09","date_gmt":"2025-03-01T14:38:09","guid":{"rendered":"https:\/\/deportesram.cl\/?post_type=product&#038;p=5025"},"modified":"2025-08-15T16:53:54","modified_gmt":"2025-08-15T20:53:54","slug":"manufac-arco-baby-futsal-3x2-mts-fierro-1-1-2","status":"publish","type":"product","link":"https:\/\/deportesram.cl\/es_es\/producto\/manufac-arco-baby-futsal-3x2-mts-fierro-1-1-2\/","title":{"rendered":"MANUFAC. ARCO BABY FUTSAL 3X2  MTS FIERRO 1 1\/2&#8243;"},"content":{"rendered":"<h5>-PRESENTACI\u00d3N: 1 PAR.<\/h5>\n<h5>-NO INCLUYE REDES.<\/h5>\n<h5>-MATERIAL: FIERRO DE ALTO RENDIMIENTO CON PINTURA AL HORNO PARA MAYOR DURACI\u00d3N.<\/h5>\n<h5>-FABRICACI\u00d3N NACIONAL.<\/h5>\n","protected":false},"excerpt":{"rendered":"<p>-PRESENTACI\u00d3N: 1 PAR. -NO INCLUYE REDES. -MATERIAL: FIERRO DE ALTO RENDIMIENTO CON PINTURA AL HORNO PARA MAYOR DURACI\u00d3N. -FABRICACI\u00d3N NACIONAL.<\/p>\n","protected":false},"featured_media":5026,"template":"","meta":[],"product_brand":[],"product_cat":[682,672,680],"product_tag":[],"class_list":{"0":"post-5025","1":"product","2":"type-product","3":"status-publish","4":"has-post-thumbnail","6":"product_cat-arcos-y-redes-futsal","7":"product_cat-futbol","8":"product_cat-futsal","10":"first","11":"outofstock","12":"taxable","13":"shipping-taxable","14":"purchasable","15":"product-type-simple"},"wc_booster_product_categories":[{"id":682,"name":"Arcos y Redes"},{"id":672,"name":"F\u00fatbol"},{"id":680,"name":"Futsal"}],"wc_booster_product_price":"<span class=\"woocommerce-Price-amount amount\"><bdi><span class=\"woocommerce-Price-currencySymbol\">&#36;<\/span>360.000<\/bdi><\/span> <small class=\"woocommerce-price-suffix\">IVA Incluido<\/small>","wc_booster_product_rating":"","wc_booster_product_banner_img":false,"wc_booster_product_reviews":[],"wc_booster_product_stock_data":{"manage_stock":false,"total_stock":null,"sold_stock":0},"_links":{"self":[{"href":"https:\/\/deportesram.cl\/es_es\/wp-json\/wp\/v2\/product\/5025","targetHints":{"allow":["GET"]}}],"collection":[{"href":"https:\/\/deportesram.cl\/es_es\/wp-json\/wp\/v2\/product"}],"about":[{"href":"https:\/\/deportesram.cl\/es_es\/wp-json\/wp\/v2\/types\/product"}],"wp:featuredmedia":[{"embeddable":true,"href":"https:\/\/deportesram.cl\/es_es\/wp-json\/wp\/v2\/media\/5026"}],"wp:attachment":[{"href":"https:\/\/deportesram.cl\/es_es\/wp-json\/wp\/v2\/media?parent=5025"}],"wp:term":[{"taxonomy":"product_brand","embeddable":true,"href":"https:\/\/deportesram.cl\/es_es\/wp-json\/wp\/v2\/product_brand?post=5025"},{"taxonomy":"product_cat","embeddable":true,"href":"https:\/\/deportesram.cl\/es_es\/wp-json\/wp\/v2\/product_cat?post=5025"},{"taxonomy":"product_tag","embeddable":true,"href":"https:\/\/deportesram.cl\/es_es\/wp-json\/wp\/v2\/product_tag?post=5025"}],"curies":[{"name":"wp","href":"https:\/\/api.w.org\/{rel}","templated":true}]}}