{"id":5029,"date":"2025-03-01T11:53:44","date_gmt":"2025-03-01T14:53:44","guid":{"rendered":"https:\/\/deportesram.cl\/?post_type=product&#038;p=5029"},"modified":"2025-08-15T16:53:53","modified_gmt":"2025-08-15T20:53:53","slug":"manufac-arco-baby-futsal-3x2-mts-fierro-2-1-pza","status":"publish","type":"product","link":"https:\/\/deportesram.cl\/es_es\/producto\/manufac-arco-baby-futsal-3x2-mts-fierro-2-1-pza\/","title":{"rendered":"MANUFAC. ARCO BABY FUTSAL 3X2  MTS FIERRO 2&#8243; 1 PZA"},"content":{"rendered":"<p><strong>MEDIDAS: 2 MT DE ALTO POR 3 MT DE ANCHO, ESPESOR FIERRO 2&#8243; 1\/2 X 2 MM.<\/strong><\/p>\n<p><strong>-PRESENTACI\u00d3N: 1 PAR.<\/strong><\/p>\n<p><strong>-NO INCLUYE REDES.<\/strong><\/p>\n<p><strong>-MATERIAL: FIERRO DE ALTO RENDIMIENTO CON PINTURA AL HORNO PARA MAYOR DURACI\u00d3N.<\/strong><\/p>\n<p><strong>-FABRICACI\u00d3N NACIONAL.<\/strong><\/p>\n","protected":false},"excerpt":{"rendered":"<p>MEDIDAS: 2 MT DE ALTO POR 3 MT DE ANCHO, ESPESOR FIERRO 2&#8243; 1\/2 X 2 MM. -PRESENTACI\u00d3N: 1 PAR. -NO INCLUYE REDES. -MATERIAL: FIERRO DE ALTO RENDIMIENTO CON PINTURA AL HORNO PARA MAYOR DURACI\u00d3N. -FABRICACI\u00d3N NACIONAL.<\/p>\n","protected":false},"featured_media":5028,"template":"","meta":[],"product_brand":[],"product_cat":[682,672,680],"product_tag":[],"class_list":{"0":"post-5029","1":"product","2":"type-product","3":"status-publish","4":"has-post-thumbnail","6":"product_cat-arcos-y-redes-futsal","7":"product_cat-futbol","8":"product_cat-futsal","10":"first","11":"outofstock","12":"taxable","13":"shipping-taxable","14":"purchasable","15":"product-type-simple"},"wc_booster_product_categories":[{"id":682,"name":"Arcos y Redes"},{"id":672,"name":"F\u00fatbol"},{"id":680,"name":"Futsal"}],"wc_booster_product_price":"<span class=\"woocommerce-Price-amount amount\"><bdi><span class=\"woocommerce-Price-currencySymbol\">&#36;<\/span>480.000<\/bdi><\/span> <small class=\"woocommerce-price-suffix\">IVA Incluido<\/small>","wc_booster_product_rating":"","wc_booster_product_banner_img":false,"wc_booster_product_reviews":[],"wc_booster_product_stock_data":{"manage_stock":false,"total_stock":null,"sold_stock":0},"_links":{"self":[{"href":"https:\/\/deportesram.cl\/es_es\/wp-json\/wp\/v2\/product\/5029","targetHints":{"allow":["GET"]}}],"collection":[{"href":"https:\/\/deportesram.cl\/es_es\/wp-json\/wp\/v2\/product"}],"about":[{"href":"https:\/\/deportesram.cl\/es_es\/wp-json\/wp\/v2\/types\/product"}],"wp:featuredmedia":[{"embeddable":true,"href":"https:\/\/deportesram.cl\/es_es\/wp-json\/wp\/v2\/media\/5028"}],"wp:attachment":[{"href":"https:\/\/deportesram.cl\/es_es\/wp-json\/wp\/v2\/media?parent=5029"}],"wp:term":[{"taxonomy":"product_brand","embeddable":true,"href":"https:\/\/deportesram.cl\/es_es\/wp-json\/wp\/v2\/product_brand?post=5029"},{"taxonomy":"product_cat","embeddable":true,"href":"https:\/\/deportesram.cl\/es_es\/wp-json\/wp\/v2\/product_cat?post=5029"},{"taxonomy":"product_tag","embeddable":true,"href":"https:\/\/deportesram.cl\/es_es\/wp-json\/wp\/v2\/product_tag?post=5029"}],"curies":[{"name":"wp","href":"https:\/\/api.w.org\/{rel}","templated":true}]}}