{"id":5049,"date":"2025-03-01T13:09:37","date_gmt":"2025-03-01T16:09:37","guid":{"rendered":"https:\/\/deportesram.cl\/?post_type=product&#038;p=5049"},"modified":"2025-08-18T22:09:45","modified_gmt":"2025-08-19T02:09:45","slug":"carro-porta-balon-metalico-1-00-mts-x-90-cm","status":"publish","type":"product","link":"https:\/\/deportesram.cl\/es_es\/producto\/carro-porta-balon-metalico-1-00-mts-x-90-cm\/","title":{"rendered":"CARRO PORTA BALON METALICO 1.00 MTS  X 90 CM"},"content":{"rendered":"<p>Medidas: 1.00 MTS X 90 CM<\/p>\n<p>Materia: Met\u00e1lico.<\/p>\n<p>Incluye ruedas multidireccionales.<\/p>\n<p>Tapa superior con cierre para candado.<\/p>\n<p>&nbsp;<\/p>\n","protected":false},"excerpt":{"rendered":"<p>Medidas: 1.00 MTS X 90 CM Materia: Met\u00e1lico. Incluye ruedas multidireccionales. Tapa superior con cierre para candado. &nbsp;<\/p>\n","protected":false},"featured_media":5050,"template":"","meta":[],"product_brand":[],"product_cat":[558,672,583,591,643,663],"product_tag":[],"class_list":{"0":"post-5049","1":"product","2":"type-product","3":"status-publish","4":"has-post-thumbnail","6":"product_cat-basquetbol","7":"product_cat-futbol","8":"product_cat-futbol-americano","9":"product_cat-handball","10":"product_cat-rugby","11":"product_cat-voleibol","13":"first","14":"outofstock","15":"taxable","16":"shipping-taxable","17":"purchasable","18":"product-type-simple"},"wc_booster_product_categories":[{"id":558,"name":"B\u00e1squetbol"},{"id":672,"name":"F\u00fatbol"},{"id":583,"name":"F\u00fatbol Americano"},{"id":591,"name":"Handball"},{"id":643,"name":"Rugby"},{"id":663,"name":"Voleibol"}],"wc_booster_product_price":"<span class=\"woocommerce-Price-amount amount\"><bdi><span class=\"woocommerce-Price-currencySymbol\">&#36;<\/span>289.990<\/bdi><\/span> <small class=\"woocommerce-price-suffix\">IVA Incluido<\/small>","wc_booster_product_rating":"","wc_booster_product_banner_img":false,"wc_booster_product_reviews":[],"wc_booster_product_stock_data":{"manage_stock":false,"total_stock":null,"sold_stock":0},"_links":{"self":[{"href":"https:\/\/deportesram.cl\/es_es\/wp-json\/wp\/v2\/product\/5049","targetHints":{"allow":["GET"]}}],"collection":[{"href":"https:\/\/deportesram.cl\/es_es\/wp-json\/wp\/v2\/product"}],"about":[{"href":"https:\/\/deportesram.cl\/es_es\/wp-json\/wp\/v2\/types\/product"}],"wp:featuredmedia":[{"embeddable":true,"href":"https:\/\/deportesram.cl\/es_es\/wp-json\/wp\/v2\/media\/5050"}],"wp:attachment":[{"href":"https:\/\/deportesram.cl\/es_es\/wp-json\/wp\/v2\/media?parent=5049"}],"wp:term":[{"taxonomy":"product_brand","embeddable":true,"href":"https:\/\/deportesram.cl\/es_es\/wp-json\/wp\/v2\/product_brand?post=5049"},{"taxonomy":"product_cat","embeddable":true,"href":"https:\/\/deportesram.cl\/es_es\/wp-json\/wp\/v2\/product_cat?post=5049"},{"taxonomy":"product_tag","embeddable":true,"href":"https:\/\/deportesram.cl\/es_es\/wp-json\/wp\/v2\/product_tag?post=5049"}],"curies":[{"name":"wp","href":"https:\/\/api.w.org\/{rel}","templated":true}]}}