{"id":5051,"date":"2025-03-01T13:16:31","date_gmt":"2025-03-01T16:16:31","guid":{"rendered":"https:\/\/deportesram.cl\/?post_type=product&#038;p=5051"},"modified":"2025-10-23T16:29:34","modified_gmt":"2025-10-23T19:29:34","slug":"manufac-parante-voleibol-poner-y-sacar-32mm","status":"publish","type":"product","link":"https:\/\/deportesram.cl\/es_es\/producto\/manufac-parante-voleibol-poner-y-sacar-32mm\/","title":{"rendered":"MANUFAC. PARANTE VOLEIBOL PONER Y SACAR 3&#8243;2MM"},"content":{"rendered":"<div class=\"WaaZC\">\n<div class=\"RJPOee EIJn2\"><\/div>\n<\/div>\n<div class=\"WaaZC\">\n<div class=\"RJPOee EIJn2\">\n<p>&nbsp;<\/p>\n<ul>\n<li><strong>Est\u00e1 dise\u00f1ado para brindar resistencia, rendimiento y estabilidad<\/strong><\/li>\n<li><strong>Su base con bota garantiza un anclaje firme<\/strong><\/li>\n<li><strong>Mantiene el marco de juego alineado<\/strong><\/li>\n<li><strong>Soporta el ritmo de los entrenamientos y partidos m\u00e1s intensos<\/strong><\/li>\n<\/ul>\n<h4><strong>Con entrega de 15 d\u00edas h\u00e1biles desde el momento de la confirmaci\u00f3n del pago<\/strong><\/h4>\n<\/div>\n<\/div>\n","protected":false},"excerpt":{"rendered":"<p>&nbsp; Est\u00e1 dise\u00f1ado para brindar resistencia, rendimiento y estabilidad Su base con bota garantiza un anclaje firme Mantiene el marco de juego alineado Soporta el ritmo de los entrenamientos y partidos m\u00e1s intensos Con entrega de 15 d\u00edas h\u00e1biles desde el momento de la confirmaci\u00f3n del pago<\/p>\n","protected":false},"featured_media":5059,"template":"","meta":[],"product_brand":[],"product_cat":[665,663],"product_tag":[],"class_list":{"0":"post-5051","1":"product","2":"type-product","3":"status-publish","4":"has-post-thumbnail","6":"product_cat-redes-y-antenas","7":"product_cat-voleibol","9":"first","10":"instock","11":"taxable","12":"shipping-taxable","13":"purchasable","14":"product-type-simple"},"wc_booster_product_categories":[{"id":665,"name":"Redes y Antenas"},{"id":663,"name":"Voleibol"}],"wc_booster_product_price":"<span class=\"woocommerce-Price-amount amount\"><bdi><span class=\"woocommerce-Price-currencySymbol\">&#36;<\/span>469.990<\/bdi><\/span> <small class=\"woocommerce-price-suffix\">IVA Incluido<\/small>","wc_booster_product_rating":"","wc_booster_product_banner_img":false,"wc_booster_product_reviews":[],"wc_booster_product_stock_data":{"manage_stock":false,"total_stock":null,"sold_stock":0},"_links":{"self":[{"href":"https:\/\/deportesram.cl\/es_es\/wp-json\/wp\/v2\/product\/5051","targetHints":{"allow":["GET"]}}],"collection":[{"href":"https:\/\/deportesram.cl\/es_es\/wp-json\/wp\/v2\/product"}],"about":[{"href":"https:\/\/deportesram.cl\/es_es\/wp-json\/wp\/v2\/types\/product"}],"wp:featuredmedia":[{"embeddable":true,"href":"https:\/\/deportesram.cl\/es_es\/wp-json\/wp\/v2\/media\/5059"}],"wp:attachment":[{"href":"https:\/\/deportesram.cl\/es_es\/wp-json\/wp\/v2\/media?parent=5051"}],"wp:term":[{"taxonomy":"product_brand","embeddable":true,"href":"https:\/\/deportesram.cl\/es_es\/wp-json\/wp\/v2\/product_brand?post=5051"},{"taxonomy":"product_cat","embeddable":true,"href":"https:\/\/deportesram.cl\/es_es\/wp-json\/wp\/v2\/product_cat?post=5051"},{"taxonomy":"product_tag","embeddable":true,"href":"https:\/\/deportesram.cl\/es_es\/wp-json\/wp\/v2\/product_tag?post=5051"}],"curies":[{"name":"wp","href":"https:\/\/api.w.org\/{rel}","templated":true}]}}