{"id":5058,"date":"2025-03-01T13:54:34","date_gmt":"2025-03-01T16:54:34","guid":{"rendered":"https:\/\/deportesram.cl\/?post_type=product&#038;p=5058"},"modified":"2025-10-23T16:25:58","modified_gmt":"2025-10-23T19:25:58","slug":"manufac-parante-voleibol-transportable","status":"publish","type":"product","link":"https:\/\/deportesram.cl\/es_es\/producto\/manufac-parante-voleibol-transportable\/","title":{"rendered":"MANUFAC. PARANTE VOLEIBOL TRANSPORTABLE"},"content":{"rendered":"<p>PARANTE VOLEIBOL MOVIBLE<\/p>\n<p>-PRESENTACI\u00d3N: 1 PAR.<\/p>\n<p>-TUBO DE 2&#8243; X 2MM DE ESPESOR.<\/p>\n<p>-BASE DE 1MT X 1MT X 2MM DE ESPESOR.<\/p>\n<p>-INCLUYE TENSOR DE RED.<\/p>\n<p>-PINTURA AL HORNO.<\/p>\n<p>-FABRICACI\u00d3N NACIONA.<\/p>\n<h4><strong>Con entrega de 15 d\u00edas h\u00e1biles desde el momento de la confirmaci\u00f3n del pago<\/strong><\/h4>\n","protected":false},"excerpt":{"rendered":"<p>PARANTE VOLEIBOL MOVIBLE -PRESENTACI\u00d3N: 1 PAR. -TUBO DE 2&#8243; X 2MM DE ESPESOR. -BASE DE 1MT X 1MT X 2MM DE ESPESOR. -INCLUYE TENSOR DE RED. -PINTURA AL HORNO. -FABRICACI\u00d3N NACIONA. Con entrega de 15 d\u00edas h\u00e1biles desde el momento de la confirmaci\u00f3n del pago<\/p>\n","protected":false},"featured_media":5052,"template":"","meta":[],"product_brand":[],"product_cat":[665,663],"product_tag":[],"class_list":{"0":"post-5058","1":"product","2":"type-product","3":"status-publish","4":"has-post-thumbnail","6":"product_cat-redes-y-antenas","7":"product_cat-voleibol","9":"first","10":"instock","11":"taxable","12":"shipping-taxable","13":"purchasable","14":"product-type-simple"},"wc_booster_product_categories":[{"id":665,"name":"Redes y Antenas"},{"id":663,"name":"Voleibol"}],"wc_booster_product_price":"<span class=\"woocommerce-Price-amount amount\"><bdi><span class=\"woocommerce-Price-currencySymbol\">&#36;<\/span>499.990<\/bdi><\/span> <small class=\"woocommerce-price-suffix\">IVA Incluido<\/small>","wc_booster_product_rating":"","wc_booster_product_banner_img":false,"wc_booster_product_reviews":[],"wc_booster_product_stock_data":{"manage_stock":false,"total_stock":null,"sold_stock":0},"_links":{"self":[{"href":"https:\/\/deportesram.cl\/es_es\/wp-json\/wp\/v2\/product\/5058","targetHints":{"allow":["GET"]}}],"collection":[{"href":"https:\/\/deportesram.cl\/es_es\/wp-json\/wp\/v2\/product"}],"about":[{"href":"https:\/\/deportesram.cl\/es_es\/wp-json\/wp\/v2\/types\/product"}],"wp:featuredmedia":[{"embeddable":true,"href":"https:\/\/deportesram.cl\/es_es\/wp-json\/wp\/v2\/media\/5052"}],"wp:attachment":[{"href":"https:\/\/deportesram.cl\/es_es\/wp-json\/wp\/v2\/media?parent=5058"}],"wp:term":[{"taxonomy":"product_brand","embeddable":true,"href":"https:\/\/deportesram.cl\/es_es\/wp-json\/wp\/v2\/product_brand?post=5058"},{"taxonomy":"product_cat","embeddable":true,"href":"https:\/\/deportesram.cl\/es_es\/wp-json\/wp\/v2\/product_cat?post=5058"},{"taxonomy":"product_tag","embeddable":true,"href":"https:\/\/deportesram.cl\/es_es\/wp-json\/wp\/v2\/product_tag?post=5058"}],"curies":[{"name":"wp","href":"https:\/\/api.w.org\/{rel}","templated":true}]}}