{"id":5062,"date":"2025-03-01T13:59:42","date_gmt":"2025-03-01T16:59:42","guid":{"rendered":"https:\/\/deportesram.cl\/?post_type=product&#038;p=5062"},"modified":"2025-10-23T16:18:53","modified_gmt":"2025-10-23T19:18:53","slug":"manufac-parante-voleibol-tenis-2","status":"publish","type":"product","link":"https:\/\/deportesram.cl\/es_es\/producto\/manufac-parante-voleibol-tenis-2\/","title":{"rendered":"MANUFAC. PARANTE VOLEIBOL TENIS 2"},"content":{"rendered":"<p><strong>Par de Parante de voleibol &#8211; tenis.\u00a0<\/strong><\/p>\n<p>Poner y Sacar \/color blanco en pintura al horno alto brillo de fabricaci\u00f3n y duraci\u00f3n de clima indol y autdoor,<\/p>\n<p>Fabricado en fierro tubular de 2X2 mm de espesor.<\/p>\n<p><strong>Incluye :\u00a0<\/strong><\/p>\n<ul>\n<li>2 Tapas met\u00e1licas<\/li>\n<li>2 vainas para Empotrar<\/li>\n<li>1 sistema de tensi\u00f3n de red<\/li>\n<li>2 Poleas de Tensi\u00f3n de Red<\/li>\n<\/ul>\n<h4><strong>Con entrega de 15 d\u00edas h\u00e1biles desde el momento de la confirmaci\u00f3n del pago<\/strong><\/h4>\n","protected":false},"excerpt":{"rendered":"<p>Par de Parante de voleibol &#8211; tenis.\u00a0 Poner y Sacar \/color blanco en pintura al horno alto brillo de fabricaci\u00f3n y duraci\u00f3n de clima indol y autdoor, Fabricado en fierro tubular de 2X2 mm de espesor. Incluye :\u00a0 2 Tapas met\u00e1licas 2 vainas para Empotrar 1 sistema de tensi\u00f3n de red 2 Poleas de Tensi\u00f3n [&hellip;]<\/p>\n","protected":false},"featured_media":5059,"template":"","meta":[],"product_brand":[],"product_cat":[665,663],"product_tag":[],"class_list":{"0":"post-5062","1":"product","2":"type-product","3":"status-publish","4":"has-post-thumbnail","6":"product_cat-redes-y-antenas","7":"product_cat-voleibol","9":"first","10":"instock","11":"taxable","12":"shipping-taxable","13":"purchasable","14":"product-type-simple"},"wc_booster_product_categories":[{"id":665,"name":"Redes y Antenas"},{"id":663,"name":"Voleibol"}],"wc_booster_product_price":"<span class=\"woocommerce-Price-amount amount\"><bdi><span class=\"woocommerce-Price-currencySymbol\">&#36;<\/span>549.000<\/bdi><\/span> <small class=\"woocommerce-price-suffix\">IVA Incluido<\/small>","wc_booster_product_rating":"","wc_booster_product_banner_img":false,"wc_booster_product_reviews":[],"wc_booster_product_stock_data":{"manage_stock":false,"total_stock":null,"sold_stock":0},"_links":{"self":[{"href":"https:\/\/deportesram.cl\/es_es\/wp-json\/wp\/v2\/product\/5062","targetHints":{"allow":["GET"]}}],"collection":[{"href":"https:\/\/deportesram.cl\/es_es\/wp-json\/wp\/v2\/product"}],"about":[{"href":"https:\/\/deportesram.cl\/es_es\/wp-json\/wp\/v2\/types\/product"}],"wp:featuredmedia":[{"embeddable":true,"href":"https:\/\/deportesram.cl\/es_es\/wp-json\/wp\/v2\/media\/5059"}],"wp:attachment":[{"href":"https:\/\/deportesram.cl\/es_es\/wp-json\/wp\/v2\/media?parent=5062"}],"wp:term":[{"taxonomy":"product_brand","embeddable":true,"href":"https:\/\/deportesram.cl\/es_es\/wp-json\/wp\/v2\/product_brand?post=5062"},{"taxonomy":"product_cat","embeddable":true,"href":"https:\/\/deportesram.cl\/es_es\/wp-json\/wp\/v2\/product_cat?post=5062"},{"taxonomy":"product_tag","embeddable":true,"href":"https:\/\/deportesram.cl\/es_es\/wp-json\/wp\/v2\/product_tag?post=5062"}],"curies":[{"name":"wp","href":"https:\/\/api.w.org\/{rel}","templated":true}]}}