{"id":5075,"date":"2025-03-03T10:54:03","date_gmt":"2025-03-03T13:54:03","guid":{"rendered":"https:\/\/deportesram.cl\/?post_type=product&#038;p=5075"},"modified":"2025-08-15T16:31:10","modified_gmt":"2025-08-15T20:31:10","slug":"tablero-acrilico-10mm-med-of-180-x-120-mt-unidad","status":"publish","type":"product","link":"https:\/\/deportesram.cl\/es_es\/producto\/tablero-acrilico-10mm-med-of-180-x-120-mt-unidad\/","title":{"rendered":"TABLERO ACRILICO 10MM MED. OF. 180 X 120 MT UNIDAD"},"content":{"rendered":"<ul>\n<li class=\"category_short_description\">Material: Acr\u00edlico 10 mm.<\/li>\n<li class=\"category_short_description\">Medidas reglamentarias 1.80 x 1.20 mt.<\/li>\n<li class=\"category_short_description\">Aro oficial retr\u00e1ctil con resorte.<\/li>\n<li class=\"category_short_description\">Marco met\u00e1lico posterior y \u00e1ngulo para proteger los lados del tablero.<\/li>\n<li class=\"category_short_description\">No incluye malla.<\/li>\n<li class=\"category_short_description\">Tableros, Arco de Basquetbol.<\/li>\n<\/ul>\n","protected":false},"excerpt":{"rendered":"<p>Material: Acr\u00edlico 10 mm. Medidas reglamentarias 1.80 x 1.20 mt. Aro oficial retr\u00e1ctil con resorte. Marco met\u00e1lico posterior y \u00e1ngulo para proteger los lados del tablero. No incluye malla. Tableros, Arco de Basquetbol.<\/p>\n","protected":false},"featured_media":5076,"template":"","meta":[],"product_brand":[],"product_cat":[560,558],"product_tag":[],"class_list":{"0":"post-5075","1":"product","2":"type-product","3":"status-publish","4":"has-post-thumbnail","6":"product_cat-aros-y-tableros","7":"product_cat-basquetbol","9":"first","10":"outofstock","11":"taxable","12":"shipping-taxable","13":"purchasable","14":"product-type-simple"},"wc_booster_product_categories":[{"id":560,"name":"Aros y Tableros"},{"id":558,"name":"B\u00e1squetbol"}],"wc_booster_product_price":"<span class=\"woocommerce-Price-amount amount\"><bdi><span class=\"woocommerce-Price-currencySymbol\">&#36;<\/span>660.000<\/bdi><\/span> <small class=\"woocommerce-price-suffix\">IVA Incluido<\/small>","wc_booster_product_rating":"","wc_booster_product_banner_img":false,"wc_booster_product_reviews":[],"wc_booster_product_stock_data":{"manage_stock":false,"total_stock":null,"sold_stock":0},"_links":{"self":[{"href":"https:\/\/deportesram.cl\/es_es\/wp-json\/wp\/v2\/product\/5075","targetHints":{"allow":["GET"]}}],"collection":[{"href":"https:\/\/deportesram.cl\/es_es\/wp-json\/wp\/v2\/product"}],"about":[{"href":"https:\/\/deportesram.cl\/es_es\/wp-json\/wp\/v2\/types\/product"}],"wp:featuredmedia":[{"embeddable":true,"href":"https:\/\/deportesram.cl\/es_es\/wp-json\/wp\/v2\/media\/5076"}],"wp:attachment":[{"href":"https:\/\/deportesram.cl\/es_es\/wp-json\/wp\/v2\/media?parent=5075"}],"wp:term":[{"taxonomy":"product_brand","embeddable":true,"href":"https:\/\/deportesram.cl\/es_es\/wp-json\/wp\/v2\/product_brand?post=5075"},{"taxonomy":"product_cat","embeddable":true,"href":"https:\/\/deportesram.cl\/es_es\/wp-json\/wp\/v2\/product_cat?post=5075"},{"taxonomy":"product_tag","embeddable":true,"href":"https:\/\/deportesram.cl\/es_es\/wp-json\/wp\/v2\/product_tag?post=5075"}],"curies":[{"name":"wp","href":"https:\/\/api.w.org\/{rel}","templated":true}]}}