{"id":5115,"date":"2025-03-03T16:32:19","date_gmt":"2025-03-03T19:32:19","guid":{"rendered":"https:\/\/deportesram.cl\/?post_type=product&#038;p=5115"},"modified":"2025-08-15T16:32:04","modified_gmt":"2025-08-15T20:32:04","slug":"aro-basquetbol-doble-resortes-red-y-pernos-muuk","status":"publish","type":"product","link":"https:\/\/deportesram.cl\/es_es\/producto\/aro-basquetbol-doble-resortes-red-y-pernos-muuk\/","title":{"rendered":"ARO BASQUETBOL DOBLE RESORTES, RED Y PERNOS MUUK"},"content":{"rendered":"<p dir=\"ltr\"><strong>Sum\u00e9rgete en la acci\u00f3n del basquetball con el Aro de Basquetball Muuk Doble. Con un di\u00e1metro oficial de 45 cm, este aro presenta una estructura de metal macizo con un tubo de 16 mm, brindando robustez para cada juego. F\u00e1cil de instalar y port\u00e1til, este aro de doble aro es esencial para tus partidos de Basketball. Ideal para el entrenamiento de ni\u00f1os desde una edad temprana, contribuyendo a un crecimiento saludable. Perfecto tanto para juegos en interiores como para recreaci\u00f3n al aire libre.<\/strong><\/p>\n<p dir=\"ltr\"><strong>Listado de Caracter\u00edsticas:<\/strong><\/p>\n<ul>\n<li dir=\"ltr\">\n<p dir=\"ltr\"><strong>Estructura de metal macizo para solidez y durabilidad.<\/strong><\/p>\n<\/li>\n<li dir=\"ltr\">\n<p dir=\"ltr\"><strong>Doble aro para mayor desaf\u00edo y diversi\u00f3n.<\/strong><\/p>\n<\/li>\n<li dir=\"ltr\">\n<p dir=\"ltr\"><strong>Di\u00e1metro oficial de 45 cm.<\/strong><\/p>\n<\/li>\n<li dir=\"ltr\">\n<p dir=\"ltr\"><strong>Tubo de acero macizo de 16 mm.<\/strong><\/p>\n<\/li>\n<li dir=\"ltr\">\n<p dir=\"ltr\"><strong>F\u00e1cil de instalar y port\u00e1til.<\/strong><\/p>\n<\/li>\n<\/ul>\n<p dir=\"ltr\"><strong>Deporte\/Disciplina:<\/strong><\/p>\n<p dir=\"ltr\"><strong>Basketball.<\/strong><\/p>\n<p dir=\"ltr\"><strong>Usos Recomendados:<\/strong><\/p>\n<p dir=\"ltr\"><strong>Ideal para partidos, entrenamientos y juegos recreativos de basquetball.<\/strong><\/p>\n<p dir=\"ltr\"><strong>Beneficio Adicional:<\/strong><\/p>\n<p dir=\"ltr\"><strong>El aro de basquetbol est\u00e1 hecho de hierro resistente, contribuyendo al crecimiento saludable de los ni\u00f1os. La adici\u00f3n de un segundo aro ofrece un desaf\u00edo adicional para mejorar las habilidades de enceste. Perfecto para uso en interiores y exteriores.<\/strong><\/p>\n","protected":false},"excerpt":{"rendered":"<p>Sum\u00e9rgete en la acci\u00f3n del basquetball con el Aro de Basquetball Muuk Doble. Con un di\u00e1metro oficial de 45 cm, este aro presenta una estructura de metal macizo con un tubo de 16 mm, brindando robustez para cada juego. F\u00e1cil de instalar y port\u00e1til, este aro de doble aro es esencial para tus partidos de [&hellip;]<\/p>\n","protected":false},"featured_media":5116,"template":"","meta":[],"product_brand":[],"product_cat":[560,558],"product_tag":[],"class_list":{"0":"post-5115","1":"product","2":"type-product","3":"status-publish","4":"has-post-thumbnail","6":"product_cat-aros-y-tableros","7":"product_cat-basquetbol","9":"first","10":"outofstock","11":"taxable","12":"shipping-taxable","13":"purchasable","14":"product-type-simple"},"wc_booster_product_categories":[{"id":560,"name":"Aros y Tableros"},{"id":558,"name":"B\u00e1squetbol"}],"wc_booster_product_price":"<span class=\"woocommerce-Price-amount amount\"><bdi><span class=\"woocommerce-Price-currencySymbol\">&#36;<\/span>30.990<\/bdi><\/span> <small class=\"woocommerce-price-suffix\">IVA Incluido<\/small>","wc_booster_product_rating":"","wc_booster_product_banner_img":false,"wc_booster_product_reviews":[],"wc_booster_product_stock_data":{"manage_stock":false,"total_stock":null,"sold_stock":0},"_links":{"self":[{"href":"https:\/\/deportesram.cl\/es_es\/wp-json\/wp\/v2\/product\/5115","targetHints":{"allow":["GET"]}}],"collection":[{"href":"https:\/\/deportesram.cl\/es_es\/wp-json\/wp\/v2\/product"}],"about":[{"href":"https:\/\/deportesram.cl\/es_es\/wp-json\/wp\/v2\/types\/product"}],"wp:featuredmedia":[{"embeddable":true,"href":"https:\/\/deportesram.cl\/es_es\/wp-json\/wp\/v2\/media\/5116"}],"wp:attachment":[{"href":"https:\/\/deportesram.cl\/es_es\/wp-json\/wp\/v2\/media?parent=5115"}],"wp:term":[{"taxonomy":"product_brand","embeddable":true,"href":"https:\/\/deportesram.cl\/es_es\/wp-json\/wp\/v2\/product_brand?post=5115"},{"taxonomy":"product_cat","embeddable":true,"href":"https:\/\/deportesram.cl\/es_es\/wp-json\/wp\/v2\/product_cat?post=5115"},{"taxonomy":"product_tag","embeddable":true,"href":"https:\/\/deportesram.cl\/es_es\/wp-json\/wp\/v2\/product_tag?post=5115"}],"curies":[{"name":"wp","href":"https:\/\/api.w.org\/{rel}","templated":true}]}}