{"id":5129,"date":"2025-03-04T11:16:49","date_gmt":"2025-03-04T14:16:49","guid":{"rendered":"https:\/\/deportesram.cl\/?post_type=product&#038;p=5129"},"modified":"2025-08-15T16:37:03","modified_gmt":"2025-08-15T20:37:03","slug":"bala-lanzamiento-pvc-120-grs-muuk","status":"publish","type":"product","link":"https:\/\/deportesram.cl\/es_es\/producto\/bala-lanzamiento-pvc-120-grs-muuk\/","title":{"rendered":"BALA LANZAMIENTO PVC 120 GRS MUUK"},"content":{"rendered":"<p><strong>La Bala de Lanzamiento Muuk 120 Grs ha sido dise\u00f1ada espec\u00edficamente para la pr\u00e1ctica inicial y primaria del lanzamiento de bala. Con un dise\u00f1o m\u00e1s ligero que la bala oficial, facilita un entrenamiento gradual, permitiendo aumentar el peso conforme se perfeccionan las t\u00e9cnicas. Ideal para quienes est\u00e1n comenzando en el atletismo o desean mejorar su precisi\u00f3n y fuerza en lanzamientos. Perfecta para estudiantes y atletas en desarrollo.<\/strong><\/p>\n<p><strong>Caracter\u00edsticas:<\/strong><\/p>\n<ul>\n<li><strong>Dise\u00f1ada para entrenamiento inicial y progresivo en lanzamiento de bala.<\/strong><\/li>\n<li><strong>M\u00e1s ligera que la bala oficial, permitiendo una pr\u00e1ctica gradual.<\/strong><\/li>\n<li><strong>Ideal para principiantes en atletismo, lanzadores j\u00f3venes y para uso escolar.<\/strong><\/li>\n<li><strong>Permite una adaptaci\u00f3n gradual al deporte.<\/strong><\/li>\n<\/ul>\n<p><strong>Deporte\/Disciplina:\u00a0Atletismo &#8211; Lanzamiento de Bala<\/strong><\/p>\n","protected":false},"excerpt":{"rendered":"<p>La Bala de Lanzamiento Muuk 120 Grs ha sido dise\u00f1ada espec\u00edficamente para la pr\u00e1ctica inicial y primaria del lanzamiento de bala. Con un dise\u00f1o m\u00e1s ligero que la bala oficial, facilita un entrenamiento gradual, permitiendo aumentar el peso conforme se perfeccionan las t\u00e9cnicas. Ideal para quienes est\u00e1n comenzando en el atletismo o desean mejorar su [&hellip;]<\/p>\n","protected":false},"featured_media":5130,"template":"","meta":[],"product_brand":[],"product_cat":[549,551],"product_tag":[],"class_list":{"0":"post-5129","1":"product","2":"type-product","3":"status-publish","4":"has-post-thumbnail","6":"product_cat-atletismo","7":"product_cat-lanzamientos","9":"first","10":"outofstock","11":"taxable","12":"shipping-taxable","13":"purchasable","14":"product-type-simple"},"wc_booster_product_categories":[{"id":549,"name":"Atletismo"},{"id":551,"name":"Lanzamientos"}],"wc_booster_product_price":"<span class=\"woocommerce-Price-amount amount\"><bdi><span class=\"woocommerce-Price-currencySymbol\">&#36;<\/span>4.990<\/bdi><\/span> <small class=\"woocommerce-price-suffix\">IVA Incluido<\/small>","wc_booster_product_rating":"","wc_booster_product_banner_img":false,"wc_booster_product_reviews":[],"wc_booster_product_stock_data":{"manage_stock":false,"total_stock":null,"sold_stock":0},"_links":{"self":[{"href":"https:\/\/deportesram.cl\/es_es\/wp-json\/wp\/v2\/product\/5129","targetHints":{"allow":["GET"]}}],"collection":[{"href":"https:\/\/deportesram.cl\/es_es\/wp-json\/wp\/v2\/product"}],"about":[{"href":"https:\/\/deportesram.cl\/es_es\/wp-json\/wp\/v2\/types\/product"}],"wp:featuredmedia":[{"embeddable":true,"href":"https:\/\/deportesram.cl\/es_es\/wp-json\/wp\/v2\/media\/5130"}],"wp:attachment":[{"href":"https:\/\/deportesram.cl\/es_es\/wp-json\/wp\/v2\/media?parent=5129"}],"wp:term":[{"taxonomy":"product_brand","embeddable":true,"href":"https:\/\/deportesram.cl\/es_es\/wp-json\/wp\/v2\/product_brand?post=5129"},{"taxonomy":"product_cat","embeddable":true,"href":"https:\/\/deportesram.cl\/es_es\/wp-json\/wp\/v2\/product_cat?post=5129"},{"taxonomy":"product_tag","embeddable":true,"href":"https:\/\/deportesram.cl\/es_es\/wp-json\/wp\/v2\/product_tag?post=5129"}],"curies":[{"name":"wp","href":"https:\/\/api.w.org\/{rel}","templated":true}]}}